{"id":3359,"date":"2023-03-02T16:18:17","date_gmt":"2023-03-02T15:18:17","guid":{"rendered":"https:\/\/orchard-house.ca\/?page_id=3359"},"modified":"2023-03-02T16:20:31","modified_gmt":"2023-03-02T15:20:31","slug":"decouverte","status":"publish","type":"page","link":"https:\/\/orchard-house.ca\/fr\/programmes\/les-ateliers-de-lapres-midi\/decouverte\/","title":{"rendered":"D\u00e9couverte"},"content":{"rendered":"<div class=\"wpb-content-wrapper\"><p>[vc_row css_animation=\u00a0\u00bb\u00a0\u00bb row_type=\u00a0\u00bbrow\u00a0\u00bb use_row_as_full_screen_section=\u00a0\u00bbno\u00a0\u00bb type=\u00a0\u00bbfull_width\u00a0\u00bb angled_section=\u00a0\u00bbno\u00a0\u00bb text_align=\u00a0\u00bbleft\u00a0\u00bb background_image_as_pattern=\u00a0\u00bbwithout_pattern\u00a0\u00bb][vc_column]<div class=\"templatera_shortcode\"><div      class=\"vc_row wpb_row section vc_row-fluid  padding160 vc_custom_1496004112556 grid_section\" style=' text-align:left;'><div class=\" section_inner clearfix\"><div class='section_inner_margin clearfix'><div class=\"intro-text wpb_column vc_column_container vc_col-sm-12\"><div class=\"vc_column-inner\"><div class=\"wpb_wrapper\">\n\t<div class=\"wpb_text_column wpb_content_element  white-text\">\n\t\t<div class=\"wpb_wrapper\">\n\t\t\t<h2 style=\"text-align: center;\">Ateliers de l'apr\u00e8s-midi<\/h2>\n\n\t\t<\/div> \n\t<\/div> \n\t<div class=\"wpb_text_column wpb_content_element  white-text\">\n\t\t<div class=\"wpb_wrapper\">\n\t\t\t<p style=\"text-align: center;\">Notre programme enrichi de l\u2019apr\u00e8s-midi compl\u00e8te les objectifs de notre programme du matin en offrant une vari\u00e9t\u00e9 d\u2019activit\u00e9s parascolaires parmi lesquelles les enfants peuvent choisir. Ces activit\u00e9s sont directement li\u00e9es aux apprentissages que fait votre enfant dans la classe Montessori et lui permettent de pratiquer toutes les habilet\u00e9s pr\u00e9sent\u00e9es de fa\u00e7on individuelle dans un environnement authentique et social. C\u2019est durant ces activit\u00e9s de l\u2019apr\u00e8s-midi que les enfants apprennent \u00e0 s\u2019adapter au rythme d\u2019un groupe.<\/p>\n<p style=\"text-align: center;\">Notre programme de l\u2019apr\u00e8s-midi propose une grande vari\u00e9t\u00e9 d\u2019activit\u00e9s en alternance qui permettent \u00e0 votre enfant d\u2019explorer de nouvelles habilet\u00e9s et de d\u00e9couvrir de nouvelles passions. Les diverses activit\u00e9s offertes par des sp\u00e9cialistes d\u2019Orchard House et d\u2019ailleurs visent le d\u00e9veloppement de l\u2019enfant dans sa globalit\u00e9, et portent une attention particuli\u00e8re sur l'\u00e9quilibre, la perspective, la merveille, la d\u00e9couverte, et l'imagination.<\/p>\n<p style=\"text-align: center;\">Cliquez ci-dessous pour d\u00e9couvrir quelques-unes des exp\u00e9riences d'apprentissage auxquelles votre enfant participera.<span style=\"color: #ffffff;\"><br \/>\n<\/span><\/p>\n\n\t\t<\/div> \n\t<\/div> <\/div><\/div><\/div><\/div><\/div><\/div><div      class=\"vc_row wpb_row section vc_row-fluid  grid_section\" style=' text-align:left;'><div class=\" section_inner clearfix\"><div class='section_inner_margin clearfix'><div class=\"wpb_column vc_column_container vc_col-sm-12\"><div class=\"vc_column-inner\"><div class=\"wpb_wrapper\">\t<div class=\"vc_empty_space\"  style=\"height: 70px\" ><span\n\t\t\tclass=\"vc_empty_space_inner\">\n\t\t\t<span class=\"empty_space_image\"  ><\/span>\n\t\t<\/span><\/div>\n\n\n\t<div class=\"wpb_video_widget wpb_content_element vc_clearfix   vc_video-aspect-ratio-169 vc_video-el-width-100 vc_video-align-left\" >\n\t\t<div class=\"wpb_wrapper\">\n\t\t\t\n\t\t\t<div class=\"wpb_video_wrapper\"><iframe loading=\"lazy\" title=\"OH afternoon activites\" src=\"https:\/\/player.vimeo.com\/video\/194674939?dnt=1&amp;app_id=122963\" width=\"500\" height=\"281\" frameborder=\"0\" allow=\"autoplay; fullscreen; picture-in-picture; clipboard-write\"><\/iframe><\/div>\n\t\t<\/div>\n\t<\/div>\n\t<div class=\"vc_empty_space\"  style=\"height: 70px\" ><span\n\t\t\tclass=\"vc_empty_space_inner\">\n\t\t\t<span class=\"empty_space_image\"  ><\/span>\n\t\t<\/span><\/div>\n\n<\/div><\/div><\/div><\/div><\/div><\/div><\/div>[\/vc_column][\/vc_row][vc_row css_animation=\u00a0\u00bb\u00a0\u00bb row_type=\u00a0\u00bbrow\u00a0\u00bb use_row_as_full_screen_section=\u00a0\u00bbno\u00a0\u00bb type=\u00a0\u00bbfull_width\u00a0\u00bb angled_section=\u00a0\u00bbno\u00a0\u00bb text_align=\u00a0\u00bbleft\u00a0\u00bb background_image_as_pattern=\u00a0\u00bbwithout_pattern\u00a0\u00bb css=\u00a0\u00bb.vc_custom_1677770310622{margin-bottom: 0px !important;padding-top: 40px !important;padding-bottom: 40px !important;background-image: url(https:\/\/orchard-house.ca\/wp-content\/uploads\/2017\/04\/bacBlue.png?id=109) !important;}\u00a0\u00bb el_id=\u00a0\u00bbdecouverte\u00a0\u00bb z_index=\u00a0\u00bb\u00a0\u00bb][vc_column][vc_empty_space height=\u00a0\u00bb20px\u00a0\u00bb][vc_column_text css=\u00a0\u00bb.vc_custom_1677769508067{padding-bottom: 30px !important;}\u00a0\u00bb el_class=\u00a0\u00bbwhite-text\u00a0\u00bb]<\/p>\n<h2 style=\"text-align: center;\">Ateliers de l\u2019apr\u00e8s-midi<\/h2>\n<h4 style=\"text-align: center;\">Cliquez pour en savoir plus<\/h4>\n<p>[\/vc_column_text][vc_row_inner row_type=\u00a0\u00bbrow\u00a0\u00bb type=\u00a0\u00bbgrid\u00a0\u00bb text_align=\u00a0\u00bbleft\u00a0\u00bb css_animation=\u00a0\u00bb\u00a0\u00bb el_class=\u00a0\u00bbaft-act-icon-holder\u00a0\u00bb css=\u00a0\u00bb.vc_custom_1677600375630{margin-top: 18px !important;}\u00a0\u00bb][vc_column_inner width=\u00a0\u00bb1\/5&Prime; offset=\u00a0\u00bbvc_col-xs-6&Prime;][vc_single_image image=\u00a0\u00bb3223&Prime; img_size=\u00a0\u00bblarge\u00a0\u00bb alignment=\u00a0\u00bbcenter\u00a0\u00bb onclick=\u00a0\u00bbcustom_link\u00a0\u00bb qode_css_animation=\u00a0\u00bb\u00a0\u00bb qode_hover_animation=\u00a0\u00bbzoom_in\u00a0\u00bb link=\u00a0\u00bbhttps:\/\/orchard-house.ca\/fr\/programmes\/les-ateliers-de-lapres-midi\/#equilibre\u00a0\u00bb][vc_column_text]<\/p>\n<h3 style=\"text-align: center;\"><a href=\"https:\/\/orchard-house.ca\/fr\/programmes\/les-ateliers-de-lapres-midi\/#equilibre\">L&rsquo;\u00e9quilibre<\/a><\/h3>\n<p>[\/vc_column_text][vc_empty_space height=\u00a0\u00bb40px\u00a0\u00bb][\/vc_column_inner][vc_column_inner width=\u00a0\u00bb1\/5&Prime; offset=\u00a0\u00bbvc_col-xs-6&Prime;][vc_single_image image=\u00a0\u00bb3229&Prime; img_size=\u00a0\u00bblarge\u00a0\u00bb alignment=\u00a0\u00bbcenter\u00a0\u00bb onclick=\u00a0\u00bbcustom_link\u00a0\u00bb qode_css_animation=\u00a0\u00bb\u00a0\u00bb qode_hover_animation=\u00a0\u00bbzoom_in\u00a0\u00bb link=\u00a0\u00bbhttps:\/\/orchard-house.ca\/fr\/programmes\/les-ateliers-de-lapres-midi\/perspective\/#perspective\u00a0\u00bb][vc_column_text]<\/p>\n<h3 style=\"text-align: center;\"><a href=\"https:\/\/orchard-house.ca\/fr\/programmes\/les-ateliers-de-lapres-midi\/perspective\/#perspective\">La perspective<\/a><\/h3>\n<p>[\/vc_column_text][vc_empty_space height=\u00a0\u00bb40px\u00a0\u00bb][\/vc_column_inner][vc_column_inner width=\u00a0\u00bb1\/5&Prime; offset=\u00a0\u00bbvc_col-xs-6&Prime;][vc_single_image image=\u00a0\u00bb3231&Prime; img_size=\u00a0\u00bblarge\u00a0\u00bb alignment=\u00a0\u00bbcenter\u00a0\u00bb onclick=\u00a0\u00bbcustom_link\u00a0\u00bb qode_css_animation=\u00a0\u00bb\u00a0\u00bb qode_hover_animation=\u00a0\u00bbzoom_in\u00a0\u00bb link=\u00a0\u00bbhttps:\/\/orchard-house.ca\/fr\/programmes\/les-ateliers-de-lapres-midi\/merveille\/#merveille\u00a0\u00bb][vc_column_text]<\/p>\n<h3 style=\"text-align: center;\"><a href=\"https:\/\/orchard-house.ca\/fr\/programmes\/les-ateliers-de-lapres-midi\/merveille\/#merveille\">La merveille<\/a><\/h3>\n<p>[\/vc_column_text][vc_empty_space height=\u00a0\u00bb40px\u00a0\u00bb][\/vc_column_inner][vc_column_inner width=\u00a0\u00bb1\/5&Prime; offset=\u00a0\u00bbvc_col-xs-6&Prime;][vc_single_image image=\u00a0\u00bb3225&Prime; img_size=\u00a0\u00bblarge\u00a0\u00bb alignment=\u00a0\u00bbcenter\u00a0\u00bb onclick=\u00a0\u00bbcustom_link\u00a0\u00bb qode_css_animation=\u00a0\u00bb\u00a0\u00bb qode_hover_animation=\u00a0\u00bbzoom_in\u00a0\u00bb link=\u00a0\u00bbhttps:\/\/orchard-house.ca\/fr\/programmes\/les-ateliers-de-lapres-midi\/decouverte\/#decouverte\u00a0\u00bb][vc_column_text el_class=\u00a0\u00bbcurrent\u00a0\u00bb]<\/p>\n<h3 style=\"text-align: center;\"><a href=\"https:\/\/orchard-house.ca\/fr\/programmes\/les-ateliers-de-lapres-midi\/decouverte\/#decouverte\">La d\u00e9couverte<\/a><\/h3>\n<p>[\/vc_column_text][vc_empty_space height=\u00a0\u00bb40px\u00a0\u00bb][\/vc_column_inner][vc_column_inner width=\u00a0\u00bb1\/5&Prime; offset=\u00a0\u00bbvc_col-xs-6&Prime;][vc_single_image image=\u00a0\u00bb3227&Prime; img_size=\u00a0\u00bblarge\u00a0\u00bb alignment=\u00a0\u00bbcenter\u00a0\u00bb onclick=\u00a0\u00bbcustom_link\u00a0\u00bb qode_css_animation=\u00a0\u00bb\u00a0\u00bb qode_hover_animation=\u00a0\u00bbzoom_in\u00a0\u00bb link=\u00a0\u00bbhttps:\/\/orchard-house.ca\/fr\/programmes\/les-ateliers-de-lapres-midi\/imagination\/#imagination\u00a0\u00bb][vc_column_text]<\/p>\n<h3 style=\"text-align: center;\"><a href=\"https:\/\/orchard-house.ca\/fr\/programmes\/les-ateliers-de-lapres-midi\/imagination\/#imagination\">L&rsquo;imagination<\/a><\/h3>\n<p>[\/vc_column_text][vc_empty_space height=\u00a0\u00bb40px\u00a0\u00bb][\/vc_column_inner][\/vc_row_inner][\/vc_column][\/vc_row][vc_row css_animation=\u00a0\u00bb\u00a0\u00bb row_type=\u00a0\u00bbrow\u00a0\u00bb use_row_as_full_screen_section=\u00a0\u00bbno\u00a0\u00bb type=\u00a0\u00bbfull_width\u00a0\u00bb angled_section=\u00a0\u00bbno\u00a0\u00bb text_align=\u00a0\u00bbleft\u00a0\u00bb background_image_as_pattern=\u00a0\u00bbwithout_pattern\u00a0\u00bb][vc_column][vc_empty_space height=\u00a0\u00bb60px\u00a0\u00bb][vc_single_image image=\u00a0\u00bb3264&Prime; img_size=\u00a0\u00bbmedium\u00a0\u00bb alignment=\u00a0\u00bbcenter\u00a0\u00bb qode_css_animation=\u00a0\u00bb\u00a0\u00bb qode_hover_animation=\u00a0\u00bbzoom_in\u00a0\u00bb el_class=\u00a0\u00bbaft-act-icon-title\u00a0\u00bb][vc_column_text el_class=\u00a0\u00bbaft-act-title\u00a0\u00bb]<\/p>\n<h2 style=\"text-align: center;\">La d\u00e9couverte<\/h2>\n<h3 style=\"text-align: center;\">La r\u00e9solution de probl\u00e8mes pour enrichir l&rsquo;esprit.<\/h3>\n<p>[\/vc_column_text][vc_empty_space height=\u00a0\u00bb64px\u00a0\u00bb][vc_row_inner row_type=\u00a0\u00bbrow\u00a0\u00bb type=\u00a0\u00bbgrid\u00a0\u00bb text_align=\u00a0\u00bbleft\u00a0\u00bb css_animation=\u00a0\u00bb\u00a0\u00bb css=\u00a0\u00bb.vc_custom_1677600847548{margin-bottom: 32px !important;}\u00a0\u00bb][vc_column_inner width=\u00a0\u00bb1\/2&Prime; offset=\u00a0\u00bbvc_col-lg-6 vc_col-md-6 vc_col-xs-12&Prime;][vc_column_text]<\/p>\n<h3>Architectes en herbe<\/h3>\n<p>Dans cette classe, nos architectes en herbe ont la possibilit\u00e9 de concevoir, planifier et cr\u00e9er des structures et des b\u00e2timents, des maisons et des villes. Avec des sujets qui incluent des v\u00e9hicules de construction, des monuments c\u00e9l\u00e8bres et des outils, les enfants et leurs camarades de classe cr\u00e9ent des innovations originales en utilisant une vari\u00e9t\u00e9 de mat\u00e9riaux de construction \u00e0 port\u00e9e de main. Dans ce processus collaboratif, ils exercent leur conscience spatiale et leur raisonnement spatial, et exp\u00e9rimentent leur compr\u00e9hension de la mesure et de la g\u00e9om\u00e9trie.<\/p>\n<h3>Tinker Lab<\/h3>\n<p>Suscitant des moments d\u2019\u00e9merveillement et de d\u00e9couverte, tinker play consiste \u00e0 comprendre comment les choses fonctionnent, comment les assembler et comment les d\u00e9monter. Le Tinker Lab est le cadre id\u00e9al pour une exploration ludique, invitant les jeunes esprits curieux \u00e0 exp\u00e9rimenter de nouveaux outils et de nouveaux mat\u00e9riaux, et \u00e0 envisager d\u2019utiliser des objets sp\u00e9cifiques de diff\u00e9rentes mani\u00e8res. Cet exemple de maker education est \u00e9troitement associ\u00e9 \u00e0 l\u2019apprentissage bas\u00e9 sur des projets STEM qui s\u2019appuie sur des exp\u00e9riences d\u2019apprentissage pratiques et collaboratives comme m\u00e9thode de r\u00e9solution de probl\u00e8mes.<\/p>\n<h3>Introduction au codage<\/h3>\n<p>En grandissant dans un monde num\u00e9rique, le codage est devenu une comp\u00e9tence essentielle. Nos enfants-codeurs commenceront par des jeux de soci\u00e9t\u00e9 sp\u00e9ciaux pour apprendre les principes de base du codage, la pens\u00e9e informatique et la r\u00e9solution de probl\u00e8mes, avant de passer \u00e0 Awbie d\u2019Osmo. Gr\u00e2ce \u00e0 de telles activit\u00e9s, nos aspirants codeurs renforcent leur sens du nombre, exercent leur compr\u00e9hension du sens de la direction, apprennent \u00e0 suivre des instructions en plusieurs \u00e9tapes et explorent les concepts interd\u00e9pendants de mouvement et de localisation.[\/vc_column_text][\/vc_column_inner][vc_column_inner width=\u00a0\u00bb1\/2&Prime;][vc_column_text]<\/p>\n<h3>Petits bricoleurs, gros blocs<\/h3>\n<p>Les Gros Blocs Bleus de l&rsquo;Imagination Playground log\u00e9s dans notre gymnase d\u2019Orchard House offrent une grande vari\u00e9t\u00e9 de pi\u00e8ces d\u00e9tach\u00e9es, y compris des cubes, des briques, des courbes et des cylindres. Les blocs ont des trous et des formes qui s&#8217;embo\u00eetent de mani\u00e8re \u00e0 permettre la construction, l&#8217;empilement, la canalisation et la connexion. Gr\u00e2ce \u00e0 des activit\u00e9s et des d\u00e9fis guid\u00e9s par l\u2019\u00e9ducatrice, nos Petits Bricoleurs planifient, collaborent et r\u00e9solvent des probl\u00e8mes ensemble. Fid\u00e8les \u00e0 leur nom, ces Gros Blocs combinent tous les avantages du jeu de blocs \u00e0 une \u00e9chelle plus grande que nature.<\/p>\n<h3>La chimie alimentaire<\/h3>\n<p>Qu&rsquo;obtenez-vous lorsque vous fusionnez la cuisine des petits chefs d&rsquo;Orchard House avec notre labo STEM ? Une chimie alimentaire! Ici, nous repla\u00e7ons nos tabliers par nos sarraus alors que nous exp\u00e9rimentons avec des ingr\u00e9dients de cuisine de tous les jours pour apprendre des concepts chimiques simples, et nous \u00e9tudions la science fondamentale derri\u00e8re les activit\u00e9s de cuisine telles que le chauffage, l&rsquo;\u00e9bullition, la cong\u00e9lation et le m\u00e9lange.<\/p>\n<h3>Club de Lego<\/h3>\n<p>La cr\u00e9ativit\u00e9, la pens\u00e9e critique, la r\u00e9solution de probl\u00e8me et le d\u00e9veloppement moteur sont que quelques aspects que les enfants pourront am\u00e9liorer en participant au club de Lego. Depuis 1940, Lego est devenu un des jeux \u00e9ducatifs le plus populaire. Chaque semaine, les enfants exploreront une nouvelle activit\u00e9 telle la cr\u00e9ation d\u2019un gratte-ciel ou la fabrication d\u2019une grue fonctionnelle.[\/vc_column_text][\/vc_column_inner][\/vc_row_inner][\/vc_column][\/vc_row][vc_row css_animation=\u00a0\u00bb\u00a0\u00bb row_type=\u00a0\u00bbrow\u00a0\u00bb use_row_as_full_screen_section=\u00a0\u00bbno\u00a0\u00bb type=\u00a0\u00bbfull_width\u00a0\u00bb angled_section=\u00a0\u00bbno\u00a0\u00bb text_align=\u00a0\u00bbcenter\u00a0\u00bb background_image_as_pattern=\u00a0\u00bbwithout_pattern\u00a0\u00bb][vc_column][vc_empty_space][vc_gallery type=\u00a0\u00bbimage_grid\u00a0\u00bb images=\u00a0\u00bb1200,1202,1203,1206,1207,1208,1209,1211,1212,1213,1215,1216,1217,1218,1219,1220,1222,1223,1224,1225,1226,1227,1228,1229,1230,1231,1232,1233,1234,1235,1237,1239&Prime; img_size=\u00a0\u00bbmedium\u00a0\u00bb column_number=\u00a0\u00bb4&Prime; grayscale=\u00a0\u00bbno\u00a0\u00bb images_space=\u00a0\u00bbgallery_without_space\u00a0\u00bb][\/vc_column][\/vc_row]<\/p>\n<\/div>","protected":false},"excerpt":{"rendered":"Ateliers de l'apr\u00e8s-midi Notre programme enrichi de l\u2019apr\u00e8s-midi compl\u00e8te les objectifs de notre programme du matin en offrant une vari\u00e9t\u00e9 d\u2019activit\u00e9s parascolaires parmi...","protected":false},"author":1,"featured_media":0,"parent":2475,"menu_order":0,"comment_status":"closed","ping_status":"closed","template":"full_width.php","meta":{"footnotes":""},"class_list":["post-3359","page","type-page","status-publish","hentry"],"_links":{"self":[{"href":"https:\/\/orchard-house.ca\/fr\/wp-json\/wp\/v2\/pages\/3359","targetHints":{"allow":["GET"]}}],"collection":[{"href":"https:\/\/orchard-house.ca\/fr\/wp-json\/wp\/v2\/pages"}],"about":[{"href":"https:\/\/orchard-house.ca\/fr\/wp-json\/wp\/v2\/types\/page"}],"author":[{"embeddable":true,"href":"https:\/\/orchard-house.ca\/fr\/wp-json\/wp\/v2\/users\/1"}],"replies":[{"embeddable":true,"href":"https:\/\/orchard-house.ca\/fr\/wp-json\/wp\/v2\/comments?post=3359"}],"version-history":[{"count":3,"href":"https:\/\/orchard-house.ca\/fr\/wp-json\/wp\/v2\/pages\/3359\/revisions"}],"predecessor-version":[{"id":3362,"href":"https:\/\/orchard-house.ca\/fr\/wp-json\/wp\/v2\/pages\/3359\/revisions\/3362"}],"up":[{"embeddable":true,"href":"https:\/\/orchard-house.ca\/fr\/wp-json\/wp\/v2\/pages\/2475"}],"wp:attachment":[{"href":"https:\/\/orchard-house.ca\/fr\/wp-json\/wp\/v2\/media?parent=3359"}],"curies":[{"name":"wp","href":"https:\/\/api.w.org\/{rel}","templated":true}]}}