{"id":3345,"date":"2023-03-02T16:01:38","date_gmt":"2023-03-02T15:01:38","guid":{"rendered":"https:\/\/orchard-house.ca\/?page_id=3345"},"modified":"2023-10-12T12:07:33","modified_gmt":"2023-10-12T10:07:33","slug":"perspective","status":"publish","type":"page","link":"https:\/\/orchard-house.ca\/fr\/programmes\/les-ateliers-de-lapres-midi\/perspective\/","title":{"rendered":"La perspective"},"content":{"rendered":"<div class=\"wpb-content-wrapper\"><p>[vc_row css_animation=\u00a0\u00bb\u00a0\u00bb row_type=\u00a0\u00bbrow\u00a0\u00bb use_row_as_full_screen_section=\u00a0\u00bbno\u00a0\u00bb type=\u00a0\u00bbfull_width\u00a0\u00bb angled_section=\u00a0\u00bbno\u00a0\u00bb text_align=\u00a0\u00bbleft\u00a0\u00bb background_image_as_pattern=\u00a0\u00bbwithout_pattern\u00a0\u00bb][vc_column]<div class=\"templatera_shortcode\"><div      class=\"vc_row wpb_row section vc_row-fluid  padding160 vc_custom_1496004112556 grid_section\" style=' text-align:left;'><div class=\" section_inner clearfix\"><div class='section_inner_margin clearfix'><div class=\"intro-text wpb_column vc_column_container vc_col-sm-12\"><div class=\"vc_column-inner\"><div class=\"wpb_wrapper\">\n\t<div class=\"wpb_text_column wpb_content_element  white-text\">\n\t\t<div class=\"wpb_wrapper\">\n\t\t\t<h2 style=\"text-align: center;\">Ateliers de l'apr\u00e8s-midi<\/h2>\n\n\t\t<\/div> \n\t<\/div> \n\t<div class=\"wpb_text_column wpb_content_element  white-text\">\n\t\t<div class=\"wpb_wrapper\">\n\t\t\t<p style=\"text-align: center;\">Notre programme enrichi de l\u2019apr\u00e8s-midi compl\u00e8te les objectifs de notre programme du matin en offrant une vari\u00e9t\u00e9 d\u2019activit\u00e9s parascolaires parmi lesquelles les enfants peuvent choisir. Ces activit\u00e9s sont directement li\u00e9es aux apprentissages que fait votre enfant dans la classe Montessori et lui permettent de pratiquer toutes les habilet\u00e9s pr\u00e9sent\u00e9es de fa\u00e7on individuelle dans un environnement authentique et social. C\u2019est durant ces activit\u00e9s de l\u2019apr\u00e8s-midi que les enfants apprennent \u00e0 s\u2019adapter au rythme d\u2019un groupe.<\/p>\n<p style=\"text-align: center;\">Notre programme de l\u2019apr\u00e8s-midi propose une grande vari\u00e9t\u00e9 d\u2019activit\u00e9s en alternance qui permettent \u00e0 votre enfant d\u2019explorer de nouvelles habilet\u00e9s et de d\u00e9couvrir de nouvelles passions. Les diverses activit\u00e9s offertes par des sp\u00e9cialistes d\u2019Orchard House et d\u2019ailleurs visent le d\u00e9veloppement de l\u2019enfant dans sa globalit\u00e9, et portent une attention particuli\u00e8re sur l'\u00e9quilibre, la perspective, la merveille, la d\u00e9couverte, et l'imagination.<\/p>\n<p style=\"text-align: center;\">Cliquez ci-dessous pour d\u00e9couvrir quelques-unes des exp\u00e9riences d'apprentissage auxquelles votre enfant participera.<span style=\"color: #ffffff;\"><br \/>\n<\/span><\/p>\n\n\t\t<\/div> \n\t<\/div> <\/div><\/div><\/div><\/div><\/div><\/div><div      class=\"vc_row wpb_row section vc_row-fluid  grid_section\" style=' text-align:left;'><div class=\" section_inner clearfix\"><div class='section_inner_margin clearfix'><div class=\"wpb_column vc_column_container vc_col-sm-12\"><div class=\"vc_column-inner\"><div class=\"wpb_wrapper\">\t<div class=\"vc_empty_space\"  style=\"height: 70px\" ><span\n\t\t\tclass=\"vc_empty_space_inner\">\n\t\t\t<span class=\"empty_space_image\"  ><\/span>\n\t\t<\/span><\/div>\n\n\n\t<div class=\"wpb_video_widget wpb_content_element vc_clearfix   vc_video-aspect-ratio-169 vc_video-el-width-100 vc_video-align-left\" >\n\t\t<div class=\"wpb_wrapper\">\n\t\t\t\n\t\t\t<div class=\"wpb_video_wrapper\"><iframe loading=\"lazy\" title=\"OH afternoon activites\" src=\"https:\/\/player.vimeo.com\/video\/194674939?dnt=1&amp;app_id=122963\" width=\"500\" height=\"281\" frameborder=\"0\" allow=\"autoplay; fullscreen; picture-in-picture; clipboard-write\"><\/iframe><\/div>\n\t\t<\/div>\n\t<\/div>\n\t<div class=\"vc_empty_space\"  style=\"height: 70px\" ><span\n\t\t\tclass=\"vc_empty_space_inner\">\n\t\t\t<span class=\"empty_space_image\"  ><\/span>\n\t\t<\/span><\/div>\n\n<\/div><\/div><\/div><\/div><\/div><\/div><\/div>[\/vc_column][\/vc_row][vc_row css_animation=\u00a0\u00bb\u00a0\u00bb row_type=\u00a0\u00bbrow\u00a0\u00bb use_row_as_full_screen_section=\u00a0\u00bbno\u00a0\u00bb type=\u00a0\u00bbfull_width\u00a0\u00bb angled_section=\u00a0\u00bbno\u00a0\u00bb text_align=\u00a0\u00bbleft\u00a0\u00bb background_image_as_pattern=\u00a0\u00bbwithout_pattern\u00a0\u00bb css=\u00a0\u00bb.vc_custom_1677600560925{margin-bottom: 0px !important;padding-top: 40px !important;padding-bottom: 40px !important;background-image: url(https:\/\/orchard-house.ca\/wp-content\/uploads\/2017\/04\/bacBlue.png?id=109) !important;}\u00a0\u00bb el_id=\u00a0\u00bbperspective\u00a0\u00bb z_index=\u00a0\u00bb\u00a0\u00bb][vc_column][vc_empty_space height=\u00a0\u00bb20px\u00a0\u00bb][vc_column_text css=\u00a0\u00bb.vc_custom_1677769508067{padding-bottom: 30px !important;}\u00a0\u00bb el_class=\u00a0\u00bbwhite-text\u00a0\u00bb]<\/p>\n<h2 style=\"text-align: center;\">Ateliers de l\u2019apr\u00e8s-midi<\/h2>\n<h4 style=\"text-align: center;\">Cliquez pour en savoir plus<\/h4>\n<p>[\/vc_column_text][vc_row_inner row_type=\u00a0\u00bbrow\u00a0\u00bb type=\u00a0\u00bbgrid\u00a0\u00bb text_align=\u00a0\u00bbleft\u00a0\u00bb css_animation=\u00a0\u00bb\u00a0\u00bb el_class=\u00a0\u00bbaft-act-icon-holder\u00a0\u00bb css=\u00a0\u00bb.vc_custom_1677600375630{margin-top: 18px !important;}\u00a0\u00bb][vc_column_inner width=\u00a0\u00bb1\/5&Prime; offset=\u00a0\u00bbvc_col-xs-6&Prime;][vc_single_image image=\u00a0\u00bb3223&Prime; img_size=\u00a0\u00bblarge\u00a0\u00bb alignment=\u00a0\u00bbcenter\u00a0\u00bb onclick=\u00a0\u00bbcustom_link\u00a0\u00bb qode_css_animation=\u00a0\u00bb\u00a0\u00bb qode_hover_animation=\u00a0\u00bbzoom_in\u00a0\u00bb link=\u00a0\u00bbhttps:\/\/orchard-house.ca\/fr\/programmes\/les-ateliers-de-lapres-midi\/#equilibre\u00a0\u00bb][vc_column_text]<\/p>\n<h3 style=\"text-align: center;\"><a href=\"https:\/\/orchard-house.ca\/fr\/programmes\/les-ateliers-de-lapres-midi\/#equilibre\">L&rsquo;\u00e9quilibre<\/a><\/h3>\n<p>[\/vc_column_text][vc_empty_space height=\u00a0\u00bb40px\u00a0\u00bb][\/vc_column_inner][vc_column_inner width=\u00a0\u00bb1\/5&Prime; offset=\u00a0\u00bbvc_col-xs-6&Prime;][vc_single_image image=\u00a0\u00bb3229&Prime; img_size=\u00a0\u00bblarge\u00a0\u00bb alignment=\u00a0\u00bbcenter\u00a0\u00bb onclick=\u00a0\u00bbcustom_link\u00a0\u00bb qode_css_animation=\u00a0\u00bb\u00a0\u00bb qode_hover_animation=\u00a0\u00bbzoom_in\u00a0\u00bb link=\u00a0\u00bbhttps:\/\/orchard-house.ca\/fr\/programmes\/les-ateliers-de-lapres-midi\/perspective\/#perspective\u00a0\u00bb][vc_column_text el_class=\u00a0\u00bbcurrent\u00a0\u00bb]<\/p>\n<h3 style=\"text-align: center;\"><a href=\"https:\/\/orchard-house.ca\/fr\/programmes\/les-ateliers-de-lapres-midi\/perspective\/#perspective\">La perspective<\/a><\/h3>\n<p>[\/vc_column_text][vc_empty_space height=\u00a0\u00bb40px\u00a0\u00bb][\/vc_column_inner][vc_column_inner width=\u00a0\u00bb1\/5&Prime; offset=\u00a0\u00bbvc_col-xs-6&Prime;][vc_single_image image=\u00a0\u00bb3231&Prime; img_size=\u00a0\u00bblarge\u00a0\u00bb alignment=\u00a0\u00bbcenter\u00a0\u00bb onclick=\u00a0\u00bbcustom_link\u00a0\u00bb qode_css_animation=\u00a0\u00bb\u00a0\u00bb qode_hover_animation=\u00a0\u00bbzoom_in\u00a0\u00bb link=\u00a0\u00bbhttps:\/\/orchard-house.ca\/fr\/programmes\/les-ateliers-de-lapres-midi\/merveille\/#merveille\u00a0\u00bb][vc_column_text]<\/p>\n<h3 style=\"text-align: center;\"><a href=\"https:\/\/orchard-house.ca\/fr\/programmes\/les-ateliers-de-lapres-midi\/merveille\/#merveille\">La merveille<\/a><\/h3>\n<p>[\/vc_column_text][vc_empty_space height=\u00a0\u00bb40px\u00a0\u00bb][\/vc_column_inner][vc_column_inner width=\u00a0\u00bb1\/5&Prime; offset=\u00a0\u00bbvc_col-xs-6&Prime;][vc_single_image image=\u00a0\u00bb3225&Prime; img_size=\u00a0\u00bblarge\u00a0\u00bb alignment=\u00a0\u00bbcenter\u00a0\u00bb onclick=\u00a0\u00bbcustom_link\u00a0\u00bb qode_css_animation=\u00a0\u00bb\u00a0\u00bb qode_hover_animation=\u00a0\u00bbzoom_in\u00a0\u00bb link=\u00a0\u00bbhttps:\/\/orchard-house.ca\/fr\/programmes\/les-ateliers-de-lapres-midi\/decouverte\/#decouverte\u00a0\u00bb][vc_column_text]<\/p>\n<h3 style=\"text-align: center;\"><a href=\"https:\/\/orchard-house.ca\/fr\/programmes\/les-ateliers-de-lapres-midi\/decouverte\/#decouverte\">La d\u00e9couverte<\/a><\/h3>\n<p>[\/vc_column_text][vc_empty_space height=\u00a0\u00bb40px\u00a0\u00bb][\/vc_column_inner][vc_column_inner width=\u00a0\u00bb1\/5&Prime; offset=\u00a0\u00bbvc_col-xs-6&Prime;][vc_single_image image=\u00a0\u00bb3227&Prime; img_size=\u00a0\u00bblarge\u00a0\u00bb alignment=\u00a0\u00bbcenter\u00a0\u00bb onclick=\u00a0\u00bbcustom_link\u00a0\u00bb qode_css_animation=\u00a0\u00bb\u00a0\u00bb qode_hover_animation=\u00a0\u00bbzoom_in\u00a0\u00bb link=\u00a0\u00bbhttps:\/\/orchard-house.ca\/fr\/programmes\/les-ateliers-de-lapres-midi\/imagination\/#imagination\u00a0\u00bb][vc_column_text]<\/p>\n<h3 style=\"text-align: center;\"><a href=\"https:\/\/orchard-house.ca\/fr\/programmes\/les-ateliers-de-lapres-midi\/imagination\/#imagination\">L&rsquo;imagination<\/a><\/h3>\n<p>[\/vc_column_text][vc_empty_space height=\u00a0\u00bb40px\u00a0\u00bb][\/vc_column_inner][\/vc_row_inner][\/vc_column][\/vc_row][vc_row css_animation=\u00a0\u00bb\u00a0\u00bb row_type=\u00a0\u00bbrow\u00a0\u00bb use_row_as_full_screen_section=\u00a0\u00bbno\u00a0\u00bb type=\u00a0\u00bbfull_width\u00a0\u00bb angled_section=\u00a0\u00bbno\u00a0\u00bb text_align=\u00a0\u00bbleft\u00a0\u00bb background_image_as_pattern=\u00a0\u00bbwithout_pattern\u00a0\u00bb][vc_column][vc_empty_space height=\u00a0\u00bb60px\u00a0\u00bb][vc_single_image image=\u00a0\u00bb3267&Prime; img_size=\u00a0\u00bbmedium\u00a0\u00bb alignment=\u00a0\u00bbcenter\u00a0\u00bb qode_css_animation=\u00a0\u00bb\u00a0\u00bb qode_hover_animation=\u00a0\u00bbzoom_in\u00a0\u00bb el_class=\u00a0\u00bbaft-act-icon-title\u00a0\u00bb][vc_column_text el_class=\u00a0\u00bbaft-act-title\u00a0\u00bb]<\/p>\n<h2 style=\"text-align: center;\">La perspective<\/h2>\n<h3 style=\"text-align: center;\">\u00c9largir nos horizons culturels et se lancer dans un voyage de d\u00e9couverte.<\/h3>\n<p>[\/vc_column_text][vc_empty_space height=\u00a0\u00bb64px\u00a0\u00bb][vc_row_inner row_type=\u00a0\u00bbrow\u00a0\u00bb type=\u00a0\u00bbgrid\u00a0\u00bb text_align=\u00a0\u00bbleft\u00a0\u00bb css_animation=\u00a0\u00bb\u00a0\u00bb css=\u00a0\u00bb.vc_custom_1677600847548{margin-bottom: 32px !important;}\u00a0\u00bb][vc_column_inner width=\u00a0\u00bb1\/2&Prime; offset=\u00a0\u00bbvc_col-lg-6 vc_col-md-6 vc_col-xs-12&Prime;][vc_column_text]<\/p>\n<h3>Les petits ma\u00eetres<\/h3>\n<p>Sensei Meghan de Tsuyosa Karate apporte ses connaissances et sa sagesse pour enseigner \u00e0 nos petits ninjas les principes de l\u2019est et les techniques de base des arts martiaux, ainsi que l\u2019art de la m\u00e9ditation. Cette classe de karat\u00e9 renforce la confiance en soi, d\u00e9veloppe le respect, augmente la discipline mentale et favorise les capacit\u00e9s \u00e0 diriger. Le programme vise \u00e0 construire une base solide dans les comp\u00e9tences martiales et constitue une excellente introduction \u00e0 tout futur programme d\u2019arts martiaux.<\/p>\n<h3>Passeport pour la d\u00e9couverte<\/h3>\n<p>Bienvenue au \u00ab Passeport pour la d\u00e9couverte \u00bb , une s\u00e9rie d&rsquo;activit\u00e9s captivantes qui invitent nos jeunes explorateurs \u00e0 se lancer dans une aventure autour du monde \u00e0 travers la science. Chaque s\u00e9ance est une exp\u00e9dition de d\u00e9couverte, mettant l&rsquo;accent sur un nouveau pays ou une nouvelle r\u00e9gion ainsi que ses tr\u00e9sors culturels uniques. Les activit\u00e9s incluent une introduction aux volcans de boue de l&rsquo;Azerba\u00efdjan, et une exploration du sirop d&rsquo;\u00e9rable du Canada!<\/p>\n<h3>Le go\u00fbt du voyage<\/h3>\n<p>La plupart des cultures retrouvent le plaisir de s&rsquo;asseoir ensemble pour partager un bon repas. Le go\u00fbt du voyage s&rsquo;appuie sur cette coutume et am\u00e8ne le tourisme gastronomique \u00e0 la table d&rsquo;Orchard House. Ici, nos jeunes chefs se lancent dans un voyage d&rsquo;exploration culinaire en pr\u00e9parant et en d\u00e9gustant des ingr\u00e9dients et des recettes des quatre coins du monde. Apr\u00e8s tout, \u00ab\u00a0il faut go\u00fbter \u00e0 une culture pour mieux la comprendre\u00a0\u00bb.[\/vc_column_text][\/vc_column_inner][vc_column_inner width=\u00a0\u00bb1\/2&Prime;][vc_column_text]<\/p>\n<h3>Petits voyageurs<\/h3>\n<p>Ce programme invite les enfants \u00e0 explorer de nouveaux horizons gr\u00e2ce \u00e0 la magie des livres. Nos petits voyageurs d\u00e9couvriront les diff\u00e9rents continents et exploreront les diff\u00e9rents pays du monde. Ils parcourront le monde dans le but de se familiariser avec les langues, les paysages et les cultures, et de mieux comprendre comment nos amis dans d&rsquo;autres parties du monde vivent, travaillent et s&rsquo;amusent.<\/p>\n<h3>Donner au suivant<\/h3>\n<p>Dans le but de promouvoir l\u2019empathie, d\u2019accro\u00eetre la conscience sociale et de favoriser la compr\u00e9hension du point de vue des autres, les enfants de cette classe ont l\u2019occasion de \u00ab donner au suivant \u00bb. En soutenant les initiatives de collecte de fonds des \u00e9coles et d\u2019autres \u00e9v\u00e9nements li\u00e9s \u00e0 la communaut\u00e9, les enfants participent \u00e0 des projets de classe en ex\u00e9cutant des gestes r\u00e9fl\u00e9chis pour les autres. Quelle importante comp\u00e9tence sociale fondamentale pour notre prochaine g\u00e9n\u00e9ration ![\/vc_column_text][\/vc_column_inner][\/vc_row_inner][\/vc_column][\/vc_row][vc_row css_animation=\u00a0\u00bb\u00a0\u00bb row_type=\u00a0\u00bbrow\u00a0\u00bb use_row_as_full_screen_section=\u00a0\u00bbno\u00a0\u00bb type=\u00a0\u00bbfull_width\u00a0\u00bb angled_section=\u00a0\u00bbno\u00a0\u00bb text_align=\u00a0\u00bbcenter\u00a0\u00bb background_image_as_pattern=\u00a0\u00bbwithout_pattern\u00a0\u00bb][vc_column][vc_empty_space][vc_gallery type=\u00a0\u00bbimage_grid\u00a0\u00bb images=\u00a0\u00bb1200,1202,1203,1206,1207,1208,1209,1211,1212,1213,1215,1216,1217,1218,1219,1220,1222,1223,1224,1225,1226,1227,1228,1229,1230,1231,1232,1233,1234,1235,1237,1239&Prime; img_size=\u00a0\u00bbmedium\u00a0\u00bb column_number=\u00a0\u00bb4&Prime; grayscale=\u00a0\u00bbno\u00a0\u00bb images_space=\u00a0\u00bbgallery_without_space\u00a0\u00bb][\/vc_column][\/vc_row]<\/p>\n<\/div>","protected":false},"excerpt":{"rendered":"Ateliers de l'apr\u00e8s-midi Notre programme enrichi de l\u2019apr\u00e8s-midi compl\u00e8te les objectifs de notre programme du matin en offrant une vari\u00e9t\u00e9 d\u2019activit\u00e9s parascolaires parmi...","protected":false},"author":1,"featured_media":0,"parent":2475,"menu_order":0,"comment_status":"closed","ping_status":"closed","template":"full_width.php","meta":{"footnotes":""},"class_list":["post-3345","page","type-page","status-publish","hentry"],"_links":{"self":[{"href":"https:\/\/orchard-house.ca\/fr\/wp-json\/wp\/v2\/pages\/3345","targetHints":{"allow":["GET"]}}],"collection":[{"href":"https:\/\/orchard-house.ca\/fr\/wp-json\/wp\/v2\/pages"}],"about":[{"href":"https:\/\/orchard-house.ca\/fr\/wp-json\/wp\/v2\/types\/page"}],"author":[{"embeddable":true,"href":"https:\/\/orchard-house.ca\/fr\/wp-json\/wp\/v2\/users\/1"}],"replies":[{"embeddable":true,"href":"https:\/\/orchard-house.ca\/fr\/wp-json\/wp\/v2\/comments?post=3345"}],"version-history":[{"count":11,"href":"https:\/\/orchard-house.ca\/fr\/wp-json\/wp\/v2\/pages\/3345\/revisions"}],"predecessor-version":[{"id":3488,"href":"https:\/\/orchard-house.ca\/fr\/wp-json\/wp\/v2\/pages\/3345\/revisions\/3488"}],"up":[{"embeddable":true,"href":"https:\/\/orchard-house.ca\/fr\/wp-json\/wp\/v2\/pages\/2475"}],"wp:attachment":[{"href":"https:\/\/orchard-house.ca\/fr\/wp-json\/wp\/v2\/media?parent=3345"}],"curies":[{"name":"wp","href":"https:\/\/api.w.org\/{rel}","templated":true}]}}