{"id":3218,"date":"2023-02-28T16:12:04","date_gmt":"2023-02-28T15:12:04","guid":{"rendered":"https:\/\/orchard-house.ca\/?page_id=3218"},"modified":"2023-03-04T22:11:30","modified_gmt":"2023-03-04T21:11:30","slug":"qui-nous-sommes","status":"publish","type":"page","link":"https:\/\/orchard-house.ca\/fr\/notre-maison\/qui-nous-sommes\/","title":{"rendered":"Qui nous sommes"},"content":{"rendered":"<div class=\"wpb-content-wrapper\"><p>[vc_row css_animation=\u00a0\u00bb\u00a0\u00bb row_type=\u00a0\u00bbrow\u00a0\u00bb use_row_as_full_screen_section=\u00a0\u00bbno\u00a0\u00bb type=\u00a0\u00bbfull_width\u00a0\u00bb angled_section=\u00a0\u00bbno\u00a0\u00bb text_align=\u00a0\u00bbleft\u00a0\u00bb background_image_as_pattern=\u00a0\u00bbwithout_pattern\u00a0\u00bb][vc_column offset=\u00a0\u00bbvc_hidden-sm vc_hidden-xs\u00a0\u00bb]\n\t\t\t<!-- START Qui nous sommes REVOLUTION SLIDER 6.5.9 --><p class=\"rs-p-wp-fix\"><\/p>\n\t\t\t<rs-module-wrap id=\"rev_slider_52_1_wrapper\" data-source=\"gallery\" style=\"visibility:hidden;background:transparent;padding:0;background-image:url(https:\/\/orchard-house.ca\/wp-content\/uploads\/2018\/09\/slide-home-darker.jpg);background-repeat:no-repeat;background-size:cover;background-position:center center;\">\n\t\t\t\t<rs-module id=\"rev_slider_52_1\" style=\"\" data-version=\"6.5.9\">\n\t\t\t\t\t<rs-slides>\n\t\t\t\t\t\t<rs-slide style=\"position: absolute;\" data-key=\"rs-128\" data-title=\"Slide\" data-in=\"o:0;\" data-out=\"a:false;\">\n\t\t\t\t\t\t\t<img decoding=\"async\" src=\"\/\/orchard-house.ca\/wp-content\/plugins\/revslider\/public\/assets\/assets\/dummy.png\" title=\"Qui nous sommes\" class=\"rev-slidebg tp-rs-img rs-lazyload\" data-lazyload=\"\/\/orchard-house.ca\/wp-content\/uploads\/2018\/09\/slide-home-darker.jpg\" data-bg=\"p:50% 140%;\" data-no-retina>\n<!--\n\t\t\t\t\t\t\t--><rs-layer\n\t\t\t\t\t\t\t\tid=\"slider-52-slide-128-layer-1\" \n\t\t\t\t\t\t\t\tdata-type=\"image\"\n\t\t\t\t\t\t\t\tdata-rsp_ch=\"on\"\n\t\t\t\t\t\t\t\tdata-xy=\"x:c;y:c;\"\n\t\t\t\t\t\t\t\tdata-text=\"l:22;a:inherit;\"\n\t\t\t\t\t\t\t\tdata-dim=\"w:260px;h:356px;\"\n\t\t\t\t\t\t\t\tdata-frame_999=\"o:0;st:w;sR:3700;\"\n\t\t\t\t\t\t\t\tstyle=\"z-index:5;\"\n\t\t\t\t\t\t\t><img loading=\"lazy\" decoding=\"async\" src=\"\/\/orchard-house.ca\/wp-content\/plugins\/revslider\/public\/assets\/assets\/dummy.png\" class=\"tp-rs-img rs-lazyload\" width=\"260\" height=\"356\" data-lazyload=\"\/\/orchard-house.ca\/wp-content\/uploads\/2017\/05\/borderLogo.png\" data-no-retina> \n\t\t\t\t\t\t\t<\/rs-layer><!--\n\n\t\t\t\t\t\t\t--><rs-layer\n\t\t\t\t\t\t\t\tid=\"slider-52-slide-128-layer-2\" \n\t\t\t\t\t\t\t\tdata-type=\"text\"\n\t\t\t\t\t\t\t\tdata-color=\"rgba(255,255,255,1)\"\n\t\t\t\t\t\t\t\tdata-rsp_ch=\"on\"\n\t\t\t\t\t\t\t\tdata-xy=\"x:c;y:c;\"\n\t\t\t\t\t\t\t\tdata-text=\"s:80;l:78;a:inherit;\"\n\t\t\t\t\t\t\t\tdata-frame_999=\"o:0;st:w;sR:3700;\"\n\t\t\t\t\t\t\t\tstyle=\"z-index:6;font-family:'Arvo';\"\n\t\t\t\t\t\t\t>Qui nous sommes \n\t\t\t\t\t\t\t<\/rs-layer><!--\n\n\t\t\t\t\t\t\t--><rs-layer\n\t\t\t\t\t\t\t\tid=\"slider-52-slide-128-layer-3\" \n\t\t\t\t\t\t\t\tdata-type=\"text\"\n\t\t\t\t\t\t\t\tdata-color=\"rgba(255,255,255,1)\"\n\t\t\t\t\t\t\t\tdata-rsp_ch=\"on\"\n\t\t\t\t\t\t\t\tdata-xy=\"x:c;xo:2px;y:b;\"\n\t\t\t\t\t\t\t\tdata-text=\"w:normal;s:25;l:30;a:center;\"\n\t\t\t\t\t\t\t\tdata-dim=\"w:100%;\"\n\t\t\t\t\t\t\t\tdata-basealign=\"slide\"\n\t\t\t\t\t\t\t\tdata-padding=\"t:25;b:20;\"\n\t\t\t\t\t\t\t\tdata-frame_999=\"o:0;st:w;sR:3700;\"\n\t\t\t\t\t\t\t\tstyle=\"z-index:7;background-color:rgba(193,215,46,1);font-family:'Arvo';\"\n\t\t\t\t\t\t\t>La plus grande marque de succ\u00e8s pour un professeur\u2026 est de pouvoir dire<br\/>\n\u00ab\u00a0les enfants travaillent comme si je n\u2019existais pas\u00a0\u00bb<br\/>\n<span class=\"name-slide\">\u2014 D<sup>re<\/sup> Maria Montessori<\/span> \n\t\t\t\t\t\t\t<\/rs-layer><!--\n-->\t\t\t\t\t\t<\/rs-slide>\n\t\t\t\t\t<\/rs-slides>\n\t\t\t\t<\/rs-module>\n\t\t\t\t<script type=\"text\/javascript\">\n\t\t\t\t\tsetREVStartSize({c: 'rev_slider_52_1',rl:[1240,1024,778,480],el:[1000],gw:[1900],gh:[1000],type:'standard',justify:'',layout:'fullscreen',offsetContainer:'',offset:'',mh:\"0\"});if (window.RS_MODULES!==undefined && window.RS_MODULES.modules!==undefined && window.RS_MODULES.modules[\"revslider521\"]!==undefined) {window.RS_MODULES.modules[\"revslider521\"].once = false;window.revapi52 = undefined;if (window.RS_MODULES.checkMinimal!==undefined) window.RS_MODULES.checkMinimal()}\n\t\t\t\t<\/script>\n\t\t\t<\/rs-module-wrap>\n\t\t\t<!-- END REVOLUTION SLIDER -->\n[\/vc_column][\/vc_row][vc_row css_animation=\u00a0\u00bb\u00a0\u00bb row_type=\u00a0\u00bbrow\u00a0\u00bb use_row_as_full_screen_section=\u00a0\u00bbno\u00a0\u00bb type=\u00a0\u00bbfull_width\u00a0\u00bb angled_section=\u00a0\u00bbno\u00a0\u00bb text_align=\u00a0\u00bbleft\u00a0\u00bb background_image_as_pattern=\u00a0\u00bbwithout_pattern\u00a0\u00bb][vc_column offset=\u00a0\u00bbvc_hidden-lg vc_hidden-md\u00a0\u00bb][vc_single_image image=\u00a0\u00bb1854&Prime; img_size=\u00a0\u00bbfull\u00a0\u00bb qode_css_animation=\u00a0\u00bb\u00a0\u00bb][\/vc_column][\/vc_row][vc_row css_animation=\u00a0\u00bb\u00a0\u00bb row_type=\u00a0\u00bbrow\u00a0\u00bb use_row_as_full_screen_section=\u00a0\u00bbno\u00a0\u00bb type=\u00a0\u00bbgrid\u00a0\u00bb angled_section=\u00a0\u00bbno\u00a0\u00bb text_align=\u00a0\u00bbleft\u00a0\u00bb background_image_as_pattern=\u00a0\u00bbwithout_pattern\u00a0\u00bb][vc_column el_class=\u00a0\u00bbintro-text no-padding\u00a0\u00bb][vc_empty_space height=\u00a0\u00bb24px\u00a0\u00bb][vc_column_text]<\/p>\n<h2 style=\"text-align: center;\">Qui nous sommes<\/h2>\n<p style=\"text-align: center;\">Nous sommes un centre pr\u00e9scolaire priv\u00e9 vou\u00e9 \u00e0 l\u2019excellence en \u00e9ducation \u00e0 la petite enfance offrant des programmes fond\u00e9s sur la m\u00e9thode Montessori. Nous sommes fiers de proposer un programme \u00e9ducatif sp\u00e9cialement con\u00e7u qui int\u00e8gre les meilleures pratiques et s\u2019appuie sur les plus r\u00e9centes recherches sur le cerveau dans le domaine du d\u00e9veloppement de la petite enfance. Guid\u00e9es par le programme \u00e9ducatif distinctif d\u2019Orchard House, nos enseignantes d\u00e9vou\u00e9es soutiennent votre enfant dans chacune des sph\u00e8res de sa croissance \u2013 cr\u00e9ative, intellectuelle et physique.<\/p>\n<h2 style=\"text-align: center;\">Notre mission<\/h2>\n<p style=\"text-align: center;\">\u00c0 Orchard House, nous nous engageons \u00e0 assurer la meilleure transition possible entre la maison et l\u2019\u00e9cole.<br \/>\nNous aspirons \u00e0 mettre en \u0153uvre un programme innovateur et diff\u00e9renci\u00e9 dans un environnement s\u00e9curitaire et chaleureux afin d\u2019encourager chaque enfant \u00e0 atteindre son plein potentiel.<\/p>\n<h2 style=\"text-align: center;\">Notre vision<\/h2>\n<p style=\"text-align: center;\">\u00catre le centre pr\u00e9scolaire de choix, intentionnellement s\u00e9lectionn\u00e9 par chaque parent, ch\u00e9ri par chaque enfant et valoris\u00e9 par chaque \u00e9cole.<\/p>\n<h2 style=\"text-align: center;\">Nos valeurs<\/h2>\n<p>[\/vc_column_text][\/vc_column][\/vc_row][vc_row css_animation=\u00a0\u00bb\u00a0\u00bb row_type=\u00a0\u00bbrow\u00a0\u00bb use_row_as_full_screen_section=\u00a0\u00bbno\u00a0\u00bb type=\u00a0\u00bbgrid\u00a0\u00bb angled_section=\u00a0\u00bbno\u00a0\u00bb text_align=\u00a0\u00bbleft\u00a0\u00bb background_image_as_pattern=\u00a0\u00bbwithout_pattern\u00a0\u00bb z_index=\u00a0\u00bb\u00a0\u00bb el_class=\u00a0\u00bbvalues-row first-row\u00a0\u00bb][vc_column width=\u00a0\u00bb1\/3&Prime; el_class=\u00a0\u00bbvalues-col\u00a0\u00bb][vc_column_text]<\/p>\n<h3 style=\"text-align: center;\">Le respect<\/h3>\n<p style=\"text-align: center;\">Nous nous engageons \u00e0 cr\u00e9er un environnement diversifi\u00e9 et inclusif o\u00f9 tous les membres de notre communaut\u00e9 se sentent valoris\u00e9s. Nous appr\u00e9cions l\u2019individualit\u00e9 de chacun et encourageons les partenariats et les collaborations pour \u00e9largir notre compr\u00e9hension des diff\u00e9rents points de vue.<\/p>\n<p>[\/vc_column_text][\/vc_column][vc_column width=\u00a0\u00bb1\/3&Prime; el_class=\u00a0\u00bbvalues-col\u00a0\u00bb][vc_column_text]<\/p>\n<h3 style=\"text-align: center;\">L\u2019int\u00e9grit\u00e9<\/h3>\n<p style=\"text-align: center;\">Nous nous tenons responsables de nos principes \u00e9thiques. Nous recherchons l\u2019honn\u00eatet\u00e9 et la transparence dans nos paroles et dans nos actions. Nous le faisons pour \u00e9tablir un sentiment essentiel de confiance et de fiabilit\u00e9.<\/p>\n<p>[\/vc_column_text][\/vc_column][vc_column width=\u00a0\u00bb1\/3&Prime; el_class=\u00a0\u00bbvalues-col\u00a0\u00bb][vc_column_text]<\/p>\n<h3 style=\"text-align: center;\">La cr\u00e9ativit\u00e9<\/h3>\n<p style=\"text-align: center;\">Nous c\u00e9l\u00e9brons la passion qui suscite la curiosit\u00e9 et l\u2019exploration, ainsi que le courage qui fait \u00e9merger des id\u00e9es originales. Nous encourageons l\u2019initiative et nous nous effor\u00e7ons d\u2019innover.<\/p>\n<p>[\/vc_column_text][\/vc_column][\/vc_row][vc_row css_animation=\u00a0\u00bb\u00a0\u00bb row_type=\u00a0\u00bbrow\u00a0\u00bb use_row_as_full_screen_section=\u00a0\u00bbno\u00a0\u00bb type=\u00a0\u00bbgrid\u00a0\u00bb angled_section=\u00a0\u00bbno\u00a0\u00bb text_align=\u00a0\u00bbleft\u00a0\u00bb background_image_as_pattern=\u00a0\u00bbwithout_pattern\u00a0\u00bb z_index=\u00a0\u00bb\u00a0\u00bb el_class=\u00a0\u00bbvalues-row values-sec-row\u00a0\u00bb][vc_column width=\u00a0\u00bb1\/2&Prime; el_class=\u00a0\u00bbvalues-col sec-first\u00a0\u00bb][vc_column_text]<\/p>\n<h3 style=\"text-align: center;\">L\u2019excellence<\/h3>\n<p style=\"text-align: center;\">En donnant l\u2019exemple, nous respectons les normes les plus \u00e9lev\u00e9es dans tout ce que nous faisons. Nous nous engageons \u00e0 une am\u00e9lioration continue. Comme pour les enfants dont nous avons la charge, nous travaillons en partenariat les uns avec les autres pour apprendre, grandir et \u00e9voluer.<\/p>\n<p>[\/vc_column_text][\/vc_column][vc_column width=\u00a0\u00bb1\/2&Prime; el_class=\u00a0\u00bbvalues-col sec-last\u00a0\u00bb][vc_column_text]<\/p>\n<h3 style=\"text-align: center;\">L\u2019entraide<\/h3>\n<p style=\"text-align: center;\">Guid\u00e9s par la gentillesse, l\u2019empathie et la compassion, nous sommes r\u00e9actifs et attentifs aux besoins vari\u00e9s d\u2019autrui. Nous collaborons pour cr\u00e9er une prise de conscience, renforcer le soutien et travailler pour un changement positif.<\/p>\n<p>[\/vc_column_text][\/vc_column][\/vc_row][vc_row css_animation=\u00a0\u00bb\u00a0\u00bb row_type=\u00a0\u00bbrow\u00a0\u00bb use_row_as_full_screen_section=\u00a0\u00bbno\u00a0\u00bb type=\u00a0\u00bbfull_width\u00a0\u00bb angled_section=\u00a0\u00bbno\u00a0\u00bb text_align=\u00a0\u00bbleft\u00a0\u00bb background_image_as_pattern=\u00a0\u00bbwithout_pattern\u00a0\u00bb][vc_column][vc_empty_space height=\u00a0\u00bb60px\u00a0\u00bb][\/vc_column][\/vc_row]<\/p>\n<\/div>","protected":false},"excerpt":{"rendered":"<p>[vc_row css_animation=\u00a0\u00bb\u00a0\u00bb row_type=\u00a0\u00bbrow\u00a0\u00bb use_row_as_full_screen_section=\u00a0\u00bbno\u00a0\u00bb type=\u00a0\u00bbfull_width\u00a0\u00bb angled_section=\u00a0\u00bbno\u00a0\u00bb text_align=\u00a0\u00bbleft\u00a0\u00bb background_image_as_pattern=\u00a0\u00bbwithout_pattern\u00a0\u00bb][vc_column offset=\u00a0\u00bbvc_hidden-sm vc_hidden-xs\u00a0\u00bb][\/vc_column][\/vc_row][vc_row css_animation=\u00a0\u00bb\u00a0\u00bb row_type=\u00a0\u00bbrow\u00a0\u00bb use_row_as_full_screen_section=\u00a0\u00bbno\u00a0\u00bb type=\u00a0\u00bbfull_width\u00a0\u00bb angled_section=\u00a0\u00bbno\u00a0\u00bb text_align=\u00a0\u00bbleft\u00a0\u00bb background_image_as_pattern=\u00a0\u00bbwithout_pattern\u00a0\u00bb][vc_column offset=\u00a0\u00bbvc_hidden-lg vc_hidden-md\u00a0\u00bb][vc_single_image image=\u00a0\u00bb1854&Prime; img_size=\u00a0\u00bbfull\u00a0\u00bb qode_css_animation=\u00a0\u00bb\u00a0\u00bb][\/vc_column][\/vc_row][vc_row css_animation=\u00a0\u00bb\u00a0\u00bb&#8230;<\/p>\n","protected":false},"author":1,"featured_media":0,"parent":2451,"menu_order":0,"comment_status":"closed","ping_status":"closed","template":"full_width.php","meta":{"footnotes":""},"class_list":["post-3218","page","type-page","status-publish","hentry"],"_links":{"self":[{"href":"https:\/\/orchard-house.ca\/fr\/wp-json\/wp\/v2\/pages\/3218","targetHints":{"allow":["GET"]}}],"collection":[{"href":"https:\/\/orchard-house.ca\/fr\/wp-json\/wp\/v2\/pages"}],"about":[{"href":"https:\/\/orchard-house.ca\/fr\/wp-json\/wp\/v2\/types\/page"}],"author":[{"embeddable":true,"href":"https:\/\/orchard-house.ca\/fr\/wp-json\/wp\/v2\/users\/1"}],"replies":[{"embeddable":true,"href":"https:\/\/orchard-house.ca\/fr\/wp-json\/wp\/v2\/comments?post=3218"}],"version-history":[{"count":6,"href":"https:\/\/orchard-house.ca\/fr\/wp-json\/wp\/v2\/pages\/3218\/revisions"}],"predecessor-version":[{"id":3403,"href":"https:\/\/orchard-house.ca\/fr\/wp-json\/wp\/v2\/pages\/3218\/revisions\/3403"}],"up":[{"embeddable":true,"href":"https:\/\/orchard-house.ca\/fr\/wp-json\/wp\/v2\/pages\/2451"}],"wp:attachment":[{"href":"https:\/\/orchard-house.ca\/fr\/wp-json\/wp\/v2\/media?parent=3218"}],"curies":[{"name":"wp","href":"https:\/\/api.w.org\/{rel}","templated":true}]}}