{"id":3187,"date":"2022-11-21T13:42:50","date_gmt":"2022-11-21T12:42:50","guid":{"rendered":"https:\/\/orchard-house.ca\/?page_id=3187"},"modified":"2022-11-22T22:18:04","modified_gmt":"2022-11-22T21:18:04","slug":"faites-partie-de-notre-equipe","status":"publish","type":"page","link":"https:\/\/orchard-house.ca\/fr\/notre-maison\/faites-partie-de-notre-equipe\/","title":{"rendered":"Faites partie de notre \u00e9quipe"},"content":{"rendered":"<div class=\"wpb-content-wrapper\"><p>[vc_row css_animation=\u00a0\u00bb\u00a0\u00bb row_type=\u00a0\u00bbrow\u00a0\u00bb use_row_as_full_screen_section=\u00a0\u00bbno\u00a0\u00bb type=\u00a0\u00bbfull_width\u00a0\u00bb angled_section=\u00a0\u00bbno\u00a0\u00bb text_align=\u00a0\u00bbleft\u00a0\u00bb background_image_as_pattern=\u00a0\u00bbwithout_pattern\u00a0\u00bb css=\u00a0\u00bb.vc_custom_1504202035120{background: #a3d6c5 url(https:\/\/orchard-house.ca\/wp-content\/uploads\/2017\/05\/topBlue.png?id=266) !important;}\u00a0\u00bb el_class=\u00a0\u00bbvisit_page\u00a0\u00bb][vc_column el_class=\u00a0\u00bbintro-text\u00a0\u00bb][vc_row_inner row_type=\u00a0\u00bbrow\u00a0\u00bb type=\u00a0\u00bbgrid\u00a0\u00bb text_align=\u00a0\u00bbcenter\u00a0\u00bb css_animation=\u00a0\u00bb\u00a0\u00bb][vc_column_inner][vc_column_text el_class=\u00a0\u00bbwhite-text\u00a0\u00bb]<\/p>\n<h2 style=\"text-align: center;\">Faites partie de notre \u00e9quipe<\/h2>\n<p style=\"text-align: center;\">La Maison Orchard House est constamment \u00e0 la recherche de gens talentueux voulant se joindre \u00e0 notre \u00e9quipe.<\/p>\n<p>[\/vc_column_text][\/vc_column_inner][\/vc_row_inner][\/vc_column][\/vc_row][vc_row css_animation=\u00a0\u00bb\u00a0\u00bb row_type=\u00a0\u00bbrow\u00a0\u00bb use_row_as_full_screen_section=\u00a0\u00bbno\u00a0\u00bb type=\u00a0\u00bbgrid\u00a0\u00bb angled_section=\u00a0\u00bbno\u00a0\u00bb text_align=\u00a0\u00bbleft\u00a0\u00bb background_image_as_pattern=\u00a0\u00bbwithout_pattern\u00a0\u00bb][vc_column width=\u00a0\u00bb1\/2&Prime;][vc_empty_space height=\u00a0\u00bb60px\u00a0\u00bb][vc_column_text]Le candidat id\u00e9al est qualifi\u00e9 en \u00e9ducation \u00e0 la petite enfance, d\u00e9tient de l\u2019exp\u00e9rience pertinente dans ce domaine et conna\u00eet la philosophie Montessori. De plus, les candidats potentiels devraient \u00eatre attentionn\u00e9s, organis\u00e9s, autonomes, avoir un esprit d\u2019\u00e9quipe et une passion pour le domaine de la petite enfance!<\/p>\n<p>\u00c0 la Maison Orchard House, nous offrons fr\u00e9quemment des opportunit\u00e9s de formations internes et de perfectionnements professionnels ainsi qu\u2019un acc\u00e8s \u00e0 des certifications reconnues. Nos \u00e9coles sont modernes et \u00e9quip\u00e9es d\u2019une vari\u00e9t\u00e9 de jeux et de ressources, ainsi que de mat\u00e9riel Montessori.<\/p>\n<p>Si vous \u00eates int\u00e9ress\u00e9s \u00e0 vous joindre \u00e0 notre \u00e9quipe, veuillez svp envoyer votre cv \u00e0 <a href=\"mailto:admin@orchard-house.ca\">admin@orchard-house.ca<\/a>[\/vc_column_text][\/vc_column][vc_column width=\u00a0\u00bb1\/2&Prime;][vc_empty_space height=\u00a0\u00bb60px\u00a0\u00bb][vc_single_image image=\u00a0\u00bb3193&Prime; img_size=\u00a0\u00bbfull\u00a0\u00bb qode_css_animation=\u00a0\u00bb\u00a0\u00bb][\/vc_column][\/vc_row][vc_row css_animation=\u00a0\u00bb\u00a0\u00bb row_type=\u00a0\u00bbrow\u00a0\u00bb use_row_as_full_screen_section=\u00a0\u00bbno\u00a0\u00bb type=\u00a0\u00bbfull_width\u00a0\u00bb angled_section=\u00a0\u00bbno\u00a0\u00bb text_align=\u00a0\u00bbleft\u00a0\u00bb background_image_as_pattern=\u00a0\u00bbwithout_pattern\u00a0\u00bb][vc_column][vc_empty_space height=\u00a0\u00bb60px\u00a0\u00bb][\/vc_column][\/vc_row]<\/p>\n<\/div>","protected":false},"excerpt":{"rendered":"<p>[vc_row css_animation=\u00a0\u00bb\u00a0\u00bb row_type=\u00a0\u00bbrow\u00a0\u00bb use_row_as_full_screen_section=\u00a0\u00bbno\u00a0\u00bb type=\u00a0\u00bbfull_width\u00a0\u00bb angled_section=\u00a0\u00bbno\u00a0\u00bb text_align=\u00a0\u00bbleft\u00a0\u00bb background_image_as_pattern=\u00a0\u00bbwithout_pattern\u00a0\u00bb css=\u00a0\u00bb.vc_custom_1504202035120{background: #a3d6c5 url(https:\/\/orchard-house.ca\/wp-content\/uploads\/2017\/05\/topBlue.png?id=266) !important;}\u00a0\u00bb el_class=\u00a0\u00bbvisit_page\u00a0\u00bb][vc_column el_class=\u00a0\u00bbintro-text\u00a0\u00bb][vc_row_inner row_type=\u00a0\u00bbrow\u00a0\u00bb type=\u00a0\u00bbgrid\u00a0\u00bb text_align=\u00a0\u00bbcenter\u00a0\u00bb css_animation=\u00a0\u00bb\u00a0\u00bb][vc_column_inner][vc_column_text el_class=\u00a0\u00bbwhite-text\u00a0\u00bb] Faites partie de notre&#8230;<\/p>\n","protected":false},"author":1,"featured_media":0,"parent":2451,"menu_order":0,"comment_status":"closed","ping_status":"closed","template":"full_width.php","meta":{"footnotes":""},"class_list":["post-3187","page","type-page","status-publish","hentry"],"_links":{"self":[{"href":"https:\/\/orchard-house.ca\/fr\/wp-json\/wp\/v2\/pages\/3187","targetHints":{"allow":["GET"]}}],"collection":[{"href":"https:\/\/orchard-house.ca\/fr\/wp-json\/wp\/v2\/pages"}],"about":[{"href":"https:\/\/orchard-house.ca\/fr\/wp-json\/wp\/v2\/types\/page"}],"author":[{"embeddable":true,"href":"https:\/\/orchard-house.ca\/fr\/wp-json\/wp\/v2\/users\/1"}],"replies":[{"embeddable":true,"href":"https:\/\/orchard-house.ca\/fr\/wp-json\/wp\/v2\/comments?post=3187"}],"version-history":[{"count":5,"href":"https:\/\/orchard-house.ca\/fr\/wp-json\/wp\/v2\/pages\/3187\/revisions"}],"predecessor-version":[{"id":3195,"href":"https:\/\/orchard-house.ca\/fr\/wp-json\/wp\/v2\/pages\/3187\/revisions\/3195"}],"up":[{"embeddable":true,"href":"https:\/\/orchard-house.ca\/fr\/wp-json\/wp\/v2\/pages\/2451"}],"wp:attachment":[{"href":"https:\/\/orchard-house.ca\/fr\/wp-json\/wp\/v2\/media?parent=3187"}],"curies":[{"name":"wp","href":"https:\/\/api.w.org\/{rel}","templated":true}]}}