{"id":2499,"date":"2017-06-16T17:27:12","date_gmt":"2017-06-16T15:27:12","guid":{"rendered":"https:\/\/orchard-house.ca\/dev\/rencontrez-notre-equipe-de-soutien\/"},"modified":"2025-12-12T15:57:31","modified_gmt":"2025-12-12T14:57:31","slug":"rencontrez-notre-equipe-de-soutien","status":"publish","type":"page","link":"https:\/\/orchard-house.ca\/fr\/notre-maison\/rencontrez-nous\/rencontrez-notre-equipe-de-soutien\/","title":{"rendered":"Rencontrez notre \u00e9quipe de soutien"},"content":{"rendered":"<div class=\"wpb-content-wrapper\"><p>[vc_row css_animation=\u00a0\u00bb\u00a0\u00bb row_type=\u00a0\u00bbrow\u00a0\u00bb use_row_as_full_screen_section=\u00a0\u00bbno\u00a0\u00bb type=\u00a0\u00bbgrid\u00a0\u00bb angled_section=\u00a0\u00bbno\u00a0\u00bb text_align=\u00a0\u00bbleft\u00a0\u00bb background_image_as_pattern=\u00a0\u00bbwithout_pattern\u00a0\u00bb css=\u00a0\u00bb.vc_custom_1495997342046{padding-top: 140px !important;background: #c1d72e url(https:\/\/orchard-house.ca\/wp-content\/uploads\/2017\/05\/topGreen.png?id=267) !important;background-position: 0 0 !important;background-repeat: no-repeat !important;}\u00a0\u00bb el_class=\u00a0\u00bbpadding160&Prime;][vc_column el_class=\u00a0\u00bbintro-text\u00a0\u00bb][vc_column_text el_class=\u00a0\u00bbwhite-text\u00a0\u00bb]<\/p>\n<h2 style=\"text-align: center;\">Rencontrez notre \u00e9quipe<\/h2>\n<p>[\/vc_column_text][vc_column_text el_class=\u00a0\u00bbwhite-text\u00a0\u00bb]<\/p>\n<h3 style=\"text-align: center;\">HISTOIRE<\/h3>\n<p style=\"text-align: center;\">D\u00e8s l\u2019\u00e2ge de neuf ans, Yasmine Ghandour savait qu\u2019elle enseignerait un jour \u00e0 de jeunes enfants. Elle expliquait \u00e0 qui voulait bien l\u2019\u00e9couter sa vision pour son \u00e9cole. Plusieurs ann\u00e9es plus tard, en 2003, lorsqu\u2019elle recherchait l\u2019\u00e9cole pr\u00e9scolaire id\u00e9ale pour sa fille, elle ouvrit la toute premi\u00e8re Orchard House avec l\u2019espoir d\u2019y int\u00e9grer ses valeurs les plus ch\u00e8res\u00a0: un environnement d\u2019apprentissage calme, un processus de s\u00e9paration graduel et un programme \u00e9ducatif progressif et bien con\u00e7u qui permettrait \u00e0 chaque enfant d\u2019atteindre son plein potentiel. Au fil du temps, Orchard House est devenue la r\u00e9f\u00e9rence en \u00e9ducation pr\u00e9scolaire au Qu\u00e9bec.<span style=\"color: #ffffff;\"><br \/>\n<\/span><\/p>\n<p>[\/vc_column_text][\/vc_column][\/vc_row][vc_row css_animation=\u00a0\u00bb\u00a0\u00bb row_type=\u00a0\u00bbrow\u00a0\u00bb use_row_as_full_screen_section=\u00a0\u00bbno\u00a0\u00bb type=\u00a0\u00bbgrid\u00a0\u00bb angled_section=\u00a0\u00bbno\u00a0\u00bb text_align=\u00a0\u00bbleft\u00a0\u00bb background_image_as_pattern=\u00a0\u00bbwithout_pattern\u00a0\u00bb css=\u00a0\u00bb.vc_custom_1496158365595{padding-top: 60px !important;}\u00a0\u00bb][vc_column][vc_column_text]<\/p>\n<h2 style=\"text-align: center;\">Notre \u00e9quipe<\/h2>\n<h3 style=\"text-align: center;\">\u00c9quipe de direction<\/h3>\n<p>[\/vc_column_text][\/vc_column][\/vc_row][vc_row css_animation=\u00a0\u00bb\u00a0\u00bb row_type=\u00a0\u00bbrow\u00a0\u00bb use_row_as_full_screen_section=\u00a0\u00bbno\u00a0\u00bb type=\u00a0\u00bbgrid\u00a0\u00bb angled_section=\u00a0\u00bbno\u00a0\u00bb text_align=\u00a0\u00bbleft\u00a0\u00bb background_image_as_pattern=\u00a0\u00bbwithout_pattern\u00a0\u00bb css=\u00a0\u00bb.vc_custom_1496158365595{padding-top: 60px !important;}\u00a0\u00bb][vc_column width=\u00a0\u00bb1\/3&Prime; el_class=\u00a0\u00bbno-padding\u00a0\u00bb][vc_single_image image=\u00a0\u00bb2878&Prime; img_size=\u00a0\u00bb160&#215;200&Prime; qode_css_animation=\u00a0\u00bb\u00a0\u00bb el_class=\u00a0\u00bbmeet-us-teacher\u00a0\u00bb][vc_single_image image=\u00a0\u00bb2987&Prime; img_size=\u00a0\u00bb160&#215;200&Prime; alignment=\u00a0\u00bbright\u00a0\u00bb qode_css_animation=\u00a0\u00bb\u00a0\u00bb el_class=\u00a0\u00bbmeet-us-baby\u00a0\u00bb][\/vc_column][vc_column width=\u00a0\u00bb2\/3&Prime;][vc_column_text]<\/p>\n<h3>Yasmine Ghandour, Ph.D. \u2013 Fondatrice et directrice g\u00e9n\u00e9rale<\/h3>\n<p>Mme Yasmine d\u00e9tient ses qualifications Montessori du Centre international Montessori, une ma\u00eetrise \u00e8s arts en \u00e9ducation pr\u00e9scolaire et primaire de l\u2019Universit\u00e9 Columbia et une ma\u00eetrise en \u00e9ducation en psychologie \u00e9ducative de l\u2019Universit\u00e9 McGill (sp\u00e9cialisation en \u00e9ducation inclusive). Elle a compl\u00e9t\u00e9 son doctorat \u00e0 l\u2019Universit\u00e9 Concordia en explorant les mesures d\u2019intervention pr\u00e9coces dans les cas de dysfonctions ex\u00e9cutives. Mme Yasmine a enseign\u00e9 en milieux pr\u00e9scolaires en Asie, au Moyen-Orient et en Am\u00e9rique du Nord et a pass\u00e9 les quelques derni\u00e8res ann\u00e9es \u00e0 occuper un poste de directrice d\u2019\u00e9cole primaire \u00e0 Montr\u00e9al. Mme Yasmine a \u00e9galement men\u00e9 des conf\u00e9rences \u00e0 l\u2019Universit\u00e9 McGill et organis\u00e9 des ateliers en \u00e9ducation \u00e0 la petite enfance \u00e0 la Conf\u00e9rence annuelle Rocky Mountain Early Childhood. Elle a si\u00e8g\u00e9 au conseil d\u2019administration d\u2019un centre de fluidit\u00e9 verbale. Ses diverses exp\u00e9riences lui donnent une compr\u00e9hension unique de la valeur d\u2019une approche individualis\u00e9e en \u00e9ducation.[\/vc_column_text][\/vc_column][\/vc_row][vc_row css_animation=\u00a0\u00bb\u00a0\u00bb row_type=\u00a0\u00bbrow\u00a0\u00bb use_row_as_full_screen_section=\u00a0\u00bbno\u00a0\u00bb type=\u00a0\u00bbgrid\u00a0\u00bb angled_section=\u00a0\u00bbno\u00a0\u00bb text_align=\u00a0\u00bbleft\u00a0\u00bb background_image_as_pattern=\u00a0\u00bbwithout_pattern\u00a0\u00bb css=\u00a0\u00bb.vc_custom_1496158365595{padding-top: 60px !important;}\u00a0\u00bb][vc_column width=\u00a0\u00bb1\/3&Prime; el_class=\u00a0\u00bbno-padding\u00a0\u00bb][vc_single_image image=\u00a0\u00bb2837&Prime; img_size=\u00a0\u00bb160&#215;200&Prime; alignment=\u00a0\u00bbright\u00a0\u00bb qode_css_animation=\u00a0\u00bb\u00a0\u00bb el_class=\u00a0\u00bbmeet-us-teacher\u00a0\u00bb][vc_single_image image=\u00a0\u00bb2984&Prime; img_size=\u00a0\u00bb160&#215;200&Prime; alignment=\u00a0\u00bbright\u00a0\u00bb qode_css_animation=\u00a0\u00bb\u00a0\u00bb el_class=\u00a0\u00bbmeet-us-baby\u00a0\u00bb][\/vc_column][vc_column width=\u00a0\u00bb2\/3&Prime;][vc_column_text]<\/p>\n<h3 class=\"p1\"><span class=\"s1\">Imad Khalil &#8211;\u00a0Directeur des op\u00e9rations et d\u00e9veloppement<\/span><\/h3>\n<p>Imad d\u00e9tient un baccalaur\u00e9at en administration des affaires internationales de l\u2019Universit\u00e9 Concordia ainsi qu\u2019une ma\u00eetrise Kellogg-Schulich en administration des affaires conjointement du\u00a0Kellogg School of Management\u00a0(Universit\u00e9 Northwestern) et du\u00a0Schulich School of Business\u00a0(Universit\u00e9 York).\u00a0 Suite \u00e0 plus de 20 ans d\u2019exp\u00e9rience corporative culminant dans des r\u00f4les de direction en marketing et en merchandising, Imad concentre maintenant ses connaissances dans le milieu de l\u2019\u00e9ducation.\u00a0 P\u00e8re de 3 enfants, il reconna\u00eet l\u2019importance de d\u00e9velopper et maintenir un environnement d\u2019apprentissage id\u00e9al pour les jeunes enfants.[\/vc_column_text][\/vc_column][\/vc_row]<\/p>\n<p>[vc_row css_animation=\u00a0\u00bb\u00a0\u00bb row_type=\u00a0\u00bbrow\u00a0\u00bb use_row_as_full_screen_section=\u00a0\u00bbno\u00a0\u00bb type=\u00a0\u00bbgrid\u00a0\u00bb angled_section=\u00a0\u00bbno\u00a0\u00bb text_align=\u00a0\u00bbleft\u00a0\u00bb background_image_as_pattern=\u00a0\u00bbwithout_pattern\u00a0\u00bb css=\u00a0\u00bb.vc_custom_1496158365595{padding-top: 60px !important;}\u00a0\u00bb][vc_column width=\u00a0\u00bb1\/3&Prime; el_class=\u00a0\u00bbno-padding\u00a0\u00bb][vc_single_image image=\u00a0\u00bb3140&Prime; img_size=\u00a0\u00bb160&#215;200&Prime; qode_css_animation=\u00a0\u00bb\u00a0\u00bb el_class=\u00a0\u00bbmeet-us-teacher\u00a0\u00bb][vc_single_image image=\u00a0\u00bb2985&Prime; img_size=\u00a0\u00bb160&#215;200&Prime; alignment=\u00a0\u00bbright\u00a0\u00bb qode_css_animation=\u00a0\u00bb\u00a0\u00bb el_class=\u00a0\u00bbmeet-us-baby\u00a0\u00bb][\/vc_column][vc_column width=\u00a0\u00bb2\/3&Prime;][vc_column_text]<\/p>\n<h3>Tina Hillenbrand \u2013 Directrice des Admissions<\/h3>\n<p>Miss Tina est titulaire d\u2019un baccalaur\u00e9at \u00e8s arts en sciences sociales appliqu\u00e9es et d\u2019un certificat en \u00e9ducation \u00e0 la vie familiale de l\u2019Universit\u00e9 Concordia. Elle a \u00e9galement obtenu une certification en gestion de garderie et en p\u00e9dagogie Montessori. Miss Tina enseigne et dirige dans des milieux pr\u00e9scolaires de la r\u00e9gion de Montr\u00e9al depuis plus de 25 ans. Passionn\u00e9e par le service social, elle si\u00e8ge actuellement au conseil d\u2019administration de la Maison Elizabeth et de Carolyn\u2019s Community. Pendant son temps libre, elle se passionne pour la nutrition et la cuisine, le cyclisme et les moments entour\u00e9s de ses amis et de sa famille.[\/vc_column_text][\/vc_column][\/vc_row]<\/p>\n<p>[vc_row css_animation=\u00a0\u00bb\u00a0\u00bb row_type=\u00a0\u00bbrow\u00a0\u00bb use_row_as_full_screen_section=\u00a0\u00bbno\u00a0\u00bb type=\u00a0\u00bbgrid\u00a0\u00bb angled_section=\u00a0\u00bbno\u00a0\u00bb text_align=\u00a0\u00bbleft\u00a0\u00bb background_image_as_pattern=\u00a0\u00bbwithout_pattern\u00a0\u00bb css=\u00a0\u00bb.vc_custom_1496158365595{padding-top: 60px !important;}\u00a0\u00bb][vc_column width=\u00a0\u00bb1\/3&Prime; el_class=\u00a0\u00bbno-padding\u00a0\u00bb][vc_single_image image=\u00a0\u00bb3789&Prime; img_size=\u00a0\u00bb160&#215;200&Prime; qode_css_animation=\u00a0\u00bb\u00a0\u00bb el_class=\u00a0\u00bbmeet-us-teacher\u00a0\u00bb][vc_single_image image=\u00a0\u00bb3787&Prime; img_size=\u00a0\u00bb160&#215;200&Prime; alignment=\u00a0\u00bbright\u00a0\u00bb qode_css_animation=\u00a0\u00bb\u00a0\u00bb el_class=\u00a0\u00bbmeet-us-baby\u00a0\u00bb][\/vc_column][vc_column width=\u00a0\u00bb2\/3&Prime;][vc_column_text]<\/p>\n<h3>Josianne Abouzakhm \u2013 Directrice<\/h3>\n<p>Miss Jo est une professionnelle passionn\u00e9e de la petite enfance, avec plus de 25 ans d\u2019exp\u00e9rience en tant que directrice de garderie priv\u00e9e. Titulaire d\u2019un D.E.C. en \u00e9ducation \u00e0 l\u2019enfance, elle a consacr\u00e9 sa carri\u00e8re \u00e0 l\u2019\u00e9panouissement des jeunes enfants, \u00e0 la cr\u00e9ation d\u2019environnements s\u00e9curisants et stimulants, ainsi qu\u2019\u00e0 l\u2019\u00e9tablissement de liens significatifs avec les enfants et leurs familles. Apr\u00e8s plusieurs ann\u00e9es suppl\u00e9mentaires en ressources humaines\u2014o\u00f9 elle a perfectionn\u00e9 ses comp\u00e9tences en organisation, en d\u00e9veloppement du personnel et en planification strat\u00e9gique\u2014Miss Jo est retourn\u00e9e \u00e0 sa v\u00e9ritable passion : travailler directement aupr\u00e8s des enfants, dans un milieu de garde qu\u2019elle affectionne profond\u00e9ment. En dehors de sa vie professionnelle, Miss Jo aime le jardinage, la randonn\u00e9e, les voyages, la d\u00e9coration de g\u00e2teaux et la danse\u2014particuli\u00e8rement le ballet et les claquettes.[\/vc_column_text][\/vc_column][\/vc_row]<\/p>\n<p>[vc_row css_animation=\u00a0\u00bb\u00a0\u00bb row_type=\u00a0\u00bbrow\u00a0\u00bb use_row_as_full_screen_section=\u00a0\u00bbno\u00a0\u00bb type=\u00a0\u00bbfull_width\u00a0\u00bb angled_section=\u00a0\u00bbno\u00a0\u00bb text_align=\u00a0\u00bbleft\u00a0\u00bb background_image_as_pattern=\u00a0\u00bbwithout_pattern\u00a0\u00bb][vc_column][vc_row_inner row_type=\u00a0\u00bbrow\u00a0\u00bb type=\u00a0\u00bbgrid\u00a0\u00bb text_align=\u00a0\u00bbleft\u00a0\u00bb css_animation=\u00a0\u00bb\u00a0\u00bb css=\u00a0\u00bb.vc_custom_1496162784824{padding-bottom: 0px !important;}\u00a0\u00bb el_class=\u00a0\u00bbbackgreen\u00a0\u00bb][vc_column_inner offset=\u00a0\u00bbvc_col-lg-12 vc_col-md-12 vc_hidden-sm vc_col-xs-12 vc_hidden-xs\u00a0\u00bb][vc_empty_space height=\u00a0\u00bb60px\u00a0\u00bb][vc_column_text el_class=\u00a0\u00bbintro-text\u00a0\u00bb]<\/p>\n<h2 style=\"text-align: center;\">Nos enseignantes<\/h2>\n<p style=\"text-align: center;\">Les enseignantes d\u2019Orchard House ont \u00e9t\u00e9 sp\u00e9cifiquement choisies en raison de leur nature chaleureuse et bienveillante et de leur compr\u00e9hension des besoins uniques de chaque enfant. Toutes nos enseignantes poss\u00e8dent un certificat en premiers soins. Dans des classes regroupant de six \u00e0 dix enfants, les enseignantes cr\u00e9ent des environnements centr\u00e9s sur l\u2019enfant, se concentrent sur les besoins de l\u2019enfant dans sa globalit\u00e9 et sont bien plac\u00e9es pour agir ad\u00e9quatement en cas de difficult\u00e9s sociales ou cognitives, si elles devaient surgir.<\/p>\n<p style=\"text-align: center;\">Nous vous pr\u00e9sentons ici quelques membres de notre \u00e9quipe\u00a0:<\/p>\n<p>[\/vc_column_text][vc_video link=\u00a0\u00bbhttps:\/\/vimeo.com\/137205155&Prime;][vc_empty_space height=\u00a0\u00bb60px\u00a0\u00bb][\/vc_column_inner][\/vc_row_inner][\/vc_column][\/vc_row][vc_row css_animation=\u00a0\u00bb\u00a0\u00bb row_type=\u00a0\u00bbrow\u00a0\u00bb use_row_as_full_screen_section=\u00a0\u00bbno\u00a0\u00bb type=\u00a0\u00bbfull_width\u00a0\u00bb angled_section=\u00a0\u00bbno\u00a0\u00bb text_align=\u00a0\u00bbleft\u00a0\u00bb background_image_as_pattern=\u00a0\u00bbwithout_pattern\u00a0\u00bb css=\u00a0\u00bb.vc_custom_1497626698654{margin-bottom: 0px !important;padding-top: 40px !important;padding-bottom: 40px !important;background-image: url(https:\/\/orchard-house.ca\/wp-content\/uploads\/2017\/04\/bacBlue.png?id=109) !important;}\u00a0\u00bb el_id=\u00a0\u00bbhelping\u00a0\u00bb][vc_column][vc_empty_space height=\u00a0\u00bb40px\u00a0\u00bb][vc_row_inner row_type=\u00a0\u00bbrow\u00a0\u00bb type=\u00a0\u00bbgrid\u00a0\u00bb text_align=\u00a0\u00bbleft\u00a0\u00bb css_animation=\u00a0\u00bb\u00a0\u00bb][vc_column_inner width=\u00a0\u00bb1\/4&Prime;][\/vc_column_inner][vc_column_inner width=\u00a0\u00bb1\/4&Prime;][vc_column_text el_class=\u00a0\u00bbpacifico\u00a0\u00bb]<\/p>\n<h3 style=\"text-align: center;\"><span style=\"color: #d4e8de;\"><a style=\"color: #d4e8de;\" href=\"https:\/\/orchard-house.ca\/fr\/notre-maison\/rencontrez-nous\/#ndg\">Nos \u00e9ducatrices<\/a><\/span><\/h3>\n<p>[\/vc_column_text][vc_empty_space height=\u00a0\u00bb40px\u00a0\u00bb][\/vc_column_inner][vc_column_inner width=\u00a0\u00bb1\/4&Prime;][vc_column_text el_class=\u00a0\u00bbpacifico bottomborder white-text\u00a0\u00bb]<\/p>\n<h3 style=\"text-align: center;\">\u00c9quipe de soutien<\/h3>\n<p>[\/vc_column_text][vc_empty_space height=\u00a0\u00bb40px\u00a0\u00bb][\/vc_column_inner][vc_column_inner width=\u00a0\u00bb1\/4&Prime;][\/vc_column_inner][\/vc_row_inner][\/vc_column][\/vc_row][vc_row css_animation=\u00a0\u00bb\u00a0\u00bb row_type=\u00a0\u00bbrow\u00a0\u00bb use_row_as_full_screen_section=\u00a0\u00bbno\u00a0\u00bb type=\u00a0\u00bbgrid\u00a0\u00bb angled_section=\u00a0\u00bbno\u00a0\u00bb text_align=\u00a0\u00bbleft\u00a0\u00bb background_image_as_pattern=\u00a0\u00bbwithout_pattern\u00a0\u00bb][vc_column][vc_empty_space height=\u00a0\u00bb60px\u00a0\u00bb][vc_column_text]<\/p>\n<h2 style=\"text-align: center;\">\u00c9quipe de soutien<\/h2>\n<p>[\/vc_column_text][vc_column_text css=\u00a0\u00bb\u00a0\u00bb]<\/p>\n<p style=\"text-align: center;\">Toutes les membres de notre formidable \u00e9quipe de soutien nous appuient dans nos efforts pour maintenir un environnement d\u2019apprentissage propre, hygi\u00e9nique et s\u00e9curitaire. Elles aident \u00e9galement \u00e0 r\u00e9pondre aux besoins des petits en mati\u00e8re de changements de couche et d\u2019aide \u00e0 la toilette. Mais surtout, elles offrent un soutien op\u00e9rationnel constant partout dans l\u2019\u00e9cole. Sans le travail acharn\u00e9, mais discret, de notre \u00e9quipe de soutien, nous ne pourrions pas accomplir notre travail aussi bien que nous le faisons.<\/p>\n<p>[\/vc_column_text][vc_empty_space height=\u00a0\u00bb60px\u00a0\u00bb][\/vc_column][\/vc_row][vc_row css_animation=\u00a0\u00bb\u00a0\u00bb row_type=\u00a0\u00bbrow\u00a0\u00bb use_row_as_full_screen_section=\u00a0\u00bbno\u00a0\u00bb type=\u00a0\u00bbgrid\u00a0\u00bb angled_section=\u00a0\u00bbno\u00a0\u00bb text_align=\u00a0\u00bbleft\u00a0\u00bb background_image_as_pattern=\u00a0\u00bbwithout_pattern\u00a0\u00bb css=\u00a0\u00bb.vc_custom_1496158365595{padding-top: 60px !important;}\u00a0\u00bb][vc_column width=\u00a0\u00bb1\/6&Prime;][vc_single_image image=\u00a0\u00bb2935&Prime; img_size=\u00a0\u00bb163&#215;200&Prime; qode_css_animation=\u00a0\u00bb\u00a0\u00bb][\/vc_column][vc_column width=\u00a0\u00bb5\/6&Prime;][vc_column_text css=\u00a0\u00bb\u00a0\u00bb]<\/p>\n<h3>Miss Jaz<\/h3>\n<p>Miss Jaz est dipl\u00f4m\u00e9e en criminologie du Bergen College aux Philippines. Elle a toujours le sourire aux l\u00e8vres et adore chanter. Pendant son temps libre, Miss Jaz joue au volley-ball et au badminton et aime voyager.[\/vc_column_text][\/vc_column][\/vc_row][vc_row css_animation=\u00a0\u00bb\u00a0\u00bb row_type=\u00a0\u00bbrow\u00a0\u00bb use_row_as_full_screen_section=\u00a0\u00bbno\u00a0\u00bb type=\u00a0\u00bbgrid\u00a0\u00bb angled_section=\u00a0\u00bbno\u00a0\u00bb text_align=\u00a0\u00bbleft\u00a0\u00bb background_image_as_pattern=\u00a0\u00bbwithout_pattern\u00a0\u00bb css=\u00a0\u00bb.vc_custom_1496158365595{padding-top: 60px !important;}\u00a0\u00bb][vc_column width=\u00a0\u00bb1\/6&Prime;][vc_single_image image=\u00a0\u00bb2928&Prime; img_size=\u00a0\u00bb163&#215;200&Prime; qode_css_animation=\u00a0\u00bb\u00a0\u00bb][\/vc_column][vc_column width=\u00a0\u00bb5\/6&Prime;][vc_column_text css=\u00a0\u00bb\u00a0\u00bb]<\/p>\n<h3>Miss\u00a0Celia<\/h3>\n<p class=\"p1\">Miss Celia fait partie de l&rsquo;\u00e9quipe d&rsquo;Orchard House depuis plus de 15 ans. Elle est titulaire d&rsquo;un Bachelor of Science en g\u00e9nie civil de l&rsquo;Universit\u00e9 de Baguio aux Philippines. Miss Celia travaille avec les enfants depuis de nombreuses ann\u00e9es et se consid\u00e8re elle-m\u00eame comme une grande enfant dans l\u2019\u00e2me\u202f! Pendant son temps libre, Miss Celia adore l\u2019aventure et explorer de nouveaux endroits avec ses amis.<\/p>\n<p>[\/vc_column_text][\/vc_column][\/vc_row][vc_row css_animation=\u00a0\u00bb\u00a0\u00bb row_type=\u00a0\u00bbrow\u00a0\u00bb use_row_as_full_screen_section=\u00a0\u00bbno\u00a0\u00bb type=\u00a0\u00bbgrid\u00a0\u00bb angled_section=\u00a0\u00bbno\u00a0\u00bb text_align=\u00a0\u00bbleft\u00a0\u00bb background_image_as_pattern=\u00a0\u00bbwithout_pattern\u00a0\u00bb css=\u00a0\u00bb.vc_custom_1496158365595{padding-top: 60px !important;}\u00a0\u00bb][vc_column width=\u00a0\u00bb1\/6&Prime;][vc_single_image image=\u00a0\u00bb3673&Prime; img_size=\u00a0\u00bb163&#215;200&Prime; css=\u00a0\u00bb\u00a0\u00bb qode_css_animation=\u00a0\u00bb\u00a0\u00bb][\/vc_column][vc_column width=\u00a0\u00bb5\/6&Prime;][vc_column_text css=\u00a0\u00bb\u00a0\u00bb]<\/p>\n<h3>Miss Nomi<\/h3>\n<p>Miss Nomi d\u00e9tient un baccalaur\u00e9at en comptabilit\u00e9, mais elle pr\u00e9f\u00e8re de loin travailler avec les enfants plut\u00f4t qu\u2019avec les chiffres\u202f! Fi\u00e8re grand-m\u00e8re active de deux jeunes enfants, Miss Nomi aime cuisiner, jouer au volleyball et au badminton pendant son temps libre.[\/vc_column_text][\/vc_column][\/vc_row][vc_row css_animation=\u00a0\u00bb\u00a0\u00bb row_type=\u00a0\u00bbrow\u00a0\u00bb use_row_as_full_screen_section=\u00a0\u00bbno\u00a0\u00bb type=\u00a0\u00bbfull_width\u00a0\u00bb angled_section=\u00a0\u00bbno\u00a0\u00bb text_align=\u00a0\u00bbleft\u00a0\u00bb background_image_as_pattern=\u00a0\u00bbwithout_pattern\u00a0\u00bb][vc_column][vc_empty_space height=\u00a0\u00bb60px\u00a0\u00bb][\/vc_column][\/vc_row]<\/p>\n<\/div>","protected":false},"excerpt":{"rendered":"<p>[vc_row css_animation=\u00a0\u00bb\u00a0\u00bb row_type=\u00a0\u00bbrow\u00a0\u00bb use_row_as_full_screen_section=\u00a0\u00bbno\u00a0\u00bb type=\u00a0\u00bbgrid\u00a0\u00bb angled_section=\u00a0\u00bbno\u00a0\u00bb text_align=\u00a0\u00bbleft\u00a0\u00bb background_image_as_pattern=\u00a0\u00bbwithout_pattern\u00a0\u00bb css=\u00a0\u00bb.vc_custom_1495997342046{padding-top: 140px !important;background: #c1d72e url(https:\/\/orchard-house.ca\/wp-content\/uploads\/2017\/05\/topGreen.png?id=267) !important;background-position: 0 0 !important;background-repeat: no-repeat !important;}\u00a0\u00bb el_class=\u00a0\u00bbpadding160&Prime;][vc_column el_class=\u00a0\u00bbintro-text\u00a0\u00bb][vc_column_text el_class=\u00a0\u00bbwhite-text\u00a0\u00bb] Rencontrez&#8230;<\/p>\n","protected":false},"author":1,"featured_media":0,"parent":2467,"menu_order":0,"comment_status":"closed","ping_status":"closed","template":"full_width.php","meta":{"footnotes":""},"class_list":["post-2499","page","type-page","status-publish","hentry"],"_links":{"self":[{"href":"https:\/\/orchard-house.ca\/fr\/wp-json\/wp\/v2\/pages\/2499","targetHints":{"allow":["GET"]}}],"collection":[{"href":"https:\/\/orchard-house.ca\/fr\/wp-json\/wp\/v2\/pages"}],"about":[{"href":"https:\/\/orchard-house.ca\/fr\/wp-json\/wp\/v2\/types\/page"}],"author":[{"embeddable":true,"href":"https:\/\/orchard-house.ca\/fr\/wp-json\/wp\/v2\/users\/1"}],"replies":[{"embeddable":true,"href":"https:\/\/orchard-house.ca\/fr\/wp-json\/wp\/v2\/comments?post=2499"}],"version-history":[{"count":16,"href":"https:\/\/orchard-house.ca\/fr\/wp-json\/wp\/v2\/pages\/2499\/revisions"}],"predecessor-version":[{"id":3835,"href":"https:\/\/orchard-house.ca\/fr\/wp-json\/wp\/v2\/pages\/2499\/revisions\/3835"}],"up":[{"embeddable":true,"href":"https:\/\/orchard-house.ca\/fr\/wp-json\/wp\/v2\/pages\/2467"}],"wp:attachment":[{"href":"https:\/\/orchard-house.ca\/fr\/wp-json\/wp\/v2\/media?parent=2499"}],"curies":[{"name":"wp","href":"https:\/\/api.w.org\/{rel}","templated":true}]}}