{"id":2495,"date":"2017-05-12T15:39:45","date_gmt":"2017-05-12T13:39:45","guid":{"rendered":"https:\/\/orchard-house.ca\/dev\/pensee\/"},"modified":"2022-03-24T15:45:00","modified_gmt":"2022-03-24T14:45:00","slug":"pensee","status":"publish","type":"page","link":"https:\/\/orchard-house.ca\/fr\/programmes\/les-ateliers-de-lapres-midi\/pensee\/","title":{"rendered":"Pens\u00e9e"},"content":{"rendered":"<div class=\"wpb-content-wrapper\"><p>[vc_row css_animation=\u00a0\u00bb\u00a0\u00bb row_type=\u00a0\u00bbrow\u00a0\u00bb use_row_as_full_screen_section=\u00a0\u00bbno\u00a0\u00bb type=\u00a0\u00bbfull_width\u00a0\u00bb angled_section=\u00a0\u00bbno\u00a0\u00bb text_align=\u00a0\u00bbleft\u00a0\u00bb background_image_as_pattern=\u00a0\u00bbwithout_pattern\u00a0\u00bb][vc_column]<div class=\"templatera_shortcode\"><div      class=\"vc_row wpb_row section vc_row-fluid  padding160 vc_custom_1496004112556 grid_section\" style=' text-align:left;'><div class=\" section_inner clearfix\"><div class='section_inner_margin clearfix'><div class=\"intro-text wpb_column vc_column_container vc_col-sm-12\"><div class=\"vc_column-inner\"><div class=\"wpb_wrapper\">\n\t<div class=\"wpb_text_column wpb_content_element  white-text\">\n\t\t<div class=\"wpb_wrapper\">\n\t\t\t<h2 style=\"text-align: center;\">Ateliers de l'apr\u00e8s-midi<\/h2>\n\n\t\t<\/div> \n\t<\/div> \n\t<div class=\"wpb_text_column wpb_content_element  white-text\">\n\t\t<div class=\"wpb_wrapper\">\n\t\t\t<p style=\"text-align: center;\">Notre programme enrichi de l\u2019apr\u00e8s-midi compl\u00e8te les objectifs de notre programme du matin en offrant une vari\u00e9t\u00e9 d\u2019activit\u00e9s parascolaires parmi lesquelles les enfants peuvent choisir. Ces activit\u00e9s sont directement li\u00e9es aux apprentissages que fait votre enfant dans la classe Montessori et lui permettent de pratiquer toutes les habilet\u00e9s pr\u00e9sent\u00e9es de fa\u00e7on individuelle dans un environnement authentique et social. C\u2019est durant ces activit\u00e9s de l\u2019apr\u00e8s-midi que les enfants apprennent \u00e0 s\u2019adapter au rythme d\u2019un groupe.<\/p>\n<p style=\"text-align: center;\">Notre programme de l\u2019apr\u00e8s-midi propose une grande vari\u00e9t\u00e9 d\u2019activit\u00e9s en alternance qui permettent \u00e0 votre enfant d\u2019explorer de nouvelles habilet\u00e9s et de d\u00e9couvrir de nouvelles passions. Les diverses activit\u00e9s offertes par des sp\u00e9cialistes d\u2019Orchard House et d\u2019ailleurs visent le d\u00e9veloppement de l\u2019enfant dans sa globalit\u00e9, et portent une attention particuli\u00e8re sur l'\u00e9quilibre, la perspective, la merveille, la d\u00e9couverte, et l'imagination.<\/p>\n<p style=\"text-align: center;\">Cliquez ci-dessous pour d\u00e9couvrir quelques-unes des exp\u00e9riences d'apprentissage auxquelles votre enfant participera.<span style=\"color: #ffffff;\"><br \/>\n<\/span><\/p>\n\n\t\t<\/div> \n\t<\/div> <\/div><\/div><\/div><\/div><\/div><\/div><div      class=\"vc_row wpb_row section vc_row-fluid  grid_section\" style=' text-align:left;'><div class=\" section_inner clearfix\"><div class='section_inner_margin clearfix'><div class=\"wpb_column vc_column_container vc_col-sm-12\"><div class=\"vc_column-inner\"><div class=\"wpb_wrapper\">\t<div class=\"vc_empty_space\"  style=\"height: 70px\" ><span\n\t\t\tclass=\"vc_empty_space_inner\">\n\t\t\t<span class=\"empty_space_image\"  ><\/span>\n\t\t<\/span><\/div>\n\n\n\t<div class=\"wpb_video_widget wpb_content_element vc_clearfix   vc_video-aspect-ratio-169 vc_video-el-width-100 vc_video-align-left\" >\n\t\t<div class=\"wpb_wrapper\">\n\t\t\t\n\t\t\t<div class=\"wpb_video_wrapper\"><iframe loading=\"lazy\" title=\"OH afternoon activites\" src=\"https:\/\/player.vimeo.com\/video\/194674939?dnt=1&amp;app_id=122963\" width=\"500\" height=\"281\" frameborder=\"0\" allow=\"autoplay; fullscreen; picture-in-picture; clipboard-write\"><\/iframe><\/div>\n\t\t<\/div>\n\t<\/div>\n\t<div class=\"vc_empty_space\"  style=\"height: 70px\" ><span\n\t\t\tclass=\"vc_empty_space_inner\">\n\t\t\t<span class=\"empty_space_image\"  ><\/span>\n\t\t<\/span><\/div>\n\n<\/div><\/div><\/div><\/div><\/div><\/div><\/div>[\/vc_column][\/vc_row][vc_row css_animation=\u00a0\u00bb\u00a0\u00bb row_type=\u00a0\u00bbrow\u00a0\u00bb use_row_as_full_screen_section=\u00a0\u00bbno\u00a0\u00bb type=\u00a0\u00bbfull_width\u00a0\u00bb angled_section=\u00a0\u00bbno\u00a0\u00bb text_align=\u00a0\u00bbleft\u00a0\u00bb background_image_as_pattern=\u00a0\u00bbwithout_pattern\u00a0\u00bb css=\u00a0\u00bb.vc_custom_1494596811162{margin-bottom: 0px !important;padding-top: 40px !important;padding-bottom: 40px !important;background-image: url(https:\/\/orchard-house.ca\/wp-content\/uploads\/2017\/04\/bacBlue.png?id=109) !important;}\u00a0\u00bb el_id=\u00a0\u00bbmind\u00a0\u00bb][vc_column][vc_empty_space height=\u00a0\u00bb20px\u00a0\u00bb][vc_column_text css=\u00a0\u00bb.vc_custom_1593176319046{padding-bottom: 30px !important;}\u00a0\u00bb]<\/p>\n<h2 style=\"text-align: center;\"><span style=\"color: #ffffff;\">Ateliers de l&rsquo;apr\u00e8s-midi<\/span><\/h2>\n<h4 style=\"text-align: center;\"><span style=\"color: #ffffff;\">Cliquez pour en savoir plus&#8230;<\/span><\/h4>\n<p>[\/vc_column_text][vc_row_inner row_type=\u00a0\u00bbrow\u00a0\u00bb type=\u00a0\u00bbgrid\u00a0\u00bb text_align=\u00a0\u00bbleft\u00a0\u00bb css_animation=\u00a0\u00bb\u00a0\u00bb][vc_column_inner width=\u00a0\u00bb1\/3&Prime;][vc_column_text el_class=\u00a0\u00bbpacifico bigsizefr\u00a0\u00bb]<\/p>\n<h3 style=\"text-align: center;\"><span style=\"color: #d4e8de;\"><a style=\"color: #d4e8de;\" href=\"https:\/\/orchard-house.ca\/fr\/programmes\/les-ateliers-de-lapres-midi\/#soul\">Cr\u00e9ativit\u00e9<\/a><\/span><\/h3>\n<p>[\/vc_column_text][vc_empty_space height=\u00a0\u00bb40px\u00a0\u00bb][\/vc_column_inner][vc_column_inner el_class=\u00a0\u00bbblocPlus\u00a0\u00bb width=\u00a0\u00bb1\/3&Prime;][vc_column_text el_class=\u00a0\u00bbpacifico bigsizefr\u00a0\u00bb]<\/p>\n<h3 style=\"text-align: center;\"><span style=\"color: #d4e8de;\"><a style=\"color: #d4e8de;\" href=\"https:\/\/orchard-house.ca\/fr\/programmes\/les-ateliers-de-lapres-midi\/motricite\/#body\">Motricit\u00e9<\/a><\/span><\/h3>\n<p>[\/vc_column_text][vc_empty_space height=\u00a0\u00bb40px\u00a0\u00bb][\/vc_column_inner][vc_column_inner width=\u00a0\u00bb1\/3&Prime;][vc_column_text el_class=\u00a0\u00bbpacifico bigsizefr bottomborder\u00a0\u00bb]<\/p>\n<h3 style=\"text-align: center;\"><span style=\"color: #ffffff;\">Pens\u00e9e<\/span><\/h3>\n<p>[\/vc_column_text][vc_empty_space height=\u00a0\u00bb40px\u00a0\u00bb][\/vc_column_inner][\/vc_row_inner][\/vc_column][\/vc_row][vc_row css_animation=\u00a0\u00bb\u00a0\u00bb row_type=\u00a0\u00bbrow\u00a0\u00bb use_row_as_full_screen_section=\u00a0\u00bbno\u00a0\u00bb type=\u00a0\u00bbfull_width\u00a0\u00bb angled_section=\u00a0\u00bbno\u00a0\u00bb text_align=\u00a0\u00bbleft\u00a0\u00bb background_image_as_pattern=\u00a0\u00bbwithout_pattern\u00a0\u00bb][vc_column][vc_empty_space height=\u00a0\u00bb60px\u00a0\u00bb][vc_column_text]<\/p>\n<h2 style=\"text-align: center;\">Pens\u00e9e<\/h2>\n<p>[\/vc_column_text][vc_empty_space height=\u00a0\u00bb40px\u00a0\u00bb][vc_row_inner row_type=\u00a0\u00bbrow\u00a0\u00bb type=\u00a0\u00bbgrid\u00a0\u00bb text_align=\u00a0\u00bbleft\u00a0\u00bb css_animation=\u00a0\u00bb\u00a0\u00bb][vc_column_inner offset=\u00a0\u00bbvc_col-lg-6 vc_col-md-6 vc_col-xs-12&Prime;][vc_column_text]<\/p>\n<h3>Mon premier club de lecture<\/h3>\n<p>Chaque semaine, les enfants d\u00e9couvriront un nouveau livre dans le but de leur permettre d\u2019acqu\u00e9rir des habilet\u00e9s langagi\u00e8res importantes. Les discussions sur les livres encouragent les enfants \u00e0 attendre leur tour, \u00e0 prendre la parole et \u00e0 utiliser un langage d\u2019analyse. \u00a0Les enfants ont aussi l\u2019occasion de faire des pr\u00e9visions et de r\u00e9soudre des probl\u00e8mes avec la possibilit\u00e9 d\u2019explorer de nouveaux mots de vocabulaire<\/p>\n<h3>Club de lecture<\/h3>\n<p>Nos passionn\u00e9s de litt\u00e9rature continuent de d\u00e9velopper les comp\u00e9tences fondamentales acquises gr\u00e2ce \u00e0 l&rsquo;exercice de la compr\u00e9hension de la lecture. Dans cette classe, les enfants explorent diff\u00e9rents genres de livres et sont initi\u00e9s \u00e0 une vari\u00e9t\u00e9 d&rsquo;auteurs bien connus. Au cours de ce processus, ils d\u00e9couvrent les principales composantes d&rsquo;une histoire, ils jouent avec et prononcent des mots, ils dictent ou \u00e9crivent leurs propres histoires et cr\u00e9ent les illustrations qui les accompagnent.<\/p>\n<h3>\u00c0 mon tour<\/h3>\n<p>Dans cette classe, les enfants sont initi\u00e9s \u00e0 la notion ancienne des jeux de soci\u00e9t\u00e9, qui profite \u00e0 la fois au d\u00e9veloppement social et cognitif. La vari\u00e9t\u00e9 de jeux de soci\u00e9t\u00e9 \u00e0 port\u00e9e de main encourage le d\u00e9veloppement sain du cerveau et les comp\u00e9tences de fonctionnement ex\u00e9cutif, notamment la planification, l&rsquo;organisation et la prise de d\u00e9cisions. Ici, les enfants sont guid\u00e9s pour d\u00e9tecter les sch\u00e9mas, exercer leur esprit critique, pr\u00e9dire les mouvements des adversaires et \u00e9laborer des strat\u00e9gies pour planifier les prochaines \u00e9tapes. Nos joueurs sont encourag\u00e9s \u00e0 coop\u00e9rer, \u00e0 collaborer, \u00e0 suivre des jeux avec des r\u00e8gles et \u00e0 apprendre \u00e0 perdre gracieusement\u00a0!<\/p>\n<h3>Royaume des animaux<\/h3>\n<p>Appel \u00e0 tous les amateurs d\u2019animaux ! Cette classe initie les enfants \u00e0 toutes sortes de cr\u00e9atures, de celles que nous trouvons dans notre jardin \u00e0 celles qui vivent \u00e0 l\u2019autre bout du monde. Les enfants apprennent tout sur les traits et les habitats des animaux, la prog\u00e9niture et les cycles de vie. Montez \u00e0 bord et lancez-vous dans ce voyage aventureux et plein de d\u00e9couvertes\u00a0!<\/p>\n<h3>Exploration des \u00e9cosyst\u00e8mes<\/h3>\n<p>Les jeunes enfants sont fascin\u00e9s par les merveilles de la nature. Alors que nos voyageurs aventureux explorent les \u00e9cosyst\u00e8mes de notre plan\u00e8te, ils observent et d\u00e9couvrent les insectes, les reptiles et les amphibiens trouv\u00e9s dans leurs habitats naturels. Des exemples de sujets incluent la for\u00eat, la for\u00eat tropicale, le d\u00e9sert et l&rsquo;oc\u00e9an. Pr\u00e9parez vos passeports pour une grande exploration autour du monde !<\/p>\n<h3>Scientifiques en herbe<\/h3>\n<p>Gr\u00e2ce \u00e0 des exp\u00e9riences et des observations pratiques, les enfants apprennent les premi\u00e8res \u00e9tapes du processus scientifique, en \u00e9mettant des hypoth\u00e8ses et en observant les ph\u00e9nom\u00e8nes naturels qui les entourent. Les th\u00e8mes amusants incluent les aimants, le naufrage et le flottement, et les r\u00e9actions chimiques simples. L&rsquo;utilisation de notre imprimante 3D maison, ainsi que la table lumineuse, avec des produits compl\u00e9mentaires tels que les feuilles de radiographie humaine et d&rsquo;autres mat\u00e9riaux translucides, sont un plus !<\/p>\n<h3>Quelle plan\u00e8te!<\/h3>\n<p>Les jeunes esprits curieux apprennent \u00e0 mettre en \u0153uvre le processus scientifique par le biais d&rsquo;exp\u00e9riences et d&rsquo;observations pratiques. Ils apprennent \u00e0 poser une question, \u00e0 construire une hypoth\u00e8se, \u00e0 mener une exp\u00e9rience, \u00e0 tirer des conclusions et \u00e0 enregistrer leurs r\u00e9sultats. Cette exploration aide \u00e0 d\u00e9couvrir le corps humain, les propri\u00e9t\u00e9s de la mati\u00e8re, le ciel, la Terre et la m\u00e9t\u00e9o.<\/p>\n<h3>Club de Lego<\/h3>\n<p>La cr\u00e9ativit\u00e9, la pens\u00e9e critique, la r\u00e9solution de probl\u00e8me et le d\u00e9veloppement moteur sont que quelques aspects que les enfants pourront am\u00e9liorer en s\u2019inscrivant au club de Lego.\u00a0 Depuis 1940, Lego est devenu un des jeux \u00e9ducatifs le plus populaire.\u00a0 Chaque semaine, les enfants exploreront une nouvelle activit\u00e9 telle la cr\u00e9ation d\u2019un gratte-ciel ou la fabrication d\u2019une grue fonctionnelle.[\/vc_column_text][vc_video link=\u00a0\u00bbhttps:\/\/vimeo.com\/215262062&Prime; css=\u00a0\u00bb.vc_custom_1648133082998{margin-top: 32px !important;margin-bottom: 32px !important;}\u00a0\u00bb][\/vc_column_inner][vc_column_inner offset=\u00a0\u00bbvc_col-lg-6 vc_col-md-6 vc_col-xs-12&Prime;][vc_column_text]<\/p>\n<h3>Petits constructeurs<\/h3>\n<p>Le jeu de construction pr\u00e9sente de multiples avantages \u00e9ducatifs qui touchent au d\u00e9veloppement de la motricit\u00e9 fine, aux comp\u00e9tences en r\u00e9solution de probl\u00e8mes, \u00e0 la planification, \u00e0 la collaboration et \u00e0 la coop\u00e9ration. Ici, nos petits constructeurs sont invit\u00e9s \u00e0 s&rsquo;engager dans des sc\u00e9narios de jeu ouverts dirig\u00e9s par les enfants qui utilisent une vari\u00e9t\u00e9 de mat\u00e9riaux, y compris des Legos, des blocs de bois, des tuiles magn\u00e9tiques et les blocs g\u00e9ants Imagination Playground d&rsquo;Orchard House.<\/p>\n<h3>Architectes en herbe<\/h3>\n<p>Dans cette classe, nos architectes en herbe ont la possibilit\u00e9 de concevoir, planifier et cr\u00e9er des structures et des b\u00e2timents, des maisons et des villes. Avec des sujets qui incluent des v\u00e9hicules de construction, des monuments c\u00e9l\u00e8bres et des outils, les enfants et leurs camarades de classe cr\u00e9ent des innovations originales en utilisant une vari\u00e9t\u00e9 de mat\u00e9riaux de construction \u00e0 port\u00e9e de main. Dans ce processus collaboratif, ils exercent leur conscience spatiale et leur raisonnement spatial, et exp\u00e9rimentent leur compr\u00e9hension de la mesure et de la g\u00e9om\u00e9trie.<\/p>\n<h3>Tinker Lab<\/h3>\n<p>Suscitant des moments d&rsquo;\u00e9merveillement et de d\u00e9couverte, tinker play consiste \u00e0 comprendre comment les choses fonctionnent, comment les assembler et comment les d\u00e9monter. Le Tinker Lab est le cadre id\u00e9al pour une exploration ludique, invitant les jeunes esprits curieux \u00e0 exp\u00e9rimenter de nouveaux outils et de nouveaux mat\u00e9riaux, et \u00e0 envisager d&rsquo;utiliser des objets sp\u00e9cifiques de diff\u00e9rentes mani\u00e8res. Cet exemple de maker education est \u00e9troitement associ\u00e9 \u00e0 l&rsquo;apprentissage bas\u00e9 sur des projets STEM qui s&rsquo;appuie sur des exp\u00e9riences d&rsquo;apprentissage pratiques et collaboratives comme m\u00e9thode de r\u00e9solution de probl\u00e8mes.<\/p>\n<h3>Maker Space<\/h3>\n<p>Le mouvement \u00ab maker education \u00bb est une approche de l&rsquo;enseignement et de l&rsquo;apprentissage ax\u00e9e sur l\u2019esprit d\u2019inquisition de l\u2019enfant. \u00a0Dans ce Maker Space, nos jeunes ing\u00e9nieurs travaillent ensemble pour concevoir des choses qui r\u00e8glent des probl\u00e8mes. Tenant compte des contraintes telles que les mat\u00e9riaux et le temps, ils nourrissent leur imagination d\u00e9bordante et entreprennent de cr\u00e9er et de tester des prototypes. Des exemples de sujets incluent l&rsquo;exploration de ponts et de tunnels, de fus\u00e9es et d&rsquo;h\u00e9licopt\u00e8res, de m\u00e9tros et de camions.<\/p>\n<h3>Petits programmeurs<\/h3>\n<p>En grandissant dans un monde num\u00e9rique, le codage est devenu une comp\u00e9tence essentielle. Les activit\u00e9s de codage pr\u00e9scolaires n&rsquo;ont pas besoin d&rsquo;impliquer un \u00e9cran, et les concepts de codage de cette classe de pr\u00e9-programmeurs sont explor\u00e9s \u00e0 travers des jeux de soci\u00e9t\u00e9, des grilles et des cartes. Gr\u00e2ce \u00e0 de telles activit\u00e9s, nos aspirants codeurs renforcent leur sens du nombre, exercent leur compr\u00e9hension du sens de la direction, apprennent \u00e0 suivre des instructions en plusieurs \u00e9tapes et explorent les concepts interd\u00e9pendants de mouvement et de localisation.<\/p>\n<h3>Introduction au codage<\/h3>\n<p>Apprendre \u00e0 coder semble s\u00e9rieux, mais avec Awbie d\u2019Osmo, c\u2019est un vrai plaisir. Nos enfants-codeurs commenceront par des jeux de soci\u00e9t\u00e9 sp\u00e9ciaux pour apprendre les principes de base du codage, la pens\u00e9e informatique et la r\u00e9solution de probl\u00e8mes, avant de passer \u00e0 Awbie d\u2019Osmo. L\u00e0, ils apprendront \u00e0 placer des blocs physiques en s\u00e9quences, boucles et si\/ou actions, afin que Awbie \u00e0 l\u2019\u00e9cran puisse se promener, sauter par-dessus des obstacles et attraper des fraises dans un monde magique.<\/p>\n<h3>Classe d\u2019apr\u00e8s-midi<\/h3>\n<p>Alors que votre jeune enfant d&rsquo;\u00e2ge pr\u00e9scolaire commence \u00e0 affirmer le contr\u00f4le de soi et de l&rsquo;environnement, des opportunit\u00e9s structur\u00e9es sont fournies dans le cadre d&rsquo;un syst\u00e8me Montessori stimulant, qui encouragent votre enfant \u00e0 faire preuve d&rsquo;initiative et d&rsquo;exploration. \u00a0Dans cette classe, votre enfant augmente les interactions sociales avec ses amis, apprend \u00e0 \u00e9tablir des relations positives avec les autres et commence \u00e0 d\u00e9velopper des formes de jeu et de travail d&rsquo;\u00e9quipe plus complexes. Au fur et \u00e0 mesure que les comp\u00e9tences n\u00e9cessaires pour r\u00e9ussir \u00e0 la maternelle se d\u00e9veloppent, un v\u00e9ritable sentiment de fiert\u00e9 dans ses capacit\u00e9s et ses r\u00e9alisations se poursuivra.[\/vc_column_text][\/vc_column_inner][\/vc_row_inner][\/vc_column][\/vc_row][vc_row css_animation=\u00a0\u00bb\u00a0\u00bb row_type=\u00a0\u00bbrow\u00a0\u00bb use_row_as_full_screen_section=\u00a0\u00bbno\u00a0\u00bb type=\u00a0\u00bbfull_width\u00a0\u00bb angled_section=\u00a0\u00bbno\u00a0\u00bb text_align=\u00a0\u00bbcenter\u00a0\u00bb background_image_as_pattern=\u00a0\u00bbwithout_pattern\u00a0\u00bb css=\u00a0\u00bb.vc_custom_1648051696914{margin-top: 64px !important;}\u00a0\u00bb z_index=\u00a0\u00bb\u00a0\u00bb][vc_column][vc_empty_space height=\u00a0\u00bb20px\u00a0\u00bb][vc_gallery type=\u00a0\u00bbimage_grid\u00a0\u00bb images=\u00a0\u00bb1200,1202,1203,1206,1207,1208,1209,1211,1212,1213,1215,1216,1217,1218,1219,1220,1222,1223,1224,1225,1226,1227,1228,1229,1230,1231,1232,1233,1234,1235,1237,1239&Prime; img_size=\u00a0\u00bbmedium\u00a0\u00bb column_number=\u00a0\u00bb4&Prime; grayscale=\u00a0\u00bbno\u00a0\u00bb images_space=\u00a0\u00bbgallery_without_space\u00a0\u00bb][\/vc_column][\/vc_row][vc_row css_animation=\u00a0\u00bb\u00a0\u00bb row_type=\u00a0\u00bbrow\u00a0\u00bb use_row_as_full_screen_section=\u00a0\u00bbno\u00a0\u00bb type=\u00a0\u00bbfull_width\u00a0\u00bb angled_section=\u00a0\u00bbno\u00a0\u00bb text_align=\u00a0\u00bbleft\u00a0\u00bb background_image_as_pattern=\u00a0\u00bbwithout_pattern\u00a0\u00bb css=\u00a0\u00bb.vc_custom_1497635118257{margin-bottom: 0px !important;padding-top: 40px !important;padding-bottom: 40px !important;background-image: url(https:\/\/orchard-house.ca\/wp-content\/uploads\/2017\/04\/bacBlue.png?id=109) !important;}\u00a0\u00bb][vc_column][vc_empty_space height=\u00a0\u00bb20px\u00a0\u00bb][vc_column_text css=\u00a0\u00bb.vc_custom_1500922493839{padding-bottom: 30px !important;}\u00a0\u00bb]<\/p>\n<h2 style=\"text-align: center;\"><span style=\"color: #ffffff;\">Ateliers de l&rsquo;apr\u00e8s-midi<\/span><\/h2>\n<h4 style=\"text-align: center;\"><span style=\"color: #ffffff;\">Cliquez pour en savoir plus<\/span><\/h4>\n<p>[\/vc_column_text][vc_row_inner row_type=\u00a0\u00bbrow\u00a0\u00bb type=\u00a0\u00bbgrid\u00a0\u00bb text_align=\u00a0\u00bbleft\u00a0\u00bb css_animation=\u00a0\u00bb\u00a0\u00bb][vc_column_inner width=\u00a0\u00bb1\/3&Prime;][vc_column_text el_class=\u00a0\u00bbpacifico bigsizefr\u00a0\u00bb]<\/p>\n<h3 style=\"text-align: center;\"><span style=\"color: #d4e8de;\"><a style=\"color: #d4e8de;\" href=\"https:\/\/orchard-house.ca\/fr\/programmes\/les-ateliers-de-lapres-midi\/#soul\">Cr\u00e9ativit\u00e9<\/a><\/span><\/h3>\n<p>[\/vc_column_text][vc_empty_space height=\u00a0\u00bb40px\u00a0\u00bb][\/vc_column_inner][vc_column_inner el_class=\u00a0\u00bbblocPlus\u00a0\u00bb width=\u00a0\u00bb1\/3&Prime;][vc_column_text el_class=\u00a0\u00bbpacifico bigsizefr\u00a0\u00bb]<\/p>\n<h3 style=\"text-align: center;\"><span style=\"color: #d4e8de;\"><a style=\"color: #d4e8de;\" href=\"https:\/\/orchard-house.ca\/fr\/programmes\/les-ateliers-de-lapres-midi\/motricite\/#body\">Motricit\u00e9<\/a><\/span><\/h3>\n<p>[\/vc_column_text][vc_empty_space height=\u00a0\u00bb40px\u00a0\u00bb][\/vc_column_inner][vc_column_inner width=\u00a0\u00bb1\/3&Prime;][vc_column_text el_class=\u00a0\u00bbpacifico bigsizefr bottomborder\u00a0\u00bb]<\/p>\n<h3 style=\"text-align: center;\"><span style=\"color: #ffffff;\"><a style=\"color: #ffffff;\" href=\"https:\/\/orchard-house.ca\/fr\/programmes\/les-ateliers-de-lapres-midi\/pensee\/#mind\">Pens\u00e9e<\/a><\/span><\/h3>\n<p>[\/vc_column_text][vc_empty_space height=\u00a0\u00bb40px\u00a0\u00bb][\/vc_column_inner][\/vc_row_inner][vc_empty_space height=\u00a0\u00bb20px\u00a0\u00bb][\/vc_column][\/vc_row]<\/p>\n<\/div>","protected":false},"excerpt":{"rendered":"Ateliers de l'apr\u00e8s-midi Notre programme enrichi de l\u2019apr\u00e8s-midi compl\u00e8te les objectifs de notre programme du matin en offrant une vari\u00e9t\u00e9 d\u2019activit\u00e9s parascolaires parmi...","protected":false},"author":1,"featured_media":0,"parent":2475,"menu_order":0,"comment_status":"closed","ping_status":"closed","template":"full_width.php","meta":{"footnotes":""},"class_list":["post-2495","page","type-page","status-publish","hentry"],"_links":{"self":[{"href":"https:\/\/orchard-house.ca\/fr\/wp-json\/wp\/v2\/pages\/2495","targetHints":{"allow":["GET"]}}],"collection":[{"href":"https:\/\/orchard-house.ca\/fr\/wp-json\/wp\/v2\/pages"}],"about":[{"href":"https:\/\/orchard-house.ca\/fr\/wp-json\/wp\/v2\/types\/page"}],"author":[{"embeddable":true,"href":"https:\/\/orchard-house.ca\/fr\/wp-json\/wp\/v2\/users\/1"}],"replies":[{"embeddable":true,"href":"https:\/\/orchard-house.ca\/fr\/wp-json\/wp\/v2\/comments?post=2495"}],"version-history":[{"count":8,"href":"https:\/\/orchard-house.ca\/fr\/wp-json\/wp\/v2\/pages\/2495\/revisions"}],"predecessor-version":[{"id":3086,"href":"https:\/\/orchard-house.ca\/fr\/wp-json\/wp\/v2\/pages\/2495\/revisions\/3086"}],"up":[{"embeddable":true,"href":"https:\/\/orchard-house.ca\/fr\/wp-json\/wp\/v2\/pages\/2475"}],"wp:attachment":[{"href":"https:\/\/orchard-house.ca\/fr\/wp-json\/wp\/v2\/media?parent=2495"}],"curies":[{"name":"wp","href":"https:\/\/api.w.org\/{rel}","templated":true}]}}