{"id":2489,"date":"2017-05-10T20:59:40","date_gmt":"2017-05-10T18:59:40","guid":{"rendered":"https:\/\/orchard-house.ca\/dev\/ateliers-de-lapres-midi\/"},"modified":"2023-04-11T22:12:17","modified_gmt":"2023-04-11T20:12:17","slug":"ateliers-de-lapres-midi","status":"publish","type":"page","link":"https:\/\/orchard-house.ca\/fr\/programmes\/notre-programme-educatif\/ateliers-de-lapres-midi\/","title":{"rendered":"Ateliers de l&rsquo;apr\u00e8s-midi"},"content":{"rendered":"<div class=\"wpb-content-wrapper\"><p>[vc_row css_animation=\u00a0\u00bb\u00a0\u00bb row_type=\u00a0\u00bbrow\u00a0\u00bb use_row_as_full_screen_section=\u00a0\u00bbno\u00a0\u00bb type=\u00a0\u00bbgrid\u00a0\u00bb angled_section=\u00a0\u00bbno\u00a0\u00bb text_align=\u00a0\u00bbleft\u00a0\u00bb background_image_as_pattern=\u00a0\u00bbwithout_pattern\u00a0\u00bb css=\u00a0\u00bb.vc_custom_1495899727207{padding-top: 140px !important;background: #fda88b url(https:\/\/orchard-house.ca\/wp-content\/uploads\/2017\/05\/orangeTop.png?id=228) !important;background-position: 0 0 !important;background-repeat: no-repeat !important;}\u00a0\u00bb el_class=\u00a0\u00bbpadding160&Prime;][vc_column el_class=\u00a0\u00bbintro-text\u00a0\u00bb][vc_column_text el_class=\u00a0\u00bbwhite-text\u00a0\u00bb]<\/p>\n<h2 style=\"text-align: center;\">Notre programme \u00e9ducatif<\/h2>\n<p style=\"text-align: center;\">Orchard House innove avec un programme bilingue qui fusionne les enseignements de la Dre Maria Montessori, les plus r\u00e9cents travaux de recherche sur les bienfaits des jeux cr\u00e9atifs et autodirig\u00e9s ainsi que des instructions de l\u2019enseignante.<\/p>\n<p style=\"text-align: center;\">Les recherches r\u00e9centes continuent de souligner le r\u00f4le crucial des exp\u00e9riences positives et d\u00e9terminantes dans le d\u00e9veloppement du cerveau de votre jeune enfant. Les exp\u00e9riences auxquelles votre enfant est expos\u00e9 doivent \u00eatre, par cons\u00e9quent, grandement consid\u00e9r\u00e9es tout au long de son parcours pour qu\u2019il accumule les r\u00e9ussites.<\/p>\n<p style=\"text-align: center;\">Dans cet esprit et dans le but ultime d\u2019inculquer les comp\u00e9tences n\u00e9cessaires \u00e0 la pr\u00e9paration scolaire et aux r\u00e9ussites futures, nous avons cr\u00e9\u00e9 notre propre programme distinctif, le programme Orchard House.<\/p>\n<p style=\"text-align: center;\">Notre programme du matin est ax\u00e9 sur l\u2019approche individualis\u00e9e Montessori pour l\u2019apprentissage de diverses comp\u00e9tences, tandis que le programme de l\u2019apr\u00e8s-midi propose des activit\u00e9s en groupe et encourage les enfants \u00e0 mettre en pratique toutes ces comp\u00e9tences fondamentales dans divers contextes authentiques et structur\u00e9s. Les jeux de r\u00f4les sont inclus quotidiennement pour compl\u00e9ter le programme et pour maximiser toutes les sph\u00e8res de d\u00e9veloppement de votre enfant.<\/p>\n<p>[\/vc_column_text][vc_empty_space height=\u00a0\u00bb40px\u00a0\u00bb][vc_column_text css=\u00a0\u00bb.vc_custom_1504278789155{padding-bottom: 30px !important;}\u00a0\u00bb el_class=\u00a0\u00bbwhite-text\u00a0\u00bb]<\/p>\n<h2 style=\"text-align: center;\">Les trois composantes de notre programme&#8230;<\/h2>\n<h3 style=\"text-align: center;\">CLIQUEZ POUR EN SAVOIR PLUS&#8230;<\/h3>\n<p>[\/vc_column_text][vc_row_inner row_type=\u00a0\u00bbrow\u00a0\u00bb type=\u00a0\u00bbgrid\u00a0\u00bb text_align=\u00a0\u00bbleft\u00a0\u00bb css_animation=\u00a0\u00bb\u00a0\u00bb el_id=\u00a0\u00bbactivities\u00a0\u00bb][vc_column_inner width=\u00a0\u00bb1\/3&Prime;][vc_column_text el_class=\u00a0\u00bbpacifico\u00a0\u00bb]<\/p>\n<h3 style=\"text-align: center;\"><span style=\"color: #ffd1c0;\"><a style=\"color: #ffd1c0;\" href=\"https:\/\/orchard-house.ca\/fr\/our-programs\/our-curriculum\/#mornings\">Les matins<br \/>\nMontessori<\/a><\/span><\/h3>\n<p>[\/vc_column_text][\/vc_column_inner][vc_column_inner width=\u00a0\u00bb1\/3&Prime;][vc_column_text el_class=\u00a0\u00bbpacifico\u00a0\u00bb]<\/p>\n<h3 style=\"text-align: center;\"><span style=\"color: #ffd1c0;\"><a style=\"color: #ffd1c0;\" href=\"https:\/\/orchard-house.ca\/fr\/our-programs\/our-curriculum\/importance-of-play\/#play\">L&rsquo;importance<br \/>\ndu jeu<\/a><\/span><\/h3>\n<p>[\/vc_column_text][\/vc_column_inner][vc_column_inner width=\u00a0\u00bb1\/3&Prime;][vc_column_text el_class=\u00a0\u00bbpacifico bottomborder white-text\u00a0\u00bb]<\/p>\n<h3 style=\"text-align: center;\"><a href=\"https:\/\/orchard-house.ca\/fr\/our-programs\/our-curriculum\/afternoon-activities\/#activities\">Ateliers de<br \/>\nl&rsquo;apr\u00e8s-midi<\/a><\/h3>\n<p>[\/vc_column_text][\/vc_column_inner][\/vc_row_inner][\/vc_column][\/vc_row][vc_row css_animation=\u00a0\u00bb\u00a0\u00bb row_type=\u00a0\u00bbrow\u00a0\u00bb use_row_as_full_screen_section=\u00a0\u00bbno\u00a0\u00bb type=\u00a0\u00bbgrid\u00a0\u00bb angled_section=\u00a0\u00bbno\u00a0\u00bb text_align=\u00a0\u00bbleft\u00a0\u00bb background_image_as_pattern=\u00a0\u00bbwithout_pattern\u00a0\u00bb][vc_column offset=\u00a0\u00bbvc_col-lg-12 vc_col-md-12 vc_col-xs-12&Prime; el_class=\u00a0\u00bbintro-text\u00a0\u00bb][vc_column_text]<\/p>\n<h2 style=\"text-align: center;\">Ateliers de l&rsquo;apr\u00e8s-midi<\/h2>\n<p>[\/vc_column_text][vc_column_text]<\/p>\n<p style=\"text-align: center;\">Notre programme enrichi de l\u2019apr\u00e8s-midi compl\u00e8te les objectifs de notre programme du matin en offrant une vari\u00e9t\u00e9 d\u2019activit\u00e9s parascolaires parmi lesquelles les enfants peuvent choisir. Ces activit\u00e9s sont directement li\u00e9es aux apprentissages que fait votre enfant dans la classe Montessori et lui permettent de pratiquer toutes les habilet\u00e9s pr\u00e9sent\u00e9es de fa\u00e7on individuelle dans un environnement authentique et social. C\u2019est durant ces activit\u00e9s de l\u2019apr\u00e8s-midi que les enfants apprennent \u00e0 s\u2019adapter au rythme d\u2019un groupe.<\/p>\n<p style=\"text-align: center;\">Notre programme de l\u2019apr\u00e8s-midi propose une grande vari\u00e9t\u00e9 d\u2019activit\u00e9s en alternance qui permettent \u00e0 votre enfant d\u2019explorer de nouvelles habilet\u00e9s et de d\u00e9couvrir de nouvelles passions. Les diverses activit\u00e9s offertes par des sp\u00e9cialistes d\u2019Orchard House et d\u2019ailleurs visent le d\u00e9veloppement de l\u2019enfant dans sa globalit\u00e9, et portent une attention particuli\u00e8re sur l&rsquo;\u00e9quilibre, la perspective, la merveille, la d\u00e9couverte, et l&rsquo;imagination.<\/p>\n<p style=\"text-align: center;\">Cliquez ci-dessous pour d\u00e9couvrir quelques-unes des exp\u00e9riences d&rsquo;apprentissage auxquelles votre enfant participera.<span style=\"color: #ffffff;\"><br \/>\n<\/span><\/p>\n<p>[\/vc_column_text][vc_empty_space height=\u00a0\u00bb60px\u00a0\u00bb][vc_video link=\u00a0\u00bbhttps:\/\/vimeo.com\/194674939&Prime; align=\u00a0\u00bbcenter\u00a0\u00bb][\/vc_column][\/vc_row][vc_row css_animation=\u00a0\u00bb\u00a0\u00bb row_type=\u00a0\u00bbrow\u00a0\u00bb use_row_as_full_screen_section=\u00a0\u00bbno\u00a0\u00bb type=\u00a0\u00bbfull_width\u00a0\u00bb angled_section=\u00a0\u00bbno\u00a0\u00bb text_align=\u00a0\u00bbleft\u00a0\u00bb background_image_as_pattern=\u00a0\u00bbwithout_pattern\u00a0\u00bb css=\u00a0\u00bb.vc_custom_1681243935707{background-image: url(https:\/\/orchard-house.ca\/wp-content\/uploads\/2017\/04\/bacBlue.png?id=2516) !important;}\u00a0\u00bb z_index=\u00a0\u00bb\u00a0\u00bb][vc_column]<div class=\"templatera_shortcode\"><div id=\"decouverte\"     class=\"vc_row wpb_row section vc_row-fluid  vc_custom_1677770310622\" style=' text-align:left;'><div class=\" full_section_inner clearfix\"><div class=\"wpb_column vc_column_container vc_col-sm-12\"><div class=\"vc_column-inner\"><div class=\"wpb_wrapper\">\t<div class=\"vc_empty_space\"  style=\"height: 20px\" ><span\n\t\t\tclass=\"vc_empty_space_inner\">\n\t\t\t<span class=\"empty_space_image\"  ><\/span>\n\t\t<\/span><\/div>\n\n\n\t<div class=\"wpb_text_column wpb_content_element  white-text vc_custom_1681243804000\">\n\t\t<div class=\"wpb_wrapper\">\n\t\t\t<h2 style=\"text-align: center;\">\u00c9duquer l'enfant dans sa globalit\u00e9<\/h2>\n<h4 style=\"text-align: center;\">Cliquez pour en savoir plus<\/h4>\n\n\t\t<\/div> \n\t<\/div> <div      class=\"vc_row wpb_row section vc_row-fluid vc_inner  aft-act-icon-holder grid_section\" style=' text-align:left;'><div class=\" section_inner clearfix\"><div class='section_inner_margin clearfix'><div class=\"wpb_column vc_column_container vc_col-sm-1\/5 vc_col-xs-6\"><div class=\"vc_column-inner\"><div class=\"wpb_wrapper\">\n\t<div class=\"wpb_single_image wpb_content_element vc_align_center  qode_image_hover_zoom_in\">\n\t\t<div class=\"wpb_wrapper\">\n\t\t\t\n\t\t\t<a href=\"https:\/\/orchard-house.ca\/fr\/programmes\/les-ateliers-de-lapres-midi\/#equilibre\" target=\"_self\"><div class=\"vc_single_image-wrapper   vc_box_border_grey\"><img loading=\"lazy\" decoding=\"async\" width=\"480\" height=\"480\" src=\"https:\/\/orchard-house.ca\/wp-content\/uploads\/2023\/02\/Balance_Circle.png\" class=\"vc_single_image-img attachment-large\" alt=\"\" title=\"Balance_Circle\" srcset=\"https:\/\/orchard-house.ca\/wp-content\/uploads\/2023\/02\/Balance_Circle.png 480w, https:\/\/orchard-house.ca\/wp-content\/uploads\/2023\/02\/Balance_Circle-300x300.png 300w, https:\/\/orchard-house.ca\/wp-content\/uploads\/2023\/02\/Balance_Circle-150x150.png 150w\" sizes=\"auto, (max-width: 480px) 100vw, 480px\" \/><\/div><\/a>\n\t\t<\/div>\n\t<\/div>\n\n\t<div class=\"wpb_text_column wpb_content_element \">\n\t\t<div class=\"wpb_wrapper\">\n\t\t\t<h3 style=\"text-align: center;\"><a href=\"https:\/\/orchard-house.ca\/fr\/programmes\/les-ateliers-de-lapres-midi\/#equilibre\">L'\u00e9quilibre<\/a><\/h3>\n\n\t\t<\/div> \n\t<\/div> \n\t<div class=\"wpb_text_column wpb_content_element  white\">\n\t\t<div class=\"wpb_wrapper\">\n\t\t\t<p style=\"text-align: center;\">Promouvoir l'autor\u00e9gulation et le d\u00e9veloppement socio-\u00e9motionnel.<\/p>\n\n\t\t<\/div> \n\t<\/div> \t<div class=\"vc_empty_space\"  style=\"height: 40px\" ><span\n\t\t\tclass=\"vc_empty_space_inner\">\n\t\t\t<span class=\"empty_space_image\"  ><\/span>\n\t\t<\/span><\/div>\n\n<\/div><\/div><\/div><div class=\"wpb_column vc_column_container vc_col-sm-1\/5 vc_col-xs-6\"><div class=\"vc_column-inner\"><div class=\"wpb_wrapper\">\n\t<div class=\"wpb_single_image wpb_content_element vc_align_center  qode_image_hover_zoom_in\">\n\t\t<div class=\"wpb_wrapper\">\n\t\t\t\n\t\t\t<a href=\"https:\/\/orchard-house.ca\/fr\/programmes\/les-ateliers-de-lapres-midi\/perspective\/#perspective\" target=\"_self\"><div class=\"vc_single_image-wrapper   vc_box_border_grey\"><img loading=\"lazy\" decoding=\"async\" width=\"480\" height=\"480\" src=\"https:\/\/orchard-house.ca\/wp-content\/uploads\/2023\/02\/Perspective_circle.png\" class=\"vc_single_image-img attachment-large\" alt=\"\" title=\"Perspective_circle\" srcset=\"https:\/\/orchard-house.ca\/wp-content\/uploads\/2023\/02\/Perspective_circle.png 480w, https:\/\/orchard-house.ca\/wp-content\/uploads\/2023\/02\/Perspective_circle-300x300.png 300w, https:\/\/orchard-house.ca\/wp-content\/uploads\/2023\/02\/Perspective_circle-150x150.png 150w\" sizes=\"auto, (max-width: 480px) 100vw, 480px\" \/><\/div><\/a>\n\t\t<\/div>\n\t<\/div>\n\n\t<div class=\"wpb_text_column wpb_content_element \">\n\t\t<div class=\"wpb_wrapper\">\n\t\t\t<h3 style=\"text-align: center;\"><a href=\"https:\/\/orchard-house.ca\/fr\/programmes\/les-ateliers-de-lapres-midi\/perspective\/#perspective\">La perspective<\/a><\/h3>\n\n\t\t<\/div> \n\t<\/div> \n\t<div class=\"wpb_text_column wpb_content_element  white\">\n\t\t<div class=\"wpb_wrapper\">\n\t\t\t<p style=\"text-align: center;\">\u00c9largir nos horizons culturels et se lancer dans un voyage de d\u00e9couverte.<\/p>\n\n\t\t<\/div> \n\t<\/div> \t<div class=\"vc_empty_space\"  style=\"height: 40px\" ><span\n\t\t\tclass=\"vc_empty_space_inner\">\n\t\t\t<span class=\"empty_space_image\"  ><\/span>\n\t\t<\/span><\/div>\n\n<\/div><\/div><\/div><div class=\"wpb_column vc_column_container vc_col-sm-1\/5 vc_col-xs-6\"><div class=\"vc_column-inner\"><div class=\"wpb_wrapper\">\n\t<div class=\"wpb_single_image wpb_content_element vc_align_center  qode_image_hover_zoom_in\">\n\t\t<div class=\"wpb_wrapper\">\n\t\t\t\n\t\t\t<a href=\"https:\/\/orchard-house.ca\/fr\/programmes\/les-ateliers-de-lapres-midi\/merveille\/#merveille\" target=\"_self\"><div class=\"vc_single_image-wrapper   vc_box_border_grey\"><img loading=\"lazy\" decoding=\"async\" width=\"480\" height=\"480\" src=\"https:\/\/orchard-house.ca\/wp-content\/uploads\/2023\/02\/Wonder_circle.png\" class=\"vc_single_image-img attachment-large\" alt=\"\" title=\"Wonder_circle\" srcset=\"https:\/\/orchard-house.ca\/wp-content\/uploads\/2023\/02\/Wonder_circle.png 480w, https:\/\/orchard-house.ca\/wp-content\/uploads\/2023\/02\/Wonder_circle-300x300.png 300w, https:\/\/orchard-house.ca\/wp-content\/uploads\/2023\/02\/Wonder_circle-150x150.png 150w\" sizes=\"auto, (max-width: 480px) 100vw, 480px\" \/><\/div><\/a>\n\t\t<\/div>\n\t<\/div>\n\n\t<div class=\"wpb_text_column wpb_content_element \">\n\t\t<div class=\"wpb_wrapper\">\n\t\t\t<h3 style=\"text-align: center;\"><a href=\"https:\/\/orchard-house.ca\/fr\/programmes\/les-ateliers-de-lapres-midi\/merveille\/#merveille\">La merveille<\/a><\/h3>\n\n\t\t<\/div> \n\t<\/div> \n\t<div class=\"wpb_text_column wpb_content_element  white\">\n\t\t<div class=\"wpb_wrapper\">\n\t\t\t<p style=\"text-align: center;\">Nourrir la curiosit\u00e9 et favoriser un lien avec le monde naturel.<\/p>\n\n\t\t<\/div> \n\t<\/div> \t<div class=\"vc_empty_space\"  style=\"height: 40px\" ><span\n\t\t\tclass=\"vc_empty_space_inner\">\n\t\t\t<span class=\"empty_space_image\"  ><\/span>\n\t\t<\/span><\/div>\n\n<\/div><\/div><\/div><div class=\"wpb_column vc_column_container vc_col-sm-1\/5 vc_col-xs-6\"><div class=\"vc_column-inner\"><div class=\"wpb_wrapper\">\n\t<div class=\"wpb_single_image wpb_content_element vc_align_center  qode_image_hover_zoom_in\">\n\t\t<div class=\"wpb_wrapper\">\n\t\t\t\n\t\t\t<a href=\"https:\/\/orchard-house.ca\/fr\/programmes\/les-ateliers-de-lapres-midi\/decouverte\/#decouverte\" target=\"_self\"><div class=\"vc_single_image-wrapper   vc_box_border_grey\"><img loading=\"lazy\" decoding=\"async\" width=\"480\" height=\"480\" src=\"https:\/\/orchard-house.ca\/wp-content\/uploads\/2023\/02\/Discovery_circle.png\" class=\"vc_single_image-img attachment-large\" alt=\"\" title=\"Discovery_circle\" srcset=\"https:\/\/orchard-house.ca\/wp-content\/uploads\/2023\/02\/Discovery_circle.png 480w, https:\/\/orchard-house.ca\/wp-content\/uploads\/2023\/02\/Discovery_circle-300x300.png 300w, https:\/\/orchard-house.ca\/wp-content\/uploads\/2023\/02\/Discovery_circle-150x150.png 150w\" sizes=\"auto, (max-width: 480px) 100vw, 480px\" \/><\/div><\/a>\n\t\t<\/div>\n\t<\/div>\n\n\t<div class=\"wpb_text_column wpb_content_element \">\n\t\t<div class=\"wpb_wrapper\">\n\t\t\t<h3 style=\"text-align: center;\"><a href=\"https:\/\/orchard-house.ca\/fr\/programmes\/les-ateliers-de-lapres-midi\/decouverte\/#decouverte\">La d\u00e9couverte<\/a><\/h3>\n\n\t\t<\/div> \n\t<\/div> \n\t<div class=\"wpb_text_column wpb_content_element  white\">\n\t\t<div class=\"wpb_wrapper\">\n\t\t\t<p style=\"text-align: center;\">La r\u00e9solution de probl\u00e8mes pour enrichir l'esprit.<\/p>\n\n\t\t<\/div> \n\t<\/div> \t<div class=\"vc_empty_space\"  style=\"height: 40px\" ><span\n\t\t\tclass=\"vc_empty_space_inner\">\n\t\t\t<span class=\"empty_space_image\"  ><\/span>\n\t\t<\/span><\/div>\n\n<\/div><\/div><\/div><div class=\"wpb_column vc_column_container vc_col-sm-1\/5 vc_col-xs-6\"><div class=\"vc_column-inner\"><div class=\"wpb_wrapper\">\n\t<div class=\"wpb_single_image wpb_content_element vc_align_center  qode_image_hover_zoom_in\">\n\t\t<div class=\"wpb_wrapper\">\n\t\t\t\n\t\t\t<a href=\"https:\/\/orchard-house.ca\/fr\/programmes\/les-ateliers-de-lapres-midi\/imagination\/#imagination\" target=\"_self\"><div class=\"vc_single_image-wrapper   vc_box_border_grey\"><img loading=\"lazy\" decoding=\"async\" width=\"480\" height=\"480\" src=\"https:\/\/orchard-house.ca\/wp-content\/uploads\/2023\/02\/Imagination_circle.png\" class=\"vc_single_image-img attachment-large\" alt=\"\" title=\"Imagination_circle\" srcset=\"https:\/\/orchard-house.ca\/wp-content\/uploads\/2023\/02\/Imagination_circle.png 480w, https:\/\/orchard-house.ca\/wp-content\/uploads\/2023\/02\/Imagination_circle-300x300.png 300w, https:\/\/orchard-house.ca\/wp-content\/uploads\/2023\/02\/Imagination_circle-150x150.png 150w\" sizes=\"auto, (max-width: 480px) 100vw, 480px\" \/><\/div><\/a>\n\t\t<\/div>\n\t<\/div>\n\n\t<div class=\"wpb_text_column wpb_content_element \">\n\t\t<div class=\"wpb_wrapper\">\n\t\t\t<h3 style=\"text-align: center;\"><a href=\"https:\/\/orchard-house.ca\/fr\/programmes\/les-ateliers-de-lapres-midi\/imagination\/#imagination\">L'imagination<\/a><\/h3>\n\n\t\t<\/div> \n\t<\/div> \n\t<div class=\"wpb_text_column wpb_content_element  white\">\n\t\t<div class=\"wpb_wrapper\">\n\t\t\t<p style=\"text-align: center;\">Des explorations artistiques qui suscitent une r\u00e9flexion cr\u00e9ative.<\/p>\n\n\t\t<\/div> \n\t<\/div> \t<div class=\"vc_empty_space\"  style=\"height: 40px\" ><span\n\t\t\tclass=\"vc_empty_space_inner\">\n\t\t\t<span class=\"empty_space_image\"  ><\/span>\n\t\t<\/span><\/div>\n\n<\/div><\/div><\/div><\/div><\/div><\/div><div      class=\"vc_row wpb_row section vc_row-fluid vc_inner  vc_custom_1677772544753 grid_section\" style=' text-align:center;'><div class=\" section_inner clearfix\"><div class='section_inner_margin clearfix'><div class=\"wpb_column vc_column_container vc_col-sm-12\"><div class=\"vc_column-inner\"><div class=\"wpb_wrapper\"><a  itemprop=\"url\" href=\"https:\/\/orchard-house.ca\/fr\/programmes\/les-ateliers-de-lapres-midi\/\" target=\"_self\" data-hover-background-color='#ffffff' data-hover-border-color='#ffffff' data-hover-color='#505050' class=\"qbutton  large center default\" style=\"color: #c1d72e; border-color: #ffffff; background-color: #ffffff;\">LIRE LA SUITE<\/a><\/div><\/div><\/div><\/div><\/div><\/div><\/div><\/div><\/div><\/div><\/div><\/div>[\/vc_column][\/vc_row]<\/p>\n<\/div>","protected":false},"excerpt":{"rendered":"\u00c9duquer l'enfant dans sa globalit\u00e9 Cliquez pour en savoir plus L'\u00e9quilibre Promouvoir l'autor\u00e9gulation et le d\u00e9veloppement socio-\u00e9motionnel. La perspective \u00c9largir nos horizons culturels...","protected":false},"author":1,"featured_media":0,"parent":2471,"menu_order":0,"comment_status":"closed","ping_status":"closed","template":"full_width.php","meta":{"footnotes":""},"class_list":["post-2489","page","type-page","status-publish","hentry"],"_links":{"self":[{"href":"https:\/\/orchard-house.ca\/fr\/wp-json\/wp\/v2\/pages\/2489","targetHints":{"allow":["GET"]}}],"collection":[{"href":"https:\/\/orchard-house.ca\/fr\/wp-json\/wp\/v2\/pages"}],"about":[{"href":"https:\/\/orchard-house.ca\/fr\/wp-json\/wp\/v2\/types\/page"}],"author":[{"embeddable":true,"href":"https:\/\/orchard-house.ca\/fr\/wp-json\/wp\/v2\/users\/1"}],"replies":[{"embeddable":true,"href":"https:\/\/orchard-house.ca\/fr\/wp-json\/wp\/v2\/comments?post=2489"}],"version-history":[{"count":4,"href":"https:\/\/orchard-house.ca\/fr\/wp-json\/wp\/v2\/pages\/2489\/revisions"}],"predecessor-version":[{"id":3454,"href":"https:\/\/orchard-house.ca\/fr\/wp-json\/wp\/v2\/pages\/2489\/revisions\/3454"}],"up":[{"embeddable":true,"href":"https:\/\/orchard-house.ca\/fr\/wp-json\/wp\/v2\/pages\/2471"}],"wp:attachment":[{"href":"https:\/\/orchard-house.ca\/fr\/wp-json\/wp\/v2\/media?parent=2489"}],"curies":[{"name":"wp","href":"https:\/\/api.w.org\/{rel}","templated":true}]}}