{"id":2487,"date":"2017-05-10T20:59:17","date_gmt":"2017-05-10T18:59:17","guid":{"rendered":"https:\/\/orchard-house.ca\/dev\/limportance-du-jeu\/"},"modified":"2017-05-10T20:59:17","modified_gmt":"2017-05-10T18:59:17","slug":"limportance-du-jeu","status":"publish","type":"page","link":"https:\/\/orchard-house.ca\/fr\/programmes\/notre-programme-educatif\/limportance-du-jeu\/","title":{"rendered":"L&rsquo;importance du jeu"},"content":{"rendered":"<div class=\"wpb-content-wrapper\"><p>[vc_row css_animation=\u00a0\u00bb\u00a0\u00bb row_type=\u00a0\u00bbrow\u00a0\u00bb use_row_as_full_screen_section=\u00a0\u00bbno\u00a0\u00bb type=\u00a0\u00bbgrid\u00a0\u00bb angled_section=\u00a0\u00bbno\u00a0\u00bb text_align=\u00a0\u00bbleft\u00a0\u00bb background_image_as_pattern=\u00a0\u00bbwithout_pattern\u00a0\u00bb css=\u00a0\u00bb.vc_custom_1495898769107{padding-top: 140px !important;background: #fda88b url(https:\/\/orchard-house.ca\/wp-content\/uploads\/2017\/05\/orangeTop.png?id=228) !important;background-position: 0 0 !important;background-repeat: no-repeat !important;}\u00a0\u00bb el_class=\u00a0\u00bbpadding160&Prime;][vc_column el_class=\u00a0\u00bbintro-text\u00a0\u00bb][vc_column_text el_class=\u00a0\u00bbwhite-text\u00a0\u00bb]<\/p>\n<h2 style=\"text-align: center;\">Notre programme \u00e9ducatif<\/h2>\n<p style=\"text-align: center;\">Orchard House innove avec un programme bilingue qui fusionne les enseignements de la Dre Maria Montessori, les plus r\u00e9cents travaux de recherche sur les bienfaits des jeux cr\u00e9atifs et autodirig\u00e9s ainsi que des instructions de l\u2019enseignante.<\/p>\n<p style=\"text-align: center;\">Les recherches r\u00e9centes continuent de souligner le r\u00f4le crucial des exp\u00e9riences positives et d\u00e9terminantes dans le d\u00e9veloppement du cerveau de votre jeune enfant. Les exp\u00e9riences auxquelles votre enfant est expos\u00e9 doivent \u00eatre, par cons\u00e9quent, grandement consid\u00e9r\u00e9es tout au long de son parcours pour qu\u2019il accumule les r\u00e9ussites.<\/p>\n<p style=\"text-align: center;\">Dans cet esprit et dans le but ultime d\u2019inculquer les comp\u00e9tences n\u00e9cessaires \u00e0 la pr\u00e9paration scolaire et aux r\u00e9ussites futures, nous avons cr\u00e9\u00e9 notre propre programme distinctif, le programme Orchard House.<\/p>\n<p style=\"text-align: center;\">Notre programme du matin est ax\u00e9 sur l\u2019approche individualis\u00e9e Montessori pour l\u2019apprentissage de diverses comp\u00e9tences, tandis que le programme de l\u2019apr\u00e8s-midi propose des activit\u00e9s en groupe et encourage les enfants \u00e0 mettre en pratique toutes ces comp\u00e9tences fondamentales dans divers contextes authentiques et structur\u00e9s. Les jeux de r\u00f4les sont inclus quotidiennement pour compl\u00e9ter le programme et pour maximiser toutes les sph\u00e8res de d\u00e9veloppement de votre enfant.<\/p>\n<p>[\/vc_column_text][vc_empty_space height=\u00a0\u00bb40px\u00a0\u00bb][vc_column_text css=\u00a0\u00bb.vc_custom_1504279323029{padding-bottom: 30px !important;}\u00a0\u00bb el_class=\u00a0\u00bbwhite-text\u00a0\u00bb]<\/p>\n<h2 style=\"text-align: center;\">Les trois composantes de notre programme&#8230;<\/h2>\n<h3 style=\"text-align: center;\">CLIQUEZ POUR EN SAVOIR PLUS&#8230;<\/h3>\n<p>[\/vc_column_text][vc_row_inner row_type=\u00a0\u00bbrow\u00a0\u00bb type=\u00a0\u00bbgrid\u00a0\u00bb text_align=\u00a0\u00bbleft\u00a0\u00bb css_animation=\u00a0\u00bb\u00a0\u00bb el_id=\u00a0\u00bbplay\u00a0\u00bb][vc_column_inner width=\u00a0\u00bb1\/3&Prime;][vc_column_text el_class=\u00a0\u00bbpacifico\u00a0\u00bb]<\/p>\n<h3 style=\"text-align: center;\"><span style=\"color: #ffd1c0;\"><a style=\"color: #ffd1c0;\" href=\"https:\/\/orchard-house.ca\/fr\/our-programs\/our-curriculum\/#mornings\">Les matins<br \/>\nMontessori<\/a><\/span><\/h3>\n<p>[\/vc_column_text][\/vc_column_inner][vc_column_inner width=\u00a0\u00bb1\/3&Prime;][vc_column_text el_class=\u00a0\u00bbpacifico bottomborder white-text\u00a0\u00bb]<\/p>\n<h3 style=\"text-align: center;\"><a href=\"https:\/\/orchard-house.ca\/fr\/our-programs\/our-curriculum\/importance-of-play\/#play\">L&rsquo;importance<br \/>\ndu jeu<\/a><\/h3>\n<p>[\/vc_column_text][\/vc_column_inner][vc_column_inner width=\u00a0\u00bb1\/3&Prime;][vc_column_text el_class=\u00a0\u00bbpacifico\u00a0\u00bb]<\/p>\n<h3 style=\"text-align: center;\"><span style=\"color: #ffd1c0;\"><a style=\"color: #ffd1c0;\" href=\"https:\/\/orchard-house.ca\/fr\/our-programs\/our-curriculum\/afternoon-activities\/#activities\">Ateliers de<br \/>\nl&rsquo;apr\u00e8s-midi<\/a><\/span><\/h3>\n<p>[\/vc_column_text][\/vc_column_inner][\/vc_row_inner][\/vc_column][\/vc_row][vc_row css_animation=\u00a0\u00bb\u00a0\u00bb row_type=\u00a0\u00bbrow\u00a0\u00bb use_row_as_full_screen_section=\u00a0\u00bbno\u00a0\u00bb type=\u00a0\u00bbgrid\u00a0\u00bb angled_section=\u00a0\u00bbno\u00a0\u00bb text_align=\u00a0\u00bbleft\u00a0\u00bb background_image_as_pattern=\u00a0\u00bbwithout_pattern\u00a0\u00bb][vc_column offset=\u00a0\u00bbvc_col-lg-12 vc_col-md-12 vc_col-xs-12&Prime; el_class=\u00a0\u00bbintro-text\u00a0\u00bb][vc_column_text]<\/p>\n<h2 style=\"text-align: center;\">L&rsquo;importance du jeu<\/h2>\n<p style=\"text-align: center;\">Les occasions de jeux libres et autodirig\u00e9s qui sont int\u00e9gr\u00e9es dans la journ\u00e9e permettent aux enfants de socialiser spontan\u00e9ment et de participer \u00e0 des activit\u00e9s cr\u00e9atives afin qu\u2019ils puissent explorer, exp\u00e9rimenter, imiter, poser des questions et, en retour, \u00eatre questionn\u00e9s afin de d\u00e9velopper leur pens\u00e9e critique et leur capacit\u00e9 \u00e0 r\u00e9soudre des probl\u00e8mes.<\/p>\n<p style=\"text-align: center;\">Le jeu est tellement important dans notre programme de la petite enfance que nous avons cr\u00e9\u00e9 plusieurs occasions de l\u2019explorer dans des<strong> zones pr\u00e9vues<\/strong> \u00e0 cet effet qui se trouvent dans notre \u00e9cole sp\u00e9cialement construite pour r\u00e9pondre \u00e0 nos besoins.<\/p>\n<p>[\/vc_column_text][\/vc_column][\/vc_row][vc_row css_animation=\u00a0\u00bb\u00a0\u00bb row_type=\u00a0\u00bbrow\u00a0\u00bb use_row_as_full_screen_section=\u00a0\u00bbno\u00a0\u00bb type=\u00a0\u00bbgrid\u00a0\u00bb angled_section=\u00a0\u00bbno\u00a0\u00bb text_align=\u00a0\u00bbleft\u00a0\u00bb background_image_as_pattern=\u00a0\u00bbwithout_pattern\u00a0\u00bb][vc_column offset=\u00a0\u00bbvc_col-lg-6 vc_col-md-6 vc_col-xs-12&Prime;][vc_column_text]<\/p>\n<h3>Gymnase<\/h3>\n<p>Nos gymnases, s\u00e9par\u00e9s de fa\u00e7on strat\u00e9gique afin de convenir tant aux enfants plus jeunes qu\u2019au plus \u00e2g\u00e9s, proposent une vari\u00e9t\u00e9 de mat\u00e9riels adapt\u00e9s \u00e0 chaque stade de d\u00e9veloppement. Nos grands espaces ouverts sont s\u00e9curitaires et con\u00e7us de fa\u00e7on ergonomique pour permettre aux enfants d\u2019explorer librement leurs habilet\u00e9s motrices en utilisant des articles comme des tricycles et des bascules, des jeux et murs d\u2019escalade, des parachutes et des brouettes. Voil\u00e0 une excellente occasion pour eux de donner libre cours \u00e0 leur imagination et de jouer \u00e0 faire semblant.<\/p>\n<h3>Studio d&rsquo;Art<\/h3>\n<p>Les tablettes de notre studio d\u2019art sont remplies d\u2019une panoplie de mat\u00e9riaux tous plus attrayants les uns que les autres qui peuvent \u00eatre utilis\u00e9s dans toute sorte de projets, petits ou grands. Que ce soit une vari\u00e9t\u00e9 de pastels, d\u2019encres ou de peintures, ou du velours ou de la soie, ou encore de l\u2019argile, notre studio d\u2019art propose \u00e0 nos petits Picasso en herbe tout ce dont ils ont besoin pour exprimer librement la cr\u00e9ativit\u00e9 qui sommeille en chacun d\u2019eux![\/vc_column_text][vc_empty_space height=\u00a0\u00bb40px\u00a0\u00bb][vc_video link=\u00a0\u00bbhttps:\/\/vimeo.com\/137206292&Prime;][vc_empty_space height=\u00a0\u00bb40px\u00a0\u00bb][vc_column_text]<\/p>\n<h3>Salle de sable et d&rsquo;eau<\/h3>\n<p>Notre salle de sable et d\u2019eau a \u00e9t\u00e9 sp\u00e9cialement con\u00e7ue pour int\u00e9grer les valeurs cr\u00e9atives et th\u00e9rapeutiques associ\u00e9es au jeu libre \u00e0 notre programme \u00e9ducatif tout au long de l\u2019ann\u00e9e. Alors que les enfants pratiquent des mouvements comme ramasser, \u00e9ponger et verser et jouent avec des bulles, des jouets et des seaux, ils ont l\u2019occasion d\u2019inventer des sc\u00e9narios imaginaires dans lesquels ils doivent partager et \u00e9couter leurs amis, tout en cr\u00e9ant des histoires amusantes.[\/vc_column_text][vc_empty_space height=\u00a0\u00bb40px\u00a0\u00bb][vc_video link=\u00a0\u00bbhttps:\/\/vimeo.com\/168058267&Prime;][vc_empty_space height=\u00a0\u00bb40px\u00a0\u00bb][\/vc_column][vc_column offset=\u00a0\u00bbvc_col-lg-6 vc_col-md-6 vc_col-xs-12&Prime;][vc_column_text]<\/p>\n<h3>Cuisine des Petits Chefs<\/h3>\n<p>Notre cuisine des petits chefs a \u00e9t\u00e9 con\u00e7ue dans le but d\u2019encourager les jeunes enfants \u00e0 explorer leurs habilet\u00e9s culinaires cr\u00e9atives dans un environnement s\u00e9curitaire et adapt\u00e9. Avec de vrais ustensiles de cuisine \u00e0 leur disposition comme des passoires et des r\u00e2pes, sans oublier des balances et des m\u00e9langeurs, nos petits chefs ont l\u2019occasion de parfaire leurs habilet\u00e9s culinaires en mijotant de bons petits plats!<\/p>\n<h3>Labo stem<\/h3>\n<p>Notre futur Labo STEM, unique en son genre, a \u00e9t\u00e9 con\u00e7u pour favoriser le jeu dans les domaines des sciences, de la technologie, de l\u2019ing\u00e9nierie et des math\u00e9matiques. Ce nouvel espace comprend entre autre des tables lumineuses, des mat\u00e9riaux de construction, des microscopes, des aimants pour permettre aux enfants de s\u2019amuser, tout en exer\u00e7ant leur pens\u00e9e critique et leur capacit\u00e9 \u00e0 r\u00e9soudre des probl\u00e8mes. Le Labo STEM est un excellent endroit qui saura \u00e9veiller la curiosit\u00e9 de chaque enfant et qui, en cours de route, encouragera chacun d\u2019entre eux \u00e0 cr\u00e9er des exp\u00e9riences d\u2019apprentissage significatives.[\/vc_column_text][vc_empty_space height=\u00a0\u00bb40px\u00a0\u00bb][vc_video link=\u00a0\u00bbhttps:\/\/vimeo.com\/211652625&Prime;][vc_empty_space height=\u00a0\u00bb40px\u00a0\u00bb][vc_column_text]De telles occasions de jeux autodirig\u00e9s, tant dans nos espaces con\u00e7us \u00e0 cet effet que dans les classes, sont une fa\u00e7on d\u2019int\u00e9grer les apprentissages et leur permettent de combiner chacune des habilet\u00e9s mises en pratique durant les programmes du matin et de l\u2019apr\u00e8s-midi. Toutes les t\u00e2ches individuelles ma\u00eetris\u00e9es en classe Montessori et durant les activit\u00e9s men\u00e9es par les enseignantes entrent litt\u00e9ralement en jeu durant cette p\u00e9riode.[\/vc_column_text][vc_empty_space height=\u00a0\u00bb40px\u00a0\u00bb][\/vc_column][\/vc_row][vc_row css_animation=\u00a0\u00bb\u00a0\u00bb row_type=\u00a0\u00bbrow\u00a0\u00bb use_row_as_full_screen_section=\u00a0\u00bbno\u00a0\u00bb type=\u00a0\u00bbfull_width\u00a0\u00bb angled_section=\u00a0\u00bbno\u00a0\u00bb text_align=\u00a0\u00bbcenter\u00a0\u00bb background_image_as_pattern=\u00a0\u00bbwithout_pattern\u00a0\u00bb css=\u00a0\u00bb.vc_custom_1499696483037{padding-top: 20px !important;}\u00a0\u00bb][vc_column el_class=\u00a0\u00bblinkcurriculum\u00a0\u00bb]<a  itemprop=\"url\" href=\"https:\/\/orchard-house.ca\/fr\/our-programs\/program-by-age\" target=\"_self\" data-hover-background-color='#c1d72e' data-hover-border-color='#c1d72e' data-hover-color='#505050' class=\"qbutton  large center default\" style=\"color: #ffffff; border-color: #c1d72e; background-color: #c1d72e;\">VOIR LES PROGRAMMES PAR \u00c2GE<\/a>[vc_empty_space height=\u00a0\u00bb60px\u00a0\u00bb][\/vc_column][\/vc_row]<\/p>\n<\/div>","protected":false},"excerpt":{"rendered":"<p>[vc_row css_animation=\u00a0\u00bb\u00a0\u00bb row_type=\u00a0\u00bbrow\u00a0\u00bb use_row_as_full_screen_section=\u00a0\u00bbno\u00a0\u00bb type=\u00a0\u00bbgrid\u00a0\u00bb angled_section=\u00a0\u00bbno\u00a0\u00bb text_align=\u00a0\u00bbleft\u00a0\u00bb background_image_as_pattern=\u00a0\u00bbwithout_pattern\u00a0\u00bb css=\u00a0\u00bb.vc_custom_1495898769107{padding-top: 140px !important;background: #fda88b url(https:\/\/orchard-house.ca\/wp-content\/uploads\/2017\/05\/orangeTop.png?id=228) !important;background-position: 0 0 !important;background-repeat: no-repeat !important;}\u00a0\u00bb el_class=\u00a0\u00bbpadding160&Prime;][vc_column el_class=\u00a0\u00bbintro-text\u00a0\u00bb][vc_column_text el_class=\u00a0\u00bbwhite-text\u00a0\u00bb] Notre&#8230;<\/p>\n","protected":false},"author":1,"featured_media":0,"parent":2471,"menu_order":0,"comment_status":"closed","ping_status":"closed","template":"full_width.php","meta":{"footnotes":""},"class_list":["post-2487","page","type-page","status-publish","hentry"],"_links":{"self":[{"href":"https:\/\/orchard-house.ca\/fr\/wp-json\/wp\/v2\/pages\/2487","targetHints":{"allow":["GET"]}}],"collection":[{"href":"https:\/\/orchard-house.ca\/fr\/wp-json\/wp\/v2\/pages"}],"about":[{"href":"https:\/\/orchard-house.ca\/fr\/wp-json\/wp\/v2\/types\/page"}],"author":[{"embeddable":true,"href":"https:\/\/orchard-house.ca\/fr\/wp-json\/wp\/v2\/users\/1"}],"replies":[{"embeddable":true,"href":"https:\/\/orchard-house.ca\/fr\/wp-json\/wp\/v2\/comments?post=2487"}],"version-history":[{"count":0,"href":"https:\/\/orchard-house.ca\/fr\/wp-json\/wp\/v2\/pages\/2487\/revisions"}],"up":[{"embeddable":true,"href":"https:\/\/orchard-house.ca\/fr\/wp-json\/wp\/v2\/pages\/2471"}],"wp:attachment":[{"href":"https:\/\/orchard-house.ca\/fr\/wp-json\/wp\/v2\/media?parent=2487"}],"curies":[{"name":"wp","href":"https:\/\/api.w.org\/{rel}","templated":true}]}}