{"id":2485,"date":"2017-05-05T18:28:12","date_gmt":"2017-05-05T16:28:12","guid":{"rendered":"https:\/\/orchard-house.ca\/dev\/la-prematernelle-quatre-ans\/"},"modified":"2023-04-11T21:33:20","modified_gmt":"2023-04-11T19:33:20","slug":"la-prematernelle-quatre-ans","status":"publish","type":"page","link":"https:\/\/orchard-house.ca\/fr\/programmes\/programmes-par-age\/la-prematernelle-quatre-ans\/","title":{"rendered":"La pr\u00e9maternelle quatre ans"},"content":{"rendered":"<div class=\"wpb-content-wrapper\"><p>[vc_row css_animation=\u00a0\u00bb\u00a0\u00bb row_type=\u00a0\u00bbrow\u00a0\u00bb use_row_as_full_screen_section=\u00a0\u00bbno\u00a0\u00bb type=\u00a0\u00bbfull_width\u00a0\u00bb angled_section=\u00a0\u00bbno\u00a0\u00bb text_align=\u00a0\u00bbleft\u00a0\u00bb background_image_as_pattern=\u00a0\u00bbwithout_pattern\u00a0\u00bb][vc_column offset=\u00a0\u00bbvc_hidden-sm vc_hidden-xs\u00a0\u00bb]\n\t\t\t<!-- START Fours FR REVOLUTION SLIDER 6.5.9 --><p class=\"rs-p-wp-fix\"><\/p>\n\t\t\t<rs-module-wrap id=\"rev_slider_49_1_wrapper\" data-source=\"gallery\" style=\"visibility:hidden;background:transparent;padding:0;\">\n\t\t\t\t<rs-module id=\"rev_slider_49_1\" style=\"\" data-version=\"6.5.9\">\n\t\t\t\t\t<rs-slides>\n\t\t\t\t\t\t<rs-slide style=\"position: absolute;\" data-key=\"rs-117\" data-title=\"Slide\" data-anim=\"ms:600;\" data-in=\"o:0;\" data-out=\"a:false;\">\n\t\t\t\t\t\t\t<img decoding=\"async\" src=\"\/\/orchard-house.ca\/wp-content\/plugins\/revslider\/public\/assets\/assets\/dummy.png\" title=\"La pr\u00e9maternelle quatre ans\" class=\"rev-slidebg tp-rs-img rs-lazyload\" data-lazyload=\"\/\/orchard-house.ca\/wp-content\/uploads\/2017\/05\/Fours-Header_OHWI_142.jpg\" data-bg=\"p:50% 75%;\" data-no-retina>\n<!--\n\t\t\t\t\t\t\t--><rs-layer\n\t\t\t\t\t\t\t\tid=\"slider-49-slide-117-layer-5\" \n\t\t\t\t\t\t\t\tdata-type=\"text\"\n\t\t\t\t\t\t\t\tdata-color=\"rgba(255,255,255,1)\"\n\t\t\t\t\t\t\t\tdata-xy=\"x:c;y:b;yo:88px;\"\n\t\t\t\t\t\t\t\tdata-text=\"s:36;l:36;a:inherit;\"\n\t\t\t\t\t\t\t\tdata-basealign=\"slide\"\n\t\t\t\t\t\t\t\tdata-rsp_bd=\"off\"\n\t\t\t\t\t\t\t\tdata-frame_0=\"tp:600;\"\n\t\t\t\t\t\t\t\tdata-frame_1=\"tp:600;st:0;\"\n\t\t\t\t\t\t\t\tdata-frame_999=\"o:0;tp:600;st:w;sR:8700;\"\n\t\t\t\t\t\t\t\tstyle=\"z-index:5;font-family:'Arvo';\"\n\t\t\t\t\t\t\t>Leaders \n\t\t\t\t\t\t\t<\/rs-layer><!--\n\n\t\t\t\t\t\t\t--><rs-layer\n\t\t\t\t\t\t\t\tid=\"slider-49-slide-117-layer-9\" \n\t\t\t\t\t\t\t\tdata-type=\"image\"\n\t\t\t\t\t\t\t\tdata-rsp_ch=\"on\"\n\t\t\t\t\t\t\t\tdata-xy=\"x:c;y:b;yo:139px;\"\n\t\t\t\t\t\t\t\tdata-text=\"l:22;a:inherit;\"\n\t\t\t\t\t\t\t\tdata-dim=\"w:60px;h:79px;\"\n\t\t\t\t\t\t\t\tdata-basealign=\"slide\"\n\t\t\t\t\t\t\t\tdata-frame_0=\"tp:600;\"\n\t\t\t\t\t\t\t\tdata-frame_1=\"tp:600;st:0;\"\n\t\t\t\t\t\t\t\tdata-frame_999=\"o:0;tp:600;st:w;sR:8700;\"\n\t\t\t\t\t\t\t\tstyle=\"z-index:6;\"\n\t\t\t\t\t\t\t><img loading=\"lazy\" decoding=\"async\" src=\"\/\/orchard-house.ca\/wp-content\/plugins\/revslider\/public\/assets\/assets\/dummy.png\" class=\"tp-rs-img rs-lazyload\" width=\"60\" height=\"79\" data-lazyload=\"\/\/orchard-house.ca\/wp-content\/uploads\/2017\/06\/blazon-2.png\" data-no-retina> \n\t\t\t\t\t\t\t<\/rs-layer><!--\n\n\t\t\t\t\t\t\t--><rs-layer\n\t\t\t\t\t\t\t\tid=\"slider-49-slide-117-layer-11\" \n\t\t\t\t\t\t\t\tdata-type=\"image\"\n\t\t\t\t\t\t\t\tdata-rsp_ch=\"on\"\n\t\t\t\t\t\t\t\tdata-xy=\"x:c;y:b;yo:35px;\"\n\t\t\t\t\t\t\t\tdata-text=\"l:22;a:inherit;\"\n\t\t\t\t\t\t\t\tdata-dim=\"w:38px;h:21px;\"\n\t\t\t\t\t\t\t\tdata-basealign=\"slide\"\n\t\t\t\t\t\t\t\tdata-frame_0=\"tp:600;\"\n\t\t\t\t\t\t\t\tdata-frame_1=\"tp:600;st:0;\"\n\t\t\t\t\t\t\t\tdata-frame_999=\"o:0;tp:600;st:w;sR:8700;\"\n\t\t\t\t\t\t\t\tstyle=\"z-index:7;\"\n\t\t\t\t\t\t\t><img loading=\"lazy\" decoding=\"async\" src=\"\/\/orchard-house.ca\/wp-content\/plugins\/revslider\/public\/assets\/assets\/dummy.png\" class=\"tp-rs-img rs-lazyload\" width=\"38\" height=\"21\" data-lazyload=\"\/\/orchard-house.ca\/wp-content\/uploads\/2017\/08\/ORH_White-Arrow_Down.png\" data-no-retina> \n\t\t\t\t\t\t\t<\/rs-layer><!--\n-->\t\t\t\t\t\t<\/rs-slide>\n\t\t\t\t\t<\/rs-slides>\n\t\t\t\t<\/rs-module>\n\t\t\t\t<script type=\"text\/javascript\">\n\t\t\t\t\tsetREVStartSize({c: 'rev_slider_49_1',rl:[1240,1024,778,480],el:[],gw:[1900],gh:[1000],type:'standard',justify:'',layout:'fullscreen',offsetContainer:'',offset:'',mh:\"0\"});if (window.RS_MODULES!==undefined && window.RS_MODULES.modules!==undefined && window.RS_MODULES.modules[\"revslider491\"]!==undefined) {window.RS_MODULES.modules[\"revslider491\"].once = false;window.revapi49 = undefined;if (window.RS_MODULES.checkMinimal!==undefined) window.RS_MODULES.checkMinimal()}\n\t\t\t\t<\/script>\n\t\t\t<\/rs-module-wrap>\n\t\t\t<!-- END REVOLUTION SLIDER -->\n[\/vc_column][\/vc_row][vc_row css_animation=\u00a0\u00bb\u00a0\u00bb row_type=\u00a0\u00bbrow\u00a0\u00bb use_row_as_full_screen_section=\u00a0\u00bbno\u00a0\u00bb type=\u00a0\u00bbgrid\u00a0\u00bb angled_section=\u00a0\u00bbno\u00a0\u00bb text_align=\u00a0\u00bbleft\u00a0\u00bb background_image_as_pattern=\u00a0\u00bbwithout_pattern\u00a0\u00bb css=\u00a0\u00bb.vc_custom_1495904447043{background: #c1d72e url(https:\/\/orchard-house.ca\/wp-content\/uploads\/2017\/05\/topGreen.png?id=267) !important;background-position: 0 0 !important;background-repeat: no-repeat !important;}\u00a0\u00bb el_class=\u00a0\u00bbpadding160&Prime;][vc_column el_class=\u00a0\u00bbintro-text\u00a0\u00bb][vc_column_text el_class=\u00a0\u00bbwhite-text\u00a0\u00bb]<\/p>\n<h2 style=\"text-align: center;\">La pr\u00e9maternelle quatre ans<\/h2>\n<h4 style=\"text-align: center;\">C\u00e9l\u00e9brer l&rsquo;accomplissement<\/h4>\n<p>[\/vc_column_text][vc_column_text el_class=\u00a0\u00bbwhite-text\u00a0\u00bb]<\/p>\n<p style=\"text-align: center;\">La pr\u00e9maternelle est un programme d\u2019immersion fran\u00e7aise qui encourage les enfants \u00e0 ne communiquer qu\u2019en fran\u00e7ais. L\u2019objectif principal de ce programme de pr\u00e9maternelle est de fournir \u00e0 votre enfant les habilet\u00e9s langagi\u00e8res dont il aura besoin pour r\u00e9ussir dans toute classe de maternelle en fran\u00e7ais ou bilingue. Le programme expose votre enfant \u00e0 la litt\u00e9ratie, la num\u00e9ratie et une multitude de possibilit\u00e9s de r\u00e9solutions de probl\u00e8mes. Dans cette classe, votre enfant augmentera ses interactions sociales avec ses pairs, apprendra \u00e0 interagir de fa\u00e7on positive avec les autres et commencera \u00e0 d\u00e9velopper des formes de jeux et des jeux de groupe plus complexes. L\u2019enfant d\u00e9veloppera un sentiment de fiert\u00e9 \u00e0 l\u2019\u00e9gard de ses habilet\u00e9s et r\u00e9alisations en pr\u00e9paration de la maternelle.<\/p>\n<p>[\/vc_column_text][vc_empty_space height=\u00a0\u00bb40px\u00a0\u00bb][vc_video link=\u00a0\u00bbhttps:\/\/vimeo.com\/144151958&Prime;][\/vc_column][\/vc_row][vc_row row_type=\u00a0\u00bbexpandable\u00a0\u00bb text_align=\u00a0\u00bbleft\u00a0\u00bb more_button_label=\u00a0\u00bbVoir plus\u00a0\u00bb less_button_label=\u00a0\u00bbVoir moins\u00a0\u00bb][vc_column][vc_row_inner row_type=\u00a0\u00bbrow\u00a0\u00bb type=\u00a0\u00bbgrid\u00a0\u00bb text_align=\u00a0\u00bbleft\u00a0\u00bb css_animation=\u00a0\u00bb\u00a0\u00bb][vc_column_inner offset=\u00a0\u00bbvc_col-lg-6 vc_col-md-6&Prime;][vc_column_text]Dans cette classe de pr\u00e9maternelle, les enfants continuent \u00e0 travailler de fa\u00e7on ind\u00e9pendante \u00e0 des activit\u00e9s r\u00e9parties dans les cinq zones principales de la classe Montessori.<\/p>\n<h3>Vie pratique<\/h3>\n<p>Dans cette zone, les enfants apprennent \u00e0 prendre soin d\u2019eux-m\u00eames et de leur environnement et continuent \u00e0 d\u00e9velopper leur motricit\u00e9 fine, tout en devenant de plus en plus ind\u00e9pendants et en cultivant leur confiance en soi. Broder, coudre et nouer des lacets ne sont que quelques-uns des exercices pratiques auxquels s\u2019adonnent les enfants dans cette classe.<\/p>\n<h3>Sensoriel\u00a0\/ Math\u00e9matiques<\/h3>\n<p>Les activit\u00e9s de la zone sensorielle sont une pr\u00e9paration indirecte \u00e0 la g\u00e9om\u00e9trie et \u00e0 l\u2019alg\u00e8bre. C\u2019est \u00e0 travers la manipulation du mat\u00e9riel que l\u2019enfant d\u00e9couvre les math\u00e9matiques. L\u2019enfant a le potentiel pour comprendre et appr\u00e9cier les math\u00e9matiques, alors il construira lui-m\u00eame sa capacit\u00e9 de raisonner, de penser; les qualit\u00e9s n\u00e9cessaires ou requises pour un travail d\u2019abstraction ult\u00e9rieur. \u00a0Le programme de math\u00e9matique est tr\u00e8s structur\u00e9 et hi\u00e9rarchis\u00e9. Le nombre est enseign\u00e9 \u00e0 partir de quantit\u00e9s concr\u00e8tes. Les symboles sont pr\u00e9sent\u00e9s de fa\u00e7on isol\u00e9e de la quantit\u00e9 et, finalement, il y a combinaison de quantit\u00e9 et symbole.[\/vc_column_text][\/vc_column_inner][vc_column_inner offset=\u00a0\u00bbvc_col-lg-6 vc_col-md-6&Prime;][vc_column_text]<\/p>\n<h3>Langage<\/h3>\n<p>En manipulant du mat\u00e9riel sp\u00e9cialement con\u00e7u comme des lettres en papier d\u2019\u00e9meri et de l\u2019alphabet mobile, les enfants sont en mesure d\u2019assimiler les le\u00e7ons apprises. Ce mat\u00e9riel, ax\u00e9 sur la phon\u00e9tique, m\u00e8ne graduellement les enfants \u00e0 parfaire leurs habilet\u00e9s d\u2019\u00e9criture et de lecture.<\/p>\n<h3>Geographie<\/h3>\n<p>Les enfants sont initi\u00e9s au globe terrestre qui graduellement est examin\u00e9 pour en explorer chacun des continents et, \u00e9ventuellement, chacun des pays.<\/p>\n<h3>Science et\u00a0Culture<\/h3>\n<p>Divers projets am\u00e8nent les enfants \u00e0 explorer la m\u00e9thode scientifique et \u00e0 \u00e9tudier des sujets comme les cycles de la vie, le recyclage et les objets en mouvement. Ils d\u00e9veloppent, en outre, une meilleure compr\u00e9hension du monde qui les entoure en s\u2019int\u00e9ressant aux similarit\u00e9s et aux diff\u00e9rences qui existent entre les communaut\u00e9s et en d\u00e9couvrant diverses cultures par le biais de la musique, la cuisine et d\u2019images.[\/vc_column_text][\/vc_column_inner][\/vc_row_inner][\/vc_column][\/vc_row][vc_row css_animation=\u00a0\u00bb\u00a0\u00bb row_type=\u00a0\u00bbrow\u00a0\u00bb use_row_as_full_screen_section=\u00a0\u00bbno\u00a0\u00bb type=\u00a0\u00bbfull_width\u00a0\u00bb angled_section=\u00a0\u00bbno\u00a0\u00bb text_align=\u00a0\u00bbcenter\u00a0\u00bb background_image_as_pattern=\u00a0\u00bbwithout_pattern\u00a0\u00bb][vc_column el_class=\u00a0\u00bblinkcurriculum\u00a0\u00bb][vc_gallery type=\u00a0\u00bbimage_grid\u00a0\u00bb images=\u00a0\u00bb735,741,742,746,750,1516,1517,1518,1519,1520,1521,1522&Prime; img_size=\u00a0\u00bblarge\u00a0\u00bb column_number=\u00a0\u00bb4&Prime; grayscale=\u00a0\u00bbno\u00a0\u00bb images_space=\u00a0\u00bbgallery_without_space\u00a0\u00bb][\/vc_column][\/vc_row][vc_row css_animation=\u00a0\u00bb\u00a0\u00bb row_type=\u00a0\u00bbrow\u00a0\u00bb use_row_as_full_screen_section=\u00a0\u00bbno\u00a0\u00bb type=\u00a0\u00bbfull_width\u00a0\u00bb angled_section=\u00a0\u00bbno\u00a0\u00bb text_align=\u00a0\u00bbleft\u00a0\u00bb background_image_as_pattern=\u00a0\u00bbwithout_pattern\u00a0\u00bb][vc_column]<div class=\"templatera_shortcode\"><div id=\"equilibre\"     class=\"vc_row wpb_row section vc_row-fluid  vc_custom_1677771135530\" style=' text-align:left;'><div class=\" full_section_inner clearfix\"><div class=\"wpb_column vc_column_container vc_col-sm-12\"><div class=\"vc_column-inner\"><div class=\"wpb_wrapper\">\t<div class=\"vc_empty_space\"  style=\"height: 20px\" ><span\n\t\t\tclass=\"vc_empty_space_inner\">\n\t\t\t<span class=\"empty_space_image\"  ><\/span>\n\t\t<\/span><\/div>\n\n\n\t<div class=\"wpb_text_column wpb_content_element  white-text vc_custom_1677769508067\">\n\t\t<div class=\"wpb_wrapper\">\n\t\t\t<h2 style=\"text-align: center;\">Ateliers de l\u2019apr\u00e8s-midi<\/h2>\n<h4 style=\"text-align: center;\">Cliquez pour en savoir plus<\/h4>\n\n\t\t<\/div> \n\t<\/div> <div      class=\"vc_row wpb_row section vc_row-fluid vc_inner  aft-act-icon-holder vc_custom_1677600375630 grid_section\" style=' text-align:left;'><div class=\" section_inner clearfix\"><div class='section_inner_margin clearfix'><div class=\"wpb_column vc_column_container vc_col-sm-1\/5 vc_col-xs-6\"><div class=\"vc_column-inner\"><div class=\"wpb_wrapper\">\n\t<div class=\"wpb_single_image wpb_content_element vc_align_center  qode_image_hover_zoom_in\">\n\t\t<div class=\"wpb_wrapper\">\n\t\t\t\n\t\t\t<a href=\"https:\/\/orchard-house.ca\/fr\/programmes\/les-ateliers-de-lapres-midi\/#equilibre\" target=\"_self\"><div class=\"vc_single_image-wrapper   vc_box_border_grey\"><img loading=\"lazy\" decoding=\"async\" width=\"480\" height=\"480\" src=\"https:\/\/orchard-house.ca\/wp-content\/uploads\/2023\/02\/Balance_Circle.png\" class=\"vc_single_image-img attachment-large\" alt=\"\" title=\"Balance_Circle\" srcset=\"https:\/\/orchard-house.ca\/wp-content\/uploads\/2023\/02\/Balance_Circle.png 480w, https:\/\/orchard-house.ca\/wp-content\/uploads\/2023\/02\/Balance_Circle-300x300.png 300w, https:\/\/orchard-house.ca\/wp-content\/uploads\/2023\/02\/Balance_Circle-150x150.png 150w\" sizes=\"auto, (max-width: 480px) 100vw, 480px\" \/><\/div><\/a>\n\t\t<\/div>\n\t<\/div>\n\n\t<div class=\"wpb_text_column wpb_content_element  current\">\n\t\t<div class=\"wpb_wrapper\">\n\t\t\t<h3 style=\"text-align: center;\"><a href=\"https:\/\/orchard-house.ca\/fr\/programmes\/les-ateliers-de-lapres-midi\/#equilibre\">L'\u00e9quilibre<\/a><\/h3>\n\n\t\t<\/div> \n\t<\/div> \t<div class=\"vc_empty_space\"  style=\"height: 40px\" ><span\n\t\t\tclass=\"vc_empty_space_inner\">\n\t\t\t<span class=\"empty_space_image\"  ><\/span>\n\t\t<\/span><\/div>\n\n<\/div><\/div><\/div><div class=\"wpb_column vc_column_container vc_col-sm-1\/5 vc_col-xs-6\"><div class=\"vc_column-inner\"><div class=\"wpb_wrapper\">\n\t<div class=\"wpb_single_image wpb_content_element vc_align_center  qode_image_hover_zoom_in\">\n\t\t<div class=\"wpb_wrapper\">\n\t\t\t\n\t\t\t<a href=\"https:\/\/orchard-house.ca\/fr\/programmes\/les-ateliers-de-lapres-midi\/perspective\/#perspective\" target=\"_self\"><div class=\"vc_single_image-wrapper   vc_box_border_grey\"><img loading=\"lazy\" decoding=\"async\" width=\"480\" height=\"480\" src=\"https:\/\/orchard-house.ca\/wp-content\/uploads\/2023\/02\/Perspective_circle.png\" class=\"vc_single_image-img attachment-large\" alt=\"\" title=\"Perspective_circle\" srcset=\"https:\/\/orchard-house.ca\/wp-content\/uploads\/2023\/02\/Perspective_circle.png 480w, https:\/\/orchard-house.ca\/wp-content\/uploads\/2023\/02\/Perspective_circle-300x300.png 300w, https:\/\/orchard-house.ca\/wp-content\/uploads\/2023\/02\/Perspective_circle-150x150.png 150w\" sizes=\"auto, (max-width: 480px) 100vw, 480px\" \/><\/div><\/a>\n\t\t<\/div>\n\t<\/div>\n\n\t<div class=\"wpb_text_column wpb_content_element \">\n\t\t<div class=\"wpb_wrapper\">\n\t\t\t<h3 style=\"text-align: center;\"><a href=\"https:\/\/orchard-house.ca\/fr\/programmes\/les-ateliers-de-lapres-midi\/perspective\/#perspective\">La perspective<\/a><\/h3>\n\n\t\t<\/div> \n\t<\/div> \t<div class=\"vc_empty_space\"  style=\"height: 40px\" ><span\n\t\t\tclass=\"vc_empty_space_inner\">\n\t\t\t<span class=\"empty_space_image\"  ><\/span>\n\t\t<\/span><\/div>\n\n<\/div><\/div><\/div><div class=\"wpb_column vc_column_container vc_col-sm-1\/5 vc_col-xs-6\"><div class=\"vc_column-inner\"><div class=\"wpb_wrapper\">\n\t<div class=\"wpb_single_image wpb_content_element vc_align_center  qode_image_hover_zoom_in\">\n\t\t<div class=\"wpb_wrapper\">\n\t\t\t\n\t\t\t<a href=\"https:\/\/orchard-house.ca\/fr\/programmes\/les-ateliers-de-lapres-midi\/merveille\/#merveille\" target=\"_self\"><div class=\"vc_single_image-wrapper   vc_box_border_grey\"><img loading=\"lazy\" decoding=\"async\" width=\"480\" height=\"480\" src=\"https:\/\/orchard-house.ca\/wp-content\/uploads\/2023\/02\/Wonder_circle.png\" class=\"vc_single_image-img attachment-large\" alt=\"\" title=\"Wonder_circle\" srcset=\"https:\/\/orchard-house.ca\/wp-content\/uploads\/2023\/02\/Wonder_circle.png 480w, https:\/\/orchard-house.ca\/wp-content\/uploads\/2023\/02\/Wonder_circle-300x300.png 300w, https:\/\/orchard-house.ca\/wp-content\/uploads\/2023\/02\/Wonder_circle-150x150.png 150w\" sizes=\"auto, (max-width: 480px) 100vw, 480px\" \/><\/div><\/a>\n\t\t<\/div>\n\t<\/div>\n\n\t<div class=\"wpb_text_column wpb_content_element \">\n\t\t<div class=\"wpb_wrapper\">\n\t\t\t<h3 style=\"text-align: center;\"><a href=\"https:\/\/orchard-house.ca\/fr\/programmes\/les-ateliers-de-lapres-midi\/merveille\/#merveille\">La merveille<\/a><\/h3>\n\n\t\t<\/div> \n\t<\/div> \t<div class=\"vc_empty_space\"  style=\"height: 40px\" ><span\n\t\t\tclass=\"vc_empty_space_inner\">\n\t\t\t<span class=\"empty_space_image\"  ><\/span>\n\t\t<\/span><\/div>\n\n<\/div><\/div><\/div><div class=\"wpb_column vc_column_container vc_col-sm-1\/5 vc_col-xs-6\"><div class=\"vc_column-inner\"><div class=\"wpb_wrapper\">\n\t<div class=\"wpb_single_image wpb_content_element vc_align_center  qode_image_hover_zoom_in\">\n\t\t<div class=\"wpb_wrapper\">\n\t\t\t\n\t\t\t<a href=\"https:\/\/orchard-house.ca\/fr\/programmes\/les-ateliers-de-lapres-midi\/decouverte\/#decouverte\" target=\"_self\"><div class=\"vc_single_image-wrapper   vc_box_border_grey\"><img loading=\"lazy\" decoding=\"async\" width=\"480\" height=\"480\" src=\"https:\/\/orchard-house.ca\/wp-content\/uploads\/2023\/02\/Discovery_circle.png\" class=\"vc_single_image-img attachment-large\" alt=\"\" title=\"Discovery_circle\" srcset=\"https:\/\/orchard-house.ca\/wp-content\/uploads\/2023\/02\/Discovery_circle.png 480w, https:\/\/orchard-house.ca\/wp-content\/uploads\/2023\/02\/Discovery_circle-300x300.png 300w, https:\/\/orchard-house.ca\/wp-content\/uploads\/2023\/02\/Discovery_circle-150x150.png 150w\" sizes=\"auto, (max-width: 480px) 100vw, 480px\" \/><\/div><\/a>\n\t\t<\/div>\n\t<\/div>\n\n\t<div class=\"wpb_text_column wpb_content_element \">\n\t\t<div class=\"wpb_wrapper\">\n\t\t\t<h3 style=\"text-align: center;\"><a href=\"https:\/\/orchard-house.ca\/fr\/programmes\/les-ateliers-de-lapres-midi\/decouverte\/#decouverte\">La d\u00e9couverte<\/a><\/h3>\n\n\t\t<\/div> \n\t<\/div> \t<div class=\"vc_empty_space\"  style=\"height: 40px\" ><span\n\t\t\tclass=\"vc_empty_space_inner\">\n\t\t\t<span class=\"empty_space_image\"  ><\/span>\n\t\t<\/span><\/div>\n\n<\/div><\/div><\/div><div class=\"wpb_column vc_column_container vc_col-sm-1\/5 vc_col-xs-6\"><div class=\"vc_column-inner\"><div class=\"wpb_wrapper\">\n\t<div class=\"wpb_single_image wpb_content_element vc_align_center  qode_image_hover_zoom_in\">\n\t\t<div class=\"wpb_wrapper\">\n\t\t\t\n\t\t\t<a href=\"https:\/\/orchard-house.ca\/fr\/programmes\/les-ateliers-de-lapres-midi\/imagination\/#imagination\" target=\"_self\"><div class=\"vc_single_image-wrapper   vc_box_border_grey\"><img loading=\"lazy\" decoding=\"async\" width=\"480\" height=\"480\" src=\"https:\/\/orchard-house.ca\/wp-content\/uploads\/2023\/02\/Imagination_circle.png\" class=\"vc_single_image-img attachment-large\" alt=\"\" title=\"Imagination_circle\" srcset=\"https:\/\/orchard-house.ca\/wp-content\/uploads\/2023\/02\/Imagination_circle.png 480w, https:\/\/orchard-house.ca\/wp-content\/uploads\/2023\/02\/Imagination_circle-300x300.png 300w, https:\/\/orchard-house.ca\/wp-content\/uploads\/2023\/02\/Imagination_circle-150x150.png 150w\" sizes=\"auto, (max-width: 480px) 100vw, 480px\" \/><\/div><\/a>\n\t\t<\/div>\n\t<\/div>\n\n\t<div class=\"wpb_text_column wpb_content_element \">\n\t\t<div class=\"wpb_wrapper\">\n\t\t\t<h3 style=\"text-align: center;\"><a href=\"https:\/\/orchard-house.ca\/fr\/programmes\/les-ateliers-de-lapres-midi\/imagination\/#imagination\">L'imagination<\/a><\/h3>\n\n\t\t<\/div> \n\t<\/div> \t<div class=\"vc_empty_space\"  style=\"height: 40px\" ><span\n\t\t\tclass=\"vc_empty_space_inner\">\n\t\t\t<span class=\"empty_space_image\"  ><\/span>\n\t\t<\/span><\/div>\n\n<\/div><\/div><\/div><\/div><\/div><\/div><\/div><\/div><\/div><\/div><\/div><\/div>[\/vc_column][\/vc_row]<\/p>\n<\/div>","protected":false},"excerpt":{"rendered":"Ateliers de l\u2019apr\u00e8s-midi Cliquez pour en savoir plus L'\u00e9quilibre La perspective La merveille La d\u00e9couverte L'imagination","protected":false},"author":1,"featured_media":0,"parent":2473,"menu_order":0,"comment_status":"closed","ping_status":"closed","template":"full_width.php","meta":{"footnotes":""},"class_list":["post-2485","page","type-page","status-publish","hentry"],"_links":{"self":[{"href":"https:\/\/orchard-house.ca\/fr\/wp-json\/wp\/v2\/pages\/2485","targetHints":{"allow":["GET"]}}],"collection":[{"href":"https:\/\/orchard-house.ca\/fr\/wp-json\/wp\/v2\/pages"}],"about":[{"href":"https:\/\/orchard-house.ca\/fr\/wp-json\/wp\/v2\/types\/page"}],"author":[{"embeddable":true,"href":"https:\/\/orchard-house.ca\/fr\/wp-json\/wp\/v2\/users\/1"}],"replies":[{"embeddable":true,"href":"https:\/\/orchard-house.ca\/fr\/wp-json\/wp\/v2\/comments?post=2485"}],"version-history":[{"count":1,"href":"https:\/\/orchard-house.ca\/fr\/wp-json\/wp\/v2\/pages\/2485\/revisions"}],"predecessor-version":[{"id":3448,"href":"https:\/\/orchard-house.ca\/fr\/wp-json\/wp\/v2\/pages\/2485\/revisions\/3448"}],"up":[{"embeddable":true,"href":"https:\/\/orchard-house.ca\/fr\/wp-json\/wp\/v2\/pages\/2473"}],"wp:attachment":[{"href":"https:\/\/orchard-house.ca\/fr\/wp-json\/wp\/v2\/media?parent=2485"}],"curies":[{"name":"wp","href":"https:\/\/api.w.org\/{rel}","templated":true}]}}