{"id":2483,"date":"2017-05-05T18:27:53","date_gmt":"2017-05-05T16:27:53","guid":{"rendered":"https:\/\/orchard-house.ca\/dev\/le-programme-des-trois-ans\/"},"modified":"2023-04-11T21:35:14","modified_gmt":"2023-04-11T19:35:14","slug":"le-programme-des-trois-ans","status":"publish","type":"page","link":"https:\/\/orchard-house.ca\/fr\/programmes\/programmes-par-age\/le-programme-des-trois-ans\/","title":{"rendered":"Le programme des trois ans"},"content":{"rendered":"<div class=\"wpb-content-wrapper\"><p>[vc_row css_animation=\u00a0\u00bb\u00a0\u00bb row_type=\u00a0\u00bbrow\u00a0\u00bb use_row_as_full_screen_section=\u00a0\u00bbno\u00a0\u00bb type=\u00a0\u00bbfull_width\u00a0\u00bb angled_section=\u00a0\u00bbno\u00a0\u00bb text_align=\u00a0\u00bbleft\u00a0\u00bb background_image_as_pattern=\u00a0\u00bbwithout_pattern\u00a0\u00bb][vc_column offset=\u00a0\u00bbvc_hidden-sm vc_hidden-xs\u00a0\u00bb]\n\t\t\t<!-- START Threes FR REVOLUTION SLIDER 6.5.9 --><p class=\"rs-p-wp-fix\"><\/p>\n\t\t\t<rs-module-wrap id=\"rev_slider_48_1_wrapper\" data-source=\"gallery\" style=\"visibility:hidden;background:transparent;padding:0;\">\n\t\t\t\t<rs-module id=\"rev_slider_48_1\" style=\"\" data-version=\"6.5.9\">\n\t\t\t\t\t<rs-slides>\n\t\t\t\t\t\t<rs-slide style=\"position: absolute;\" data-key=\"rs-116\" data-title=\"Slide\" data-anim=\"ms:600;\" data-in=\"o:0;\" data-out=\"a:false;\">\n\t\t\t\t\t\t\t<img decoding=\"async\" src=\"\/\/orchard-house.ca\/wp-content\/plugins\/revslider\/public\/assets\/assets\/dummy.png\" title=\"Le programme des trois ans\" class=\"rev-slidebg tp-rs-img rs-lazyload\" data-lazyload=\"\/\/orchard-house.ca\/wp-content\/uploads\/2017\/05\/Threes-Header_20161205-WEST-149.jpg\" data-bg=\"p:50% 75%;\" data-no-retina>\n<!--\n\t\t\t\t\t\t\t--><rs-layer\n\t\t\t\t\t\t\t\tid=\"slider-48-slide-116-layer-5\" \n\t\t\t\t\t\t\t\tdata-type=\"text\"\n\t\t\t\t\t\t\t\tdata-color=\"rgba(255,255,255,1)\"\n\t\t\t\t\t\t\t\tdata-xy=\"x:c;y:b;yo:88px;\"\n\t\t\t\t\t\t\t\tdata-text=\"s:36;l:36;a:inherit;\"\n\t\t\t\t\t\t\t\tdata-basealign=\"slide\"\n\t\t\t\t\t\t\t\tdata-rsp_bd=\"off\"\n\t\t\t\t\t\t\t\tdata-frame_0=\"tp:600;\"\n\t\t\t\t\t\t\t\tdata-frame_1=\"tp:600;st:0;\"\n\t\t\t\t\t\t\t\tdata-frame_999=\"o:0;tp:600;st:w;sR:8700;\"\n\t\t\t\t\t\t\t\tstyle=\"z-index:5;font-family:'Arvo';\"\n\t\t\t\t\t\t\t>Initiative \n\t\t\t\t\t\t\t<\/rs-layer><!--\n\n\t\t\t\t\t\t\t--><rs-layer\n\t\t\t\t\t\t\t\tid=\"slider-48-slide-116-layer-9\" \n\t\t\t\t\t\t\t\tdata-type=\"image\"\n\t\t\t\t\t\t\t\tdata-rsp_ch=\"on\"\n\t\t\t\t\t\t\t\tdata-xy=\"x:c;y:b;yo:139px;\"\n\t\t\t\t\t\t\t\tdata-text=\"l:22;a:inherit;\"\n\t\t\t\t\t\t\t\tdata-dim=\"w:60px;h:79px;\"\n\t\t\t\t\t\t\t\tdata-basealign=\"slide\"\n\t\t\t\t\t\t\t\tdata-frame_0=\"tp:600;\"\n\t\t\t\t\t\t\t\tdata-frame_1=\"tp:600;st:0;\"\n\t\t\t\t\t\t\t\tdata-frame_999=\"o:0;tp:600;st:w;sR:8700;\"\n\t\t\t\t\t\t\t\tstyle=\"z-index:6;\"\n\t\t\t\t\t\t\t><img loading=\"lazy\" decoding=\"async\" src=\"\/\/orchard-house.ca\/wp-content\/plugins\/revslider\/public\/assets\/assets\/dummy.png\" class=\"tp-rs-img rs-lazyload\" width=\"60\" height=\"79\" data-lazyload=\"\/\/orchard-house.ca\/wp-content\/uploads\/2017\/06\/blazon-2.png\" data-no-retina> \n\t\t\t\t\t\t\t<\/rs-layer><!--\n\n\t\t\t\t\t\t\t--><rs-layer\n\t\t\t\t\t\t\t\tid=\"slider-48-slide-116-layer-11\" \n\t\t\t\t\t\t\t\tdata-type=\"image\"\n\t\t\t\t\t\t\t\tdata-rsp_ch=\"on\"\n\t\t\t\t\t\t\t\tdata-xy=\"x:c;y:b;yo:35px;\"\n\t\t\t\t\t\t\t\tdata-text=\"l:22;a:inherit;\"\n\t\t\t\t\t\t\t\tdata-dim=\"w:38px;h:21px;\"\n\t\t\t\t\t\t\t\tdata-basealign=\"slide\"\n\t\t\t\t\t\t\t\tdata-frame_0=\"tp:600;\"\n\t\t\t\t\t\t\t\tdata-frame_1=\"tp:600;st:0;\"\n\t\t\t\t\t\t\t\tdata-frame_999=\"o:0;tp:600;st:w;sR:8700;\"\n\t\t\t\t\t\t\t\tstyle=\"z-index:7;\"\n\t\t\t\t\t\t\t><img loading=\"lazy\" decoding=\"async\" src=\"\/\/orchard-house.ca\/wp-content\/plugins\/revslider\/public\/assets\/assets\/dummy.png\" class=\"tp-rs-img rs-lazyload\" width=\"38\" height=\"21\" data-lazyload=\"\/\/orchard-house.ca\/wp-content\/uploads\/2017\/08\/ORH_White-Arrow_Down.png\" data-no-retina> \n\t\t\t\t\t\t\t<\/rs-layer><!--\n-->\t\t\t\t\t\t<\/rs-slide>\n\t\t\t\t\t<\/rs-slides>\n\t\t\t\t<\/rs-module>\n\t\t\t\t<script type=\"text\/javascript\">\n\t\t\t\t\tsetREVStartSize({c: 'rev_slider_48_1',rl:[1240,1024,778,480],el:[],gw:[1900],gh:[1000],type:'standard',justify:'',layout:'fullscreen',offsetContainer:'',offset:'',mh:\"0\"});if (window.RS_MODULES!==undefined && window.RS_MODULES.modules!==undefined && window.RS_MODULES.modules[\"revslider481\"]!==undefined) {window.RS_MODULES.modules[\"revslider481\"].once = false;window.revapi48 = undefined;if (window.RS_MODULES.checkMinimal!==undefined) window.RS_MODULES.checkMinimal()}\n\t\t\t\t<\/script>\n\t\t\t<\/rs-module-wrap>\n\t\t\t<!-- END REVOLUTION SLIDER -->\n[\/vc_column][\/vc_row][vc_row css_animation=\u00a0\u00bb\u00a0\u00bb row_type=\u00a0\u00bbrow\u00a0\u00bb use_row_as_full_screen_section=\u00a0\u00bbno\u00a0\u00bb type=\u00a0\u00bbgrid\u00a0\u00bb angled_section=\u00a0\u00bbno\u00a0\u00bb text_align=\u00a0\u00bbleft\u00a0\u00bb background_image_as_pattern=\u00a0\u00bbwithout_pattern\u00a0\u00bb css=\u00a0\u00bb.vc_custom_1495904375033{background: #c1d72e url(https:\/\/orchard-house.ca\/wp-content\/uploads\/2017\/05\/topGreen.png?id=267) !important;background-position: 0 0 !important;background-repeat: no-repeat !important;}\u00a0\u00bb][vc_column el_class=\u00a0\u00bbintro-text\u00a0\u00bb][vc_column_text el_class=\u00a0\u00bbwhite-text\u00a0\u00bb]<\/p>\n<h2 style=\"text-align: center;\">Le programme des trois ans<\/h2>\n<h4 style=\"text-align: center;\">Encourager l\u2019initiative<\/h4>\n<p>[\/vc_column_text][vc_column_text el_class=\u00a0\u00bbwhite-text\u00a0\u00bb]<\/p>\n<p style=\"text-align: center;\">Alors que votre jeune enfant commence \u00e0 ma\u00eetriser son environnement, des occasions structur\u00e9es dans le cadre d\u2019un programme Montessori stimulant lui sont propos\u00e9es pour l\u2019encourager \u00e0 manifester son initiative, explorer et se questionner. Ici, votre enfant commencera \u00e0 renforcer son identit\u00e9 individuelle et deviendra de plus en plus conscient de lui-m\u00eame et du monde qui l\u2019entoure.<\/p>\n<p>[\/vc_column_text][\/vc_column][\/vc_row][vc_row row_type=\u00a0\u00bbexpandable\u00a0\u00bb text_align=\u00a0\u00bbleft\u00a0\u00bb more_button_label=\u00a0\u00bbVoir plus\u00a0\u00bb less_button_label=\u00a0\u00bbVoir moins\u00a0\u00bb][vc_column][vc_row_inner row_type=\u00a0\u00bbrow\u00a0\u00bb type=\u00a0\u00bbgrid\u00a0\u00bb text_align=\u00a0\u00bbleft\u00a0\u00bb css_animation=\u00a0\u00bb\u00a0\u00bb][vc_column_inner offset=\u00a0\u00bbvc_col-lg-6 vc_col-md-6&Prime;][vc_column_text]Les enfants travaillent de fa\u00e7on ind\u00e9pendante \u00e0 des activit\u00e9s r\u00e9parties dans les cinq zones principales de la classe Montessori.<\/p>\n<h3>Vie pratique<\/h3>\n<p>Les enfants apprennent \u00e0 prendre soin d\u2019eux-m\u00eames et de leur environnement, raffinent leur motricit\u00e9, exercent leurs habilet\u00e9s en mati\u00e8re de communication et de relations humaines et d\u00e9veloppent leur confiance en effectuant diverses t\u00e2ches de la vie quotidienne comme verser, lacer, laver et se servir une collation.<\/p>\n<h3>Sensoriel<\/h3>\n<p>Dans cette zone, les enfants apprennent \u00e0 mettre en ordre, classer et trier des objets ainsi qu\u2019\u00e0 diff\u00e9rencier les formes, le poids, les tailles, la temp\u00e9rature, les sons et les couleurs. Gr\u00e2ce \u00e0 des activit\u00e9s faisant appel aux sens, les enfants se pr\u00e9parent non seulement \u00e0 l\u2019apprentissage des math\u00e9matiques, mais aussi \u00e0 celui des langues. En effet, bon nombre d\u2019activit\u00e9s sensorielles contribuent \u00e0 d\u00e9velopper les muscles qui serviront \u00e0 l\u2019\u00e9criture, enseignent aux enfants \u00e0 discerner les diff\u00e9rents sons, ce qui facilitera le d\u00e9veloppement du langage, et am\u00e9liorent l\u2019organisation gauche-droite en vue de la lecture.[\/vc_column_text][\/vc_column_inner][vc_column_inner offset=\u00a0\u00bbvc_col-lg-6 vc_col-md-6&Prime;][vc_column_text]<\/p>\n<h3>Math\u00e9matiques<\/h3>\n<p>Au d\u00e9but, les enfants apprennent \u00e0 compter et \u00e0 se familiariser avec les notions de taille, de quantit\u00e9 et de nombre. La manipulation d\u2019objets soigneusement con\u00e7us \u00e0 cette fin les aide \u00e0 assimiler les concepts \u00e9tudi\u00e9s, ce qui leur permet d\u2019aborder par la suite des concepts plus abstraits.<\/p>\n<h3>Langage<\/h3>\n<p>Ici, les enfants apprennent phon\u00e9tiquement l\u2019alphabet en tra\u00e7ant les lettres en papier d\u2019\u00e9meri, enrichissent leur vocabulaire et associent des sons \u00e0 des objets.<\/p>\n<h3>Culture<\/h3>\n<p>Des outils et des projets vari\u00e9s guident les enfants vers une meilleure compr\u00e9hension de la g\u00e9ographie, des besoins humains et de la beaut\u00e9 des diff\u00e9rentes cultures et coutumes qui existent de par le monde. Des formes repr\u00e9sentant la terre et l\u2019eau, des casse-t\u00eate g\u00e9ographiques ainsi que de nombreux objets typiques viennent enrichir ce volet du programme \u00e9ducatif.[\/vc_column_text][\/vc_column_inner][\/vc_row_inner][\/vc_column][\/vc_row][vc_row css_animation=\u00a0\u00bb\u00a0\u00bb row_type=\u00a0\u00bbrow\u00a0\u00bb use_row_as_full_screen_section=\u00a0\u00bbno\u00a0\u00bb type=\u00a0\u00bbfull_width\u00a0\u00bb angled_section=\u00a0\u00bbno\u00a0\u00bb text_align=\u00a0\u00bbcenter\u00a0\u00bb background_image_as_pattern=\u00a0\u00bbwithout_pattern\u00a0\u00bb][vc_column el_class=\u00a0\u00bblinkcurriculum\u00a0\u00bb][vc_gallery type=\u00a0\u00bbimage_grid\u00a0\u00bb images=\u00a0\u00bb906,911,913,916,1503,1504,1505,1506,1507,1508,1509,1510,1511,1512,1513,1514&Prime; img_size=\u00a0\u00bblarge\u00a0\u00bb column_number=\u00a0\u00bb4&Prime; grayscale=\u00a0\u00bbno\u00a0\u00bb images_space=\u00a0\u00bbgallery_without_space\u00a0\u00bb][\/vc_column][\/vc_row][vc_row css_animation=\u00a0\u00bb\u00a0\u00bb row_type=\u00a0\u00bbrow\u00a0\u00bb use_row_as_full_screen_section=\u00a0\u00bbno\u00a0\u00bb type=\u00a0\u00bbfull_width\u00a0\u00bb angled_section=\u00a0\u00bbno\u00a0\u00bb text_align=\u00a0\u00bbleft\u00a0\u00bb background_image_as_pattern=\u00a0\u00bbwithout_pattern\u00a0\u00bb][vc_column]<div class=\"templatera_shortcode\"><div id=\"equilibre\"     class=\"vc_row wpb_row section vc_row-fluid  vc_custom_1677771135530\" style=' text-align:left;'><div class=\" full_section_inner clearfix\"><div class=\"wpb_column vc_column_container vc_col-sm-12\"><div class=\"vc_column-inner\"><div class=\"wpb_wrapper\">\t<div class=\"vc_empty_space\"  style=\"height: 20px\" ><span\n\t\t\tclass=\"vc_empty_space_inner\">\n\t\t\t<span class=\"empty_space_image\"  ><\/span>\n\t\t<\/span><\/div>\n\n\n\t<div class=\"wpb_text_column wpb_content_element  white-text vc_custom_1677769508067\">\n\t\t<div class=\"wpb_wrapper\">\n\t\t\t<h2 style=\"text-align: center;\">Ateliers de l\u2019apr\u00e8s-midi<\/h2>\n<h4 style=\"text-align: center;\">Cliquez pour en savoir plus<\/h4>\n\n\t\t<\/div> \n\t<\/div> <div      class=\"vc_row wpb_row section vc_row-fluid vc_inner  aft-act-icon-holder vc_custom_1677600375630 grid_section\" style=' text-align:left;'><div class=\" section_inner clearfix\"><div class='section_inner_margin clearfix'><div class=\"wpb_column vc_column_container vc_col-sm-1\/5 vc_col-xs-6\"><div class=\"vc_column-inner\"><div class=\"wpb_wrapper\">\n\t<div class=\"wpb_single_image wpb_content_element vc_align_center  qode_image_hover_zoom_in\">\n\t\t<div class=\"wpb_wrapper\">\n\t\t\t\n\t\t\t<a href=\"https:\/\/orchard-house.ca\/fr\/programmes\/les-ateliers-de-lapres-midi\/#equilibre\" target=\"_self\"><div class=\"vc_single_image-wrapper   vc_box_border_grey\"><img loading=\"lazy\" decoding=\"async\" width=\"480\" height=\"480\" src=\"https:\/\/orchard-house.ca\/wp-content\/uploads\/2023\/02\/Balance_Circle.png\" class=\"vc_single_image-img attachment-large\" alt=\"\" title=\"Balance_Circle\" srcset=\"https:\/\/orchard-house.ca\/wp-content\/uploads\/2023\/02\/Balance_Circle.png 480w, https:\/\/orchard-house.ca\/wp-content\/uploads\/2023\/02\/Balance_Circle-300x300.png 300w, https:\/\/orchard-house.ca\/wp-content\/uploads\/2023\/02\/Balance_Circle-150x150.png 150w\" sizes=\"auto, (max-width: 480px) 100vw, 480px\" \/><\/div><\/a>\n\t\t<\/div>\n\t<\/div>\n\n\t<div class=\"wpb_text_column wpb_content_element  current\">\n\t\t<div class=\"wpb_wrapper\">\n\t\t\t<h3 style=\"text-align: center;\"><a href=\"https:\/\/orchard-house.ca\/fr\/programmes\/les-ateliers-de-lapres-midi\/#equilibre\">L'\u00e9quilibre<\/a><\/h3>\n\n\t\t<\/div> \n\t<\/div> \t<div class=\"vc_empty_space\"  style=\"height: 40px\" ><span\n\t\t\tclass=\"vc_empty_space_inner\">\n\t\t\t<span class=\"empty_space_image\"  ><\/span>\n\t\t<\/span><\/div>\n\n<\/div><\/div><\/div><div class=\"wpb_column vc_column_container vc_col-sm-1\/5 vc_col-xs-6\"><div class=\"vc_column-inner\"><div class=\"wpb_wrapper\">\n\t<div class=\"wpb_single_image wpb_content_element vc_align_center  qode_image_hover_zoom_in\">\n\t\t<div class=\"wpb_wrapper\">\n\t\t\t\n\t\t\t<a href=\"https:\/\/orchard-house.ca\/fr\/programmes\/les-ateliers-de-lapres-midi\/perspective\/#perspective\" target=\"_self\"><div class=\"vc_single_image-wrapper   vc_box_border_grey\"><img loading=\"lazy\" decoding=\"async\" width=\"480\" height=\"480\" src=\"https:\/\/orchard-house.ca\/wp-content\/uploads\/2023\/02\/Perspective_circle.png\" class=\"vc_single_image-img attachment-large\" alt=\"\" title=\"Perspective_circle\" srcset=\"https:\/\/orchard-house.ca\/wp-content\/uploads\/2023\/02\/Perspective_circle.png 480w, https:\/\/orchard-house.ca\/wp-content\/uploads\/2023\/02\/Perspective_circle-300x300.png 300w, https:\/\/orchard-house.ca\/wp-content\/uploads\/2023\/02\/Perspective_circle-150x150.png 150w\" sizes=\"auto, (max-width: 480px) 100vw, 480px\" \/><\/div><\/a>\n\t\t<\/div>\n\t<\/div>\n\n\t<div class=\"wpb_text_column wpb_content_element \">\n\t\t<div class=\"wpb_wrapper\">\n\t\t\t<h3 style=\"text-align: center;\"><a href=\"https:\/\/orchard-house.ca\/fr\/programmes\/les-ateliers-de-lapres-midi\/perspective\/#perspective\">La perspective<\/a><\/h3>\n\n\t\t<\/div> \n\t<\/div> \t<div class=\"vc_empty_space\"  style=\"height: 40px\" ><span\n\t\t\tclass=\"vc_empty_space_inner\">\n\t\t\t<span class=\"empty_space_image\"  ><\/span>\n\t\t<\/span><\/div>\n\n<\/div><\/div><\/div><div class=\"wpb_column vc_column_container vc_col-sm-1\/5 vc_col-xs-6\"><div class=\"vc_column-inner\"><div class=\"wpb_wrapper\">\n\t<div class=\"wpb_single_image wpb_content_element vc_align_center  qode_image_hover_zoom_in\">\n\t\t<div class=\"wpb_wrapper\">\n\t\t\t\n\t\t\t<a href=\"https:\/\/orchard-house.ca\/fr\/programmes\/les-ateliers-de-lapres-midi\/merveille\/#merveille\" target=\"_self\"><div class=\"vc_single_image-wrapper   vc_box_border_grey\"><img loading=\"lazy\" decoding=\"async\" width=\"480\" height=\"480\" src=\"https:\/\/orchard-house.ca\/wp-content\/uploads\/2023\/02\/Wonder_circle.png\" class=\"vc_single_image-img attachment-large\" alt=\"\" title=\"Wonder_circle\" srcset=\"https:\/\/orchard-house.ca\/wp-content\/uploads\/2023\/02\/Wonder_circle.png 480w, https:\/\/orchard-house.ca\/wp-content\/uploads\/2023\/02\/Wonder_circle-300x300.png 300w, https:\/\/orchard-house.ca\/wp-content\/uploads\/2023\/02\/Wonder_circle-150x150.png 150w\" sizes=\"auto, (max-width: 480px) 100vw, 480px\" \/><\/div><\/a>\n\t\t<\/div>\n\t<\/div>\n\n\t<div class=\"wpb_text_column wpb_content_element \">\n\t\t<div class=\"wpb_wrapper\">\n\t\t\t<h3 style=\"text-align: center;\"><a href=\"https:\/\/orchard-house.ca\/fr\/programmes\/les-ateliers-de-lapres-midi\/merveille\/#merveille\">La merveille<\/a><\/h3>\n\n\t\t<\/div> \n\t<\/div> \t<div class=\"vc_empty_space\"  style=\"height: 40px\" ><span\n\t\t\tclass=\"vc_empty_space_inner\">\n\t\t\t<span class=\"empty_space_image\"  ><\/span>\n\t\t<\/span><\/div>\n\n<\/div><\/div><\/div><div class=\"wpb_column vc_column_container vc_col-sm-1\/5 vc_col-xs-6\"><div class=\"vc_column-inner\"><div class=\"wpb_wrapper\">\n\t<div class=\"wpb_single_image wpb_content_element vc_align_center  qode_image_hover_zoom_in\">\n\t\t<div class=\"wpb_wrapper\">\n\t\t\t\n\t\t\t<a href=\"https:\/\/orchard-house.ca\/fr\/programmes\/les-ateliers-de-lapres-midi\/decouverte\/#decouverte\" target=\"_self\"><div class=\"vc_single_image-wrapper   vc_box_border_grey\"><img loading=\"lazy\" decoding=\"async\" width=\"480\" height=\"480\" src=\"https:\/\/orchard-house.ca\/wp-content\/uploads\/2023\/02\/Discovery_circle.png\" class=\"vc_single_image-img attachment-large\" alt=\"\" title=\"Discovery_circle\" srcset=\"https:\/\/orchard-house.ca\/wp-content\/uploads\/2023\/02\/Discovery_circle.png 480w, https:\/\/orchard-house.ca\/wp-content\/uploads\/2023\/02\/Discovery_circle-300x300.png 300w, https:\/\/orchard-house.ca\/wp-content\/uploads\/2023\/02\/Discovery_circle-150x150.png 150w\" sizes=\"auto, (max-width: 480px) 100vw, 480px\" \/><\/div><\/a>\n\t\t<\/div>\n\t<\/div>\n\n\t<div class=\"wpb_text_column wpb_content_element \">\n\t\t<div class=\"wpb_wrapper\">\n\t\t\t<h3 style=\"text-align: center;\"><a href=\"https:\/\/orchard-house.ca\/fr\/programmes\/les-ateliers-de-lapres-midi\/decouverte\/#decouverte\">La d\u00e9couverte<\/a><\/h3>\n\n\t\t<\/div> \n\t<\/div> \t<div class=\"vc_empty_space\"  style=\"height: 40px\" ><span\n\t\t\tclass=\"vc_empty_space_inner\">\n\t\t\t<span class=\"empty_space_image\"  ><\/span>\n\t\t<\/span><\/div>\n\n<\/div><\/div><\/div><div class=\"wpb_column vc_column_container vc_col-sm-1\/5 vc_col-xs-6\"><div class=\"vc_column-inner\"><div class=\"wpb_wrapper\">\n\t<div class=\"wpb_single_image wpb_content_element vc_align_center  qode_image_hover_zoom_in\">\n\t\t<div class=\"wpb_wrapper\">\n\t\t\t\n\t\t\t<a href=\"https:\/\/orchard-house.ca\/fr\/programmes\/les-ateliers-de-lapres-midi\/imagination\/#imagination\" target=\"_self\"><div class=\"vc_single_image-wrapper   vc_box_border_grey\"><img loading=\"lazy\" decoding=\"async\" width=\"480\" height=\"480\" src=\"https:\/\/orchard-house.ca\/wp-content\/uploads\/2023\/02\/Imagination_circle.png\" class=\"vc_single_image-img attachment-large\" alt=\"\" title=\"Imagination_circle\" srcset=\"https:\/\/orchard-house.ca\/wp-content\/uploads\/2023\/02\/Imagination_circle.png 480w, https:\/\/orchard-house.ca\/wp-content\/uploads\/2023\/02\/Imagination_circle-300x300.png 300w, https:\/\/orchard-house.ca\/wp-content\/uploads\/2023\/02\/Imagination_circle-150x150.png 150w\" sizes=\"auto, (max-width: 480px) 100vw, 480px\" \/><\/div><\/a>\n\t\t<\/div>\n\t<\/div>\n\n\t<div class=\"wpb_text_column wpb_content_element \">\n\t\t<div class=\"wpb_wrapper\">\n\t\t\t<h3 style=\"text-align: center;\"><a href=\"https:\/\/orchard-house.ca\/fr\/programmes\/les-ateliers-de-lapres-midi\/imagination\/#imagination\">L'imagination<\/a><\/h3>\n\n\t\t<\/div> \n\t<\/div> \t<div class=\"vc_empty_space\"  style=\"height: 40px\" ><span\n\t\t\tclass=\"vc_empty_space_inner\">\n\t\t\t<span class=\"empty_space_image\"  ><\/span>\n\t\t<\/span><\/div>\n\n<\/div><\/div><\/div><\/div><\/div><\/div><\/div><\/div><\/div><\/div><\/div><\/div>[\/vc_column][\/vc_row]<\/p>\n<\/div>","protected":false},"excerpt":{"rendered":"Ateliers de l\u2019apr\u00e8s-midi Cliquez pour en savoir plus L'\u00e9quilibre La perspective La merveille La d\u00e9couverte L'imagination","protected":false},"author":1,"featured_media":0,"parent":2473,"menu_order":0,"comment_status":"closed","ping_status":"closed","template":"full_width.php","meta":{"footnotes":""},"class_list":["post-2483","page","type-page","status-publish","hentry"],"_links":{"self":[{"href":"https:\/\/orchard-house.ca\/fr\/wp-json\/wp\/v2\/pages\/2483","targetHints":{"allow":["GET"]}}],"collection":[{"href":"https:\/\/orchard-house.ca\/fr\/wp-json\/wp\/v2\/pages"}],"about":[{"href":"https:\/\/orchard-house.ca\/fr\/wp-json\/wp\/v2\/types\/page"}],"author":[{"embeddable":true,"href":"https:\/\/orchard-house.ca\/fr\/wp-json\/wp\/v2\/users\/1"}],"replies":[{"embeddable":true,"href":"https:\/\/orchard-house.ca\/fr\/wp-json\/wp\/v2\/comments?post=2483"}],"version-history":[{"count":1,"href":"https:\/\/orchard-house.ca\/fr\/wp-json\/wp\/v2\/pages\/2483\/revisions"}],"predecessor-version":[{"id":3451,"href":"https:\/\/orchard-house.ca\/fr\/wp-json\/wp\/v2\/pages\/2483\/revisions\/3451"}],"up":[{"embeddable":true,"href":"https:\/\/orchard-house.ca\/fr\/wp-json\/wp\/v2\/pages\/2473"}],"wp:attachment":[{"href":"https:\/\/orchard-house.ca\/fr\/wp-json\/wp\/v2\/media?parent=2483"}],"curies":[{"name":"wp","href":"https:\/\/api.w.org\/{rel}","templated":true}]}}