{"id":2477,"date":"2017-05-05T18:26:32","date_gmt":"2017-05-05T16:26:32","guid":{"rendered":"https:\/\/orchard-house.ca\/dev\/batir-des-liens-dentraide-communautaire\/"},"modified":"2017-05-05T18:26:32","modified_gmt":"2017-05-05T16:26:32","slug":"batir-des-liens-dentraide-communautaire","status":"publish","type":"page","link":"https:\/\/orchard-house.ca\/fr\/programmes\/batir-des-liens-dentraide-communautaire\/","title":{"rendered":"B\u00e2tir des liens d&rsquo;entraide communautaire"},"content":{"rendered":"<div class=\"wpb-content-wrapper\"><p>[vc_row css_animation=\u00a0\u00bb\u00a0\u00bb row_type=\u00a0\u00bbrow\u00a0\u00bb use_row_as_full_screen_section=\u00a0\u00bbno\u00a0\u00bb type=\u00a0\u00bbgrid\u00a0\u00bb angled_section=\u00a0\u00bbno\u00a0\u00bb text_align=\u00a0\u00bbleft\u00a0\u00bb background_image_as_pattern=\u00a0\u00bbwithout_pattern\u00a0\u00bb css=\u00a0\u00bb.vc_custom_1496003947797{padding-top: 140px !important;background: #a3d6c5 url(https:\/\/orchard-house.ca\/wp-content\/uploads\/2017\/05\/topBlue.png?id=266) !important;background-position: 0 0 !important;background-repeat: no-repeat !important;}\u00a0\u00bb el_class=\u00a0\u00bbpadding160&Prime;][vc_column el_class=\u00a0\u00bbintro-text\u00a0\u00bb][vc_column_text el_class=\u00a0\u00bbwhite-text\u00a0\u00bb]<\/p>\n<h2 style=\"text-align: center;\">B\u00e2tir des liens d&rsquo;entraide communautaire<\/h2>\n<p style=\"text-align: center;\">Les partenariats \u00e9cole-communaut\u00e9 sont des liens privil\u00e9gi\u00e9s qui aident (directement ou indirectement) \u00e0 promouvoir le d\u00e9veloppement de l\u2019enfant. \u00c0 Orchard House, nos plus r\u00e9centes relations avec des partenaires communautaires comme Action Communiterre, Les Ateliers Turcotte et l\u2019Acad\u00e9mie Raymond Mourad Taekwondo, pour ne nommer que ceux-ci, nous permettent de travailler collectivement au bien-\u00eatre global de chaque enfant.<\/p>\n<p style=\"text-align: center;\">De plus, notre programme d\u2019entraide communautaire offre aux enfants des occasions d\u2019apprendre et de d\u00e9montrer des qualit\u00e9s et des valeurs morales fondamentales qui les aideront \u00e0 devenir des citoyens responsables et bienveillants.<span style=\"color: #ffffff;\"><br \/>\n<\/span><\/p>\n<p>[\/vc_column_text][\/vc_column][\/vc_row][vc_row css_animation=\u00a0\u00bb\u00a0\u00bb row_type=\u00a0\u00bbrow\u00a0\u00bb use_row_as_full_screen_section=\u00a0\u00bbno\u00a0\u00bb type=\u00a0\u00bbgrid\u00a0\u00bb angled_section=\u00a0\u00bbno\u00a0\u00bb text_align=\u00a0\u00bbleft\u00a0\u00bb background_image_as_pattern=\u00a0\u00bbwithout_pattern\u00a0\u00bb css=\u00a0\u00bb.vc_custom_1494599211838{padding-bottom: 40px !important;}\u00a0\u00bb][vc_column][vc_empty_space height=\u00a0\u00bb60px\u00a0\u00bb][vc_row_inner row_type=\u00a0\u00bbrow\u00a0\u00bb type=\u00a0\u00bbfull_width\u00a0\u00bb text_align=\u00a0\u00bbleft\u00a0\u00bb css_animation=\u00a0\u00bb\u00a0\u00bb][vc_column_inner offset=\u00a0\u00bbvc_col-lg-6 vc_col-md-6 vc_col-xs-12&Prime;][vc_column_text]Par le biais d\u2019une vari\u00e9t\u00e9 d\u2019activit\u00e9s qui permettent l\u2019apprentissage du service, nos enfants explorent l\u2019importance de donner pour aider ceux dans le besoin. Chaque \u00e9cole choisit annuellement un organisme local avec lequel elle peut promouvoir des relations significatives. Au cours de l\u2019ann\u00e9e scolaire, nous encourageons nos enfants \u00e0 soutenir l\u2019organisme en donnant de leur temps ou en organisant des \u00e9v\u00e8nements adapt\u00e9s \u00e0 leur \u00e2ge afin de recueillir des fonds ou du mat\u00e9riel.<\/p>\n<p>Orchard House s\u2019associe \u00e0 des organismes locaux et internationaux. Chacune de ces exp\u00e9riences apporte \u00e0 l\u2019enfant le sentiment que ses gestes peuvent avoir un impact positif dans sa communaut\u00e9 et dans le monde.[\/vc_column_text][\/vc_column_inner][vc_column_inner offset=\u00a0\u00bbvc_col-lg-6 vc_col-md-6 vc_col-xs-12&Prime;][vc_column_text]Au cours des derni\u00e8res ann\u00e9es, nous avons \u00e9t\u00e9 fiers commanditaires des organismes suivants :<\/p>\n<ul>\n<li><a href=\"http:\/\/www.fondationduchildren.com\/en\/content.aspx?id=366\" target=\"_blank\" rel=\"noopener noreferrer\">H\u00f4pital de Montr\u00e9al pour enfants<\/a><\/li>\n<li><a href=\"http:\/\/jfkfoundation.ca\/\" target=\"_blank\" rel=\"noopener noreferrer\">Fondation pour enfants seulement<\/a><\/li>\n<li><a href=\"http:\/\/www.depotndg.org\/en\" target=\"_blank\" rel=\"noopener noreferrer\">D\u00e9p\u00f4t alimentaire N.D.G.<\/a><\/li>\n<li><a href=\"http:\/\/www.wiwc.ca\/index.php\" target=\"_blank\" rel=\"noopener noreferrer\">Refuge pour les femmes de l\u2019Ouest de l\u2019\u00cele<\/a><\/li>\n<li><a href=\"http:\/\/www.wimmoi.org\/\" target=\"_blank\" rel=\"noopener noreferrer\">Mission de l\u2019Ouest de l\u2019\u00cele<\/a><\/li>\n<li><a href=\"http:\/\/www.breakfastclubcanada.org\/\" target=\"_blank\" rel=\"noopener noreferrer\">Le club des petits d\u00e9jeuners du Qu\u00e9bec<\/a><\/li>\n<li><a href=\"http:\/\/www.newvision.co.ug\/new_vision\/news\/1428438\/nkata-orchard-separated-oceans-schools\" target=\"_blank\" rel=\"noopener noreferrer\">\u00c9cole primaire Namutebi Nkata, Uganda<\/a><\/li>\n<li><a href=\"https:\/\/www.we.org\" target=\"_blank\" rel=\"noopener noreferrer\">UNIS (Free the Children)<\/a><\/li>\n<li><a href=\"http:\/\/www.fondationjovia.ca\">Fondation JOVIA<\/a><\/li>\n<\/ul>\n<p>[\/vc_column_text][\/vc_column_inner][\/vc_row_inner][vc_row_inner row_type=\u00a0\u00bbrow\u00a0\u00bb type=\u00a0\u00bbfull_width\u00a0\u00bb text_align=\u00a0\u00bbleft\u00a0\u00bb css_animation=\u00a0\u00bb\u00a0\u00bb css=\u00a0\u00bb.vc_custom_1499279492887{padding-top: 40px !important;}\u00a0\u00bb][vc_column_inner width=\u00a0\u00bb1\/2&Prime;][vc_single_image image=\u00a0\u00bb1178&Prime; img_size=\u00a0\u00bbfull\u00a0\u00bb onclick=\u00a0\u00bbcustom_link\u00a0\u00bb qode_css_animation=\u00a0\u00bb\u00a0\u00bb link=\u00a0\u00bbhttp:\/\/www.fondationjovia.ca\u00a0\u00bb][\/vc_column_inner][vc_column_inner width=\u00a0\u00bb1\/2&Prime;][vc_column_text]<\/p>\n<h3>Merci de\u00a0Free the Children \u00e0\u00a0Orchard House<\/h3>\n<p><a href=\"https:\/\/vimeo.com\/freethechildren\/review\/160156465\/cf809dbc81\" target=\"_blank\" rel=\"noopener noreferrer\">Cliquez pour voir la vid\u00e9o<\/a>[\/vc_column_text][\/vc_column_inner][\/vc_row_inner][\/vc_column][\/vc_row]<\/p>\n<\/div>","protected":false},"excerpt":{"rendered":"<p>[vc_row css_animation=\u00a0\u00bb\u00a0\u00bb row_type=\u00a0\u00bbrow\u00a0\u00bb use_row_as_full_screen_section=\u00a0\u00bbno\u00a0\u00bb type=\u00a0\u00bbgrid\u00a0\u00bb angled_section=\u00a0\u00bbno\u00a0\u00bb text_align=\u00a0\u00bbleft\u00a0\u00bb background_image_as_pattern=\u00a0\u00bbwithout_pattern\u00a0\u00bb css=\u00a0\u00bb.vc_custom_1496003947797{padding-top: 140px !important;background: #a3d6c5 url(https:\/\/orchard-house.ca\/wp-content\/uploads\/2017\/05\/topBlue.png?id=266) !important;background-position: 0 0 !important;background-repeat: no-repeat !important;}\u00a0\u00bb el_class=\u00a0\u00bbpadding160&Prime;][vc_column el_class=\u00a0\u00bbintro-text\u00a0\u00bb][vc_column_text el_class=\u00a0\u00bbwhite-text\u00a0\u00bb] B\u00e2tir&#8230;<\/p>\n","protected":false},"author":1,"featured_media":0,"parent":2453,"menu_order":0,"comment_status":"closed","ping_status":"closed","template":"full_width.php","meta":{"footnotes":""},"class_list":["post-2477","page","type-page","status-publish","hentry"],"_links":{"self":[{"href":"https:\/\/orchard-house.ca\/fr\/wp-json\/wp\/v2\/pages\/2477","targetHints":{"allow":["GET"]}}],"collection":[{"href":"https:\/\/orchard-house.ca\/fr\/wp-json\/wp\/v2\/pages"}],"about":[{"href":"https:\/\/orchard-house.ca\/fr\/wp-json\/wp\/v2\/types\/page"}],"author":[{"embeddable":true,"href":"https:\/\/orchard-house.ca\/fr\/wp-json\/wp\/v2\/users\/1"}],"replies":[{"embeddable":true,"href":"https:\/\/orchard-house.ca\/fr\/wp-json\/wp\/v2\/comments?post=2477"}],"version-history":[{"count":0,"href":"https:\/\/orchard-house.ca\/fr\/wp-json\/wp\/v2\/pages\/2477\/revisions"}],"up":[{"embeddable":true,"href":"https:\/\/orchard-house.ca\/fr\/wp-json\/wp\/v2\/pages\/2453"}],"wp:attachment":[{"href":"https:\/\/orchard-house.ca\/fr\/wp-json\/wp\/v2\/media?parent=2477"}],"curies":[{"name":"wp","href":"https:\/\/api.w.org\/{rel}","templated":true}]}}