{"id":2475,"date":"2017-05-05T18:26:02","date_gmt":"2017-05-05T16:26:02","guid":{"rendered":"https:\/\/orchard-house.ca\/dev\/les-ateliers-de-lapres-midi\/"},"modified":"2023-03-02T16:34:15","modified_gmt":"2023-03-02T15:34:15","slug":"les-ateliers-de-lapres-midi","status":"publish","type":"page","link":"https:\/\/orchard-house.ca\/fr\/programmes\/les-ateliers-de-lapres-midi\/","title":{"rendered":"Les ateliers de l&rsquo;apr\u00e8s-midi"},"content":{"rendered":"<div class=\"wpb-content-wrapper\"><p>[vc_row css_animation=\u00a0\u00bb\u00a0\u00bb row_type=\u00a0\u00bbrow\u00a0\u00bb use_row_as_full_screen_section=\u00a0\u00bbno\u00a0\u00bb type=\u00a0\u00bbfull_width\u00a0\u00bb angled_section=\u00a0\u00bbno\u00a0\u00bb text_align=\u00a0\u00bbleft\u00a0\u00bb background_image_as_pattern=\u00a0\u00bbwithout_pattern\u00a0\u00bb][vc_column]<div class=\"templatera_shortcode\"><div      class=\"vc_row wpb_row section vc_row-fluid  padding160 vc_custom_1496004112556 grid_section\" style=' text-align:left;'><div class=\" section_inner clearfix\"><div class='section_inner_margin clearfix'><div class=\"intro-text wpb_column vc_column_container vc_col-sm-12\"><div class=\"vc_column-inner\"><div class=\"wpb_wrapper\">\n\t<div class=\"wpb_text_column wpb_content_element  white-text\">\n\t\t<div class=\"wpb_wrapper\">\n\t\t\t<h2 style=\"text-align: center;\">Ateliers de l'apr\u00e8s-midi<\/h2>\n\n\t\t<\/div> \n\t<\/div> \n\t<div class=\"wpb_text_column wpb_content_element  white-text\">\n\t\t<div class=\"wpb_wrapper\">\n\t\t\t<p style=\"text-align: center;\">Notre programme enrichi de l\u2019apr\u00e8s-midi compl\u00e8te les objectifs de notre programme du matin en offrant une vari\u00e9t\u00e9 d\u2019activit\u00e9s parascolaires parmi lesquelles les enfants peuvent choisir. Ces activit\u00e9s sont directement li\u00e9es aux apprentissages que fait votre enfant dans la classe Montessori et lui permettent de pratiquer toutes les habilet\u00e9s pr\u00e9sent\u00e9es de fa\u00e7on individuelle dans un environnement authentique et social. C\u2019est durant ces activit\u00e9s de l\u2019apr\u00e8s-midi que les enfants apprennent \u00e0 s\u2019adapter au rythme d\u2019un groupe.<\/p>\n<p style=\"text-align: center;\">Notre programme de l\u2019apr\u00e8s-midi propose une grande vari\u00e9t\u00e9 d\u2019activit\u00e9s en alternance qui permettent \u00e0 votre enfant d\u2019explorer de nouvelles habilet\u00e9s et de d\u00e9couvrir de nouvelles passions. Les diverses activit\u00e9s offertes par des sp\u00e9cialistes d\u2019Orchard House et d\u2019ailleurs visent le d\u00e9veloppement de l\u2019enfant dans sa globalit\u00e9, et portent une attention particuli\u00e8re sur l'\u00e9quilibre, la perspective, la merveille, la d\u00e9couverte, et l'imagination.<\/p>\n<p style=\"text-align: center;\">Cliquez ci-dessous pour d\u00e9couvrir quelques-unes des exp\u00e9riences d'apprentissage auxquelles votre enfant participera.<span style=\"color: #ffffff;\"><br \/>\n<\/span><\/p>\n\n\t\t<\/div> \n\t<\/div> <\/div><\/div><\/div><\/div><\/div><\/div><div      class=\"vc_row wpb_row section vc_row-fluid  grid_section\" style=' text-align:left;'><div class=\" section_inner clearfix\"><div class='section_inner_margin clearfix'><div class=\"wpb_column vc_column_container vc_col-sm-12\"><div class=\"vc_column-inner\"><div class=\"wpb_wrapper\">\t<div class=\"vc_empty_space\"  style=\"height: 70px\" ><span\n\t\t\tclass=\"vc_empty_space_inner\">\n\t\t\t<span class=\"empty_space_image\"  ><\/span>\n\t\t<\/span><\/div>\n\n\n\t<div class=\"wpb_video_widget wpb_content_element vc_clearfix   vc_video-aspect-ratio-169 vc_video-el-width-100 vc_video-align-left\" >\n\t\t<div class=\"wpb_wrapper\">\n\t\t\t\n\t\t\t<div class=\"wpb_video_wrapper\"><iframe loading=\"lazy\" title=\"OH afternoon activites\" src=\"https:\/\/player.vimeo.com\/video\/194674939?dnt=1&amp;app_id=122963\" width=\"500\" height=\"281\" frameborder=\"0\" allow=\"autoplay; fullscreen; picture-in-picture; clipboard-write\"><\/iframe><\/div>\n\t\t<\/div>\n\t<\/div>\n\t<div class=\"vc_empty_space\"  style=\"height: 70px\" ><span\n\t\t\tclass=\"vc_empty_space_inner\">\n\t\t\t<span class=\"empty_space_image\"  ><\/span>\n\t\t<\/span><\/div>\n\n<\/div><\/div><\/div><\/div><\/div><\/div><\/div>[\/vc_column][\/vc_row][vc_row css_animation=\u00a0\u00bb\u00a0\u00bb row_type=\u00a0\u00bbrow\u00a0\u00bb use_row_as_full_screen_section=\u00a0\u00bbno\u00a0\u00bb type=\u00a0\u00bbfull_width\u00a0\u00bb angled_section=\u00a0\u00bbno\u00a0\u00bb text_align=\u00a0\u00bbleft\u00a0\u00bb background_image_as_pattern=\u00a0\u00bbwithout_pattern\u00a0\u00bb css=\u00a0\u00bb.vc_custom_1677771135530{margin-bottom: 0px !important;padding-top: 40px !important;padding-bottom: 40px !important;background-image: url(https:\/\/orchard-house.ca\/wp-content\/uploads\/2017\/04\/bacBlue.png?id=109) !important;}\u00a0\u00bb el_id=\u00a0\u00bbequilibre\u00a0\u00bb z_index=\u00a0\u00bb\u00a0\u00bb][vc_column][vc_empty_space height=\u00a0\u00bb20px\u00a0\u00bb][vc_column_text css=\u00a0\u00bb.vc_custom_1677769508067{padding-bottom: 30px !important;}\u00a0\u00bb el_class=\u00a0\u00bbwhite-text\u00a0\u00bb]<\/p>\n<h2 style=\"text-align: center;\">Ateliers de l\u2019apr\u00e8s-midi<\/h2>\n<h4 style=\"text-align: center;\">Cliquez pour en savoir plus<\/h4>\n<p>[\/vc_column_text][vc_row_inner row_type=\u00a0\u00bbrow\u00a0\u00bb type=\u00a0\u00bbgrid\u00a0\u00bb text_align=\u00a0\u00bbleft\u00a0\u00bb css_animation=\u00a0\u00bb\u00a0\u00bb el_class=\u00a0\u00bbaft-act-icon-holder\u00a0\u00bb css=\u00a0\u00bb.vc_custom_1677600375630{margin-top: 18px !important;}\u00a0\u00bb][vc_column_inner width=\u00a0\u00bb1\/5&Prime; offset=\u00a0\u00bbvc_col-xs-6&Prime;][vc_single_image image=\u00a0\u00bb3223&Prime; img_size=\u00a0\u00bblarge\u00a0\u00bb alignment=\u00a0\u00bbcenter\u00a0\u00bb onclick=\u00a0\u00bbcustom_link\u00a0\u00bb qode_css_animation=\u00a0\u00bb\u00a0\u00bb qode_hover_animation=\u00a0\u00bbzoom_in\u00a0\u00bb link=\u00a0\u00bbhttps:\/\/orchard-house.ca\/fr\/programmes\/les-ateliers-de-lapres-midi\/#equilibre\u00a0\u00bb][vc_column_text el_class=\u00a0\u00bbcurrent\u00a0\u00bb]<\/p>\n<h3 style=\"text-align: center;\"><a href=\"https:\/\/orchard-house.ca\/fr\/programmes\/les-ateliers-de-lapres-midi\/#equilibre\">L&rsquo;\u00e9quilibre<\/a><\/h3>\n<p>[\/vc_column_text][vc_empty_space height=\u00a0\u00bb40px\u00a0\u00bb][\/vc_column_inner][vc_column_inner width=\u00a0\u00bb1\/5&Prime; offset=\u00a0\u00bbvc_col-xs-6&Prime;][vc_single_image image=\u00a0\u00bb3229&Prime; img_size=\u00a0\u00bblarge\u00a0\u00bb alignment=\u00a0\u00bbcenter\u00a0\u00bb onclick=\u00a0\u00bbcustom_link\u00a0\u00bb qode_css_animation=\u00a0\u00bb\u00a0\u00bb qode_hover_animation=\u00a0\u00bbzoom_in\u00a0\u00bb link=\u00a0\u00bbhttps:\/\/orchard-house.ca\/fr\/programmes\/les-ateliers-de-lapres-midi\/perspective\/#perspective\u00a0\u00bb][vc_column_text]<\/p>\n<h3 style=\"text-align: center;\"><a href=\"https:\/\/orchard-house.ca\/fr\/programmes\/les-ateliers-de-lapres-midi\/perspective\/#perspective\">La perspective<\/a><\/h3>\n<p>[\/vc_column_text][vc_empty_space height=\u00a0\u00bb40px\u00a0\u00bb][\/vc_column_inner][vc_column_inner width=\u00a0\u00bb1\/5&Prime; offset=\u00a0\u00bbvc_col-xs-6&Prime;][vc_single_image image=\u00a0\u00bb3231&Prime; img_size=\u00a0\u00bblarge\u00a0\u00bb alignment=\u00a0\u00bbcenter\u00a0\u00bb onclick=\u00a0\u00bbcustom_link\u00a0\u00bb qode_css_animation=\u00a0\u00bb\u00a0\u00bb qode_hover_animation=\u00a0\u00bbzoom_in\u00a0\u00bb link=\u00a0\u00bbhttps:\/\/orchard-house.ca\/fr\/programmes\/les-ateliers-de-lapres-midi\/merveille\/#merveille\u00a0\u00bb][vc_column_text]<\/p>\n<h3 style=\"text-align: center;\"><a href=\"https:\/\/orchard-house.ca\/fr\/programmes\/les-ateliers-de-lapres-midi\/merveille\/#merveille\">La merveille<\/a><\/h3>\n<p>[\/vc_column_text][vc_empty_space height=\u00a0\u00bb40px\u00a0\u00bb][\/vc_column_inner][vc_column_inner width=\u00a0\u00bb1\/5&Prime; offset=\u00a0\u00bbvc_col-xs-6&Prime;][vc_single_image image=\u00a0\u00bb3225&Prime; img_size=\u00a0\u00bblarge\u00a0\u00bb alignment=\u00a0\u00bbcenter\u00a0\u00bb onclick=\u00a0\u00bbcustom_link\u00a0\u00bb qode_css_animation=\u00a0\u00bb\u00a0\u00bb qode_hover_animation=\u00a0\u00bbzoom_in\u00a0\u00bb link=\u00a0\u00bbhttps:\/\/orchard-house.ca\/fr\/programmes\/les-ateliers-de-lapres-midi\/decouverte\/#decouverte\u00a0\u00bb][vc_column_text]<\/p>\n<h3 style=\"text-align: center;\"><a href=\"https:\/\/orchard-house.ca\/fr\/programmes\/les-ateliers-de-lapres-midi\/decouverte\/#decouverte\">La d\u00e9couverte<\/a><\/h3>\n<p>[\/vc_column_text][vc_empty_space height=\u00a0\u00bb40px\u00a0\u00bb][\/vc_column_inner][vc_column_inner width=\u00a0\u00bb1\/5&Prime; offset=\u00a0\u00bbvc_col-xs-6&Prime;][vc_single_image image=\u00a0\u00bb3227&Prime; img_size=\u00a0\u00bblarge\u00a0\u00bb alignment=\u00a0\u00bbcenter\u00a0\u00bb onclick=\u00a0\u00bbcustom_link\u00a0\u00bb qode_css_animation=\u00a0\u00bb\u00a0\u00bb qode_hover_animation=\u00a0\u00bbzoom_in\u00a0\u00bb link=\u00a0\u00bbhttps:\/\/orchard-house.ca\/fr\/programmes\/les-ateliers-de-lapres-midi\/imagination\/#imagination\u00a0\u00bb][vc_column_text]<\/p>\n<h3 style=\"text-align: center;\"><a href=\"https:\/\/orchard-house.ca\/fr\/programmes\/les-ateliers-de-lapres-midi\/imagination\/#imagination\">L&rsquo;imagination<\/a><\/h3>\n<p>[\/vc_column_text][vc_empty_space height=\u00a0\u00bb40px\u00a0\u00bb][\/vc_column_inner][\/vc_row_inner][\/vc_column][\/vc_row][vc_row css_animation=\u00a0\u00bb\u00a0\u00bb row_type=\u00a0\u00bbrow\u00a0\u00bb use_row_as_full_screen_section=\u00a0\u00bbno\u00a0\u00bb type=\u00a0\u00bbfull_width\u00a0\u00bb angled_section=\u00a0\u00bbno\u00a0\u00bb text_align=\u00a0\u00bbleft\u00a0\u00bb background_image_as_pattern=\u00a0\u00bbwithout_pattern\u00a0\u00bb][vc_column][vc_empty_space height=\u00a0\u00bb60px\u00a0\u00bb][vc_single_image image=\u00a0\u00bb3262&Prime; img_size=\u00a0\u00bbmedium\u00a0\u00bb alignment=\u00a0\u00bbcenter\u00a0\u00bb qode_css_animation=\u00a0\u00bb\u00a0\u00bb qode_hover_animation=\u00a0\u00bbzoom_in\u00a0\u00bb el_class=\u00a0\u00bbaft-act-icon-title\u00a0\u00bb][vc_column_text el_class=\u00a0\u00bbaft-act-title\u00a0\u00bb]<\/p>\n<h2 style=\"text-align: center;\">L&rsquo;\u00e9quilibre<\/h2>\n<h3 style=\"text-align: center;\">Promouvoir l&rsquo;autor\u00e9gulation et le d\u00e9veloppement socio-\u00e9motionnel.<\/h3>\n<p>[\/vc_column_text][vc_empty_space height=\u00a0\u00bb64px\u00a0\u00bb][vc_row_inner row_type=\u00a0\u00bbrow\u00a0\u00bb type=\u00a0\u00bbgrid\u00a0\u00bb text_align=\u00a0\u00bbleft\u00a0\u00bb css_animation=\u00a0\u00bb\u00a0\u00bb css=\u00a0\u00bb.vc_custom_1677600847548{margin-bottom: 32px !important;}\u00a0\u00bb][vc_column_inner width=\u00a0\u00bb1\/2&Prime; offset=\u00a0\u00bbvc_col-lg-6 vc_col-md-6 vc_col-xs-12&Prime;][vc_column_text]<\/p>\n<h3>Un arc-en-ciel d\u2019\u00e9motions<\/h3>\n<p>Tout au long d\u2019une journ\u00e9e, les jeunes enfants peuvent ressentir toutes sortes d\u2019\u00e9motions! Lorsqu&rsquo;ils sont guid\u00e9s pour identifier et nommer ces \u00e9motions, ils apprennent \u00e0 mieux les r\u00e9guler en eux-m\u00eames et \u00e0 y r\u00e9agir de mani\u00e8re constructive envers les autres. Miroirs, pinceaux et d\u00e9guisements ne sont que quelques-uns des mat\u00e9riaux utilis\u00e9s pour explorer les grands sentiments chez les petits.<\/p>\n<h3>Mini sport<\/h3>\n<p>Gr\u00e2ce \u00e0 des jeux de groupe qui visent la motricit\u00e9 globale, les enfants d\u00e9veloppent la force du bas du corps (courir, sauter, donner des coups de pied\u2026) et la coordination \u0153il-main (attraper et lancer). Cette activit\u00e9 comprend des accessoires tels que des parachutes, des quilles, des balles et des paniers pour favoriser le contr\u00f4le des impulsions, la collaboration et le travail d&rsquo;\u00e9quipe.<\/p>\n<h3>La pleine conscience<\/h3>\n<p>Ce cours inspir\u00e9 du yoga cible la respiration consciente, les asanas (postures physiques de yoga) et les activit\u00e9s de relaxation. En plus d&rsquo;am\u00e9liorer la mobilit\u00e9 et la flexibilit\u00e9, ce programme aide chaque enfant \u00e0 ma\u00eetriser l&rsquo;autor\u00e9gulation, et \u00e0 d\u00e9velopper un sentiment de concentration, de paix et de calme.[\/vc_column_text][\/vc_column_inner][vc_column_inner width=\u00a0\u00bb1\/2&Prime;][vc_column_text]<\/p>\n<h3>Les jeux d\u2019r\u00f4les<\/h3>\n<p>Le jeu dramatique est un \u00e9l\u00e9ment essentiel de tout programme de la petite enfance. Dans cette classe, des th\u00e8mes tels que les coins restaurant et supermarch\u00e9, la clinique pour animaux de compagnie et le cabinet du m\u00e9decin, pr\u00e9parent le terrain pour que les enfants mettent en pratique leurs comp\u00e9tences de repr\u00e9sentation symbolique et de reconstitution. Les opportunit\u00e9s de jeux dramatiques guid\u00e9s par l\u2019adulte encouragent les enfants \u00e0 se mettre \u00e0 la place des autres, \u00e0 d\u00e9velopper la pens\u00e9e cr\u00e9ative et l\u2019empathie, \u00e0 pratiquer la r\u00e9solution de probl\u00e8mes et \u00e0 renforcer les comp\u00e9tences sociales.<\/p>\n<h3>\u00c0 mon tour<\/h3>\n<p>Dans cette classe, les enfants sont initi\u00e9s \u00e0 la notion ancienne des jeux de soci\u00e9t\u00e9, qui profite \u00e0 la fois au d\u00e9veloppement social et cognitif. La vari\u00e9t\u00e9 de jeux de soci\u00e9t\u00e9 \u00e0 port\u00e9e de main encourage le d\u00e9veloppement sain du cerveau et les comp\u00e9tences de fonctionnement ex\u00e9cutif, notamment la planification, l\u2019organisation et la prise de d\u00e9cisions. Ici, les enfants sont guid\u00e9s pour d\u00e9tecter les sch\u00e9mas, exercer leur esprit critique, pr\u00e9dire les mouvements des adversaires et \u00e9laborer des strat\u00e9gies pour planifier les prochaines \u00e9tapes. Nos joueurs sont encourag\u00e9s \u00e0 coop\u00e9rer, \u00e0 suivre des jeux avec des r\u00e8gles et \u00e0 apprendre \u00e0 perdre gracieusement ![\/vc_column_text][\/vc_column_inner][\/vc_row_inner][\/vc_column][\/vc_row][vc_row css_animation=\u00a0\u00bb\u00a0\u00bb row_type=\u00a0\u00bbrow\u00a0\u00bb use_row_as_full_screen_section=\u00a0\u00bbno\u00a0\u00bb type=\u00a0\u00bbfull_width\u00a0\u00bb angled_section=\u00a0\u00bbno\u00a0\u00bb text_align=\u00a0\u00bbcenter\u00a0\u00bb background_image_as_pattern=\u00a0\u00bbwithout_pattern\u00a0\u00bb][vc_column][vc_empty_space][vc_gallery type=\u00a0\u00bbimage_grid\u00a0\u00bb images=\u00a0\u00bb1200,1202,1203,1206,1207,1208,1209,1211,1212,1213,1215,1216,1217,1218,1219,1220,1222,1223,1224,1225,1226,1227,1228,1229,1230,1231,1232,1233,1234,1235,1237,1239&Prime; img_size=\u00a0\u00bbmedium\u00a0\u00bb column_number=\u00a0\u00bb4&Prime; grayscale=\u00a0\u00bbno\u00a0\u00bb images_space=\u00a0\u00bbgallery_without_space\u00a0\u00bb][\/vc_column][\/vc_row]<\/p>\n<\/div>","protected":false},"excerpt":{"rendered":"Ateliers de l'apr\u00e8s-midi Notre programme enrichi de l\u2019apr\u00e8s-midi compl\u00e8te les objectifs de notre programme du matin en offrant une vari\u00e9t\u00e9 d\u2019activit\u00e9s parascolaires parmi...","protected":false},"author":1,"featured_media":0,"parent":2453,"menu_order":0,"comment_status":"closed","ping_status":"closed","template":"full_width.php","meta":{"footnotes":""},"class_list":["post-2475","page","type-page","status-publish","hentry"],"_links":{"self":[{"href":"https:\/\/orchard-house.ca\/fr\/wp-json\/wp\/v2\/pages\/2475","targetHints":{"allow":["GET"]}}],"collection":[{"href":"https:\/\/orchard-house.ca\/fr\/wp-json\/wp\/v2\/pages"}],"about":[{"href":"https:\/\/orchard-house.ca\/fr\/wp-json\/wp\/v2\/types\/page"}],"author":[{"embeddable":true,"href":"https:\/\/orchard-house.ca\/fr\/wp-json\/wp\/v2\/users\/1"}],"replies":[{"embeddable":true,"href":"https:\/\/orchard-house.ca\/fr\/wp-json\/wp\/v2\/comments?post=2475"}],"version-history":[{"count":15,"href":"https:\/\/orchard-house.ca\/fr\/wp-json\/wp\/v2\/pages\/2475\/revisions"}],"predecessor-version":[{"id":3065,"href":"https:\/\/orchard-house.ca\/fr\/wp-json\/wp\/v2\/pages\/2475\/revisions\/3065"}],"up":[{"embeddable":true,"href":"https:\/\/orchard-house.ca\/fr\/wp-json\/wp\/v2\/pages\/2453"}],"wp:attachment":[{"href":"https:\/\/orchard-house.ca\/fr\/wp-json\/wp\/v2\/media?parent=2475"}],"curies":[{"name":"wp","href":"https:\/\/api.w.org\/{rel}","templated":true}]}}