{"id":2473,"date":"2017-05-05T18:25:42","date_gmt":"2017-05-05T16:25:42","guid":{"rendered":"https:\/\/orchard-house.ca\/dev\/programmes-par-age\/"},"modified":"2024-05-15T17:51:16","modified_gmt":"2024-05-15T15:51:16","slug":"programmes-par-age","status":"publish","type":"page","link":"https:\/\/orchard-house.ca\/fr\/programmes\/programmes-par-age\/","title":{"rendered":"Programmes par \u00e2ge"},"content":{"rendered":"<div class=\"wpb-content-wrapper\"><p>[vc_row css_animation=\u00a0\u00bb\u00a0\u00bb row_type=\u00a0\u00bbrow\u00a0\u00bb use_row_as_full_screen_section=\u00a0\u00bbno\u00a0\u00bb type=\u00a0\u00bbgrid\u00a0\u00bb angled_section=\u00a0\u00bbno\u00a0\u00bb text_align=\u00a0\u00bbleft\u00a0\u00bb background_image_as_pattern=\u00a0\u00bbwithout_pattern\u00a0\u00bb css=\u00a0\u00bb.vc_custom_1495902317686{padding-top: 140px !important;background: #a0d7c7 url(https:\/\/orchard-house.ca\/wp-content\/uploads\/2017\/05\/topBlue.png?id=266) !important;background-position: 0 0 !important;background-repeat: no-repeat !important;}\u00a0\u00bb el_class=\u00a0\u00bbpadding160&Prime;][vc_column el_class=\u00a0\u00bbintro-text\u00a0\u00bb][vc_column_text el_class=\u00a0\u00bbwhite-text\u00a0\u00bb]<\/p>\n<h2 style=\"text-align: center;\">Programmes par \u00e2ge<\/h2>\n<p style=\"text-align: center;\">Bien que les classes Montessori soient traditionnellement form\u00e9es de groupes multi\u00e2ges, nous avons choisi de s\u00e9parer les groupes selon les \u00e2ges. Ces petits groupes permettent \u00e0 votre enfant de partager avec ses pairs des exp\u00e9riences adapt\u00e9es \u00e0 son d\u00e9veloppement, tout en recevant de son enseignante l\u2019attention individualis\u00e9e dont il a besoin.<\/p>\n<p>[\/vc_column_text][\/vc_column][\/vc_row][vc_row css_animation=\u00a0\u00bb\u00a0\u00bb row_type=\u00a0\u00bbrow\u00a0\u00bb use_row_as_full_screen_section=\u00a0\u00bbyes\u00a0\u00bb type=\u00a0\u00bbgrid\u00a0\u00bb angled_section=\u00a0\u00bbno\u00a0\u00bb text_align=\u00a0\u00bbleft\u00a0\u00bb background_image_as_pattern=\u00a0\u00bbwithout_pattern\u00a0\u00bb css=\u00a0\u00bb.vc_custom_1498227427108{padding-top: 10px !important;padding-bottom: 10px !important;}\u00a0\u00bb el_class=\u00a0\u00bbpacifico services row-eq-height\u00a0\u00bb][vc_column width=\u00a0\u00bb1\/3&Prime; css=\u00a0\u00bb.vc_custom_1497634765160{margin: 0px !important;padding: 10px !important;}\u00a0\u00bb offset=\u00a0\u00bbvc_col-lg-2 vc_col-md-2 vc_col-xs-6&Prime; el_class=\u00a0\u00bbrow-eq-height\u00a0\u00bb][vc_single_image image=\u00a0\u00bb3608&Prime; img_size=\u00a0\u00bbfull\u00a0\u00bb add_caption=\u00a0\u00bbyes\u00a0\u00bb alignment=\u00a0\u00bbcenter\u00a0\u00bb onclick=\u00a0\u00bbcustom_link\u00a0\u00bb qode_css_animation=\u00a0\u00bb\u00a0\u00bb link=\u00a0\u00bbhttps:\/\/orchard-house.ca\/fr\/our-programs\/programs-by-age\/nursery\/\u00a0\u00bb el_class=\u00a0\u00bbservices\u00a0\u00bb][\/vc_column][vc_column width=\u00a0\u00bb1\/3&Prime; layout_width=\u00a0\u00bb\u00a0\u00bb icon=\u00a0\u00bb\u00a0\u00bb icon_size=\u00a0\u00bbfa-lg\u00a0\u00bb title_tag=\u00a0\u00bbh3&Prime; image=\u00a0\u00bb80&Prime; title=\u00a0\u00bbParent<br \/>\n&amp; Tot\u00a0\u00bb title_color=\u00a0\u00bb#ffffff\u00a0\u00bb title_size=\u00a0\u00bb40&Prime; image_shader_color=\u00a0\u00bbrgba(0,0,0,0.01)\u00a0\u00bb image_shader_hover_color=\u00a0\u00bbrgba(0,0,0,0.01)\u00a0\u00bb css=\u00a0\u00bb.vc_custom_1497634772999{margin: 0px !important;padding: 10px !important;}\u00a0\u00bb offset=\u00a0\u00bbvc_col-lg-2 vc_col-md-2 vc_col-xs-6&Prime;][vc_single_image image=\u00a0\u00bb1619&Prime; img_size=\u00a0\u00bbfull\u00a0\u00bb add_caption=\u00a0\u00bbyes\u00a0\u00bb alignment=\u00a0\u00bbcenter\u00a0\u00bb onclick=\u00a0\u00bbcustom_link\u00a0\u00bb qode_css_animation=\u00a0\u00bb\u00a0\u00bb link=\u00a0\u00bbhttps:\/\/orchard-house.ca\/fr\/our-programs\/programs-by-age\/tiny-tots\/\u00a0\u00bb el_class=\u00a0\u00bbservices\u00a0\u00bb][\/vc_column][vc_column width=\u00a0\u00bb1\/3&Prime; offset=\u00a0\u00bbvc_col-lg-2 vc_col-md-2 vc_col-xs-6&Prime; css=\u00a0\u00bb.vc_custom_1497634783093{margin: 0px !important;padding: 10px !important;}\u00a0\u00bb][vc_single_image image=\u00a0\u00bb1616&Prime; img_size=\u00a0\u00bbfull\u00a0\u00bb add_caption=\u00a0\u00bbyes\u00a0\u00bb alignment=\u00a0\u00bbcenter\u00a0\u00bb onclick=\u00a0\u00bbcustom_link\u00a0\u00bb qode_css_animation=\u00a0\u00bb\u00a0\u00bb link=\u00a0\u00bbhttps:\/\/orchard-house.ca\/fr\/our-programs\/programs-by-age\/toddler-twos\/\u00a0\u00bb el_class=\u00a0\u00bbservices\u00a0\u00bb][\/vc_column][vc_column width=\u00a0\u00bb1\/3&Prime; offset=\u00a0\u00bbvc_col-lg-2 vc_col-md-2 vc_col-xs-6&Prime; css=\u00a0\u00bb.vc_custom_1497634789741{margin: 0px !important;padding: 10px !important;}\u00a0\u00bb][vc_single_image image=\u00a0\u00bb1617&Prime; img_size=\u00a0\u00bbfull\u00a0\u00bb add_caption=\u00a0\u00bbyes\u00a0\u00bb alignment=\u00a0\u00bbcenter\u00a0\u00bb onclick=\u00a0\u00bbcustom_link\u00a0\u00bb qode_css_animation=\u00a0\u00bb\u00a0\u00bb link=\u00a0\u00bbhttps:\/\/orchard-house.ca\/fr\/our-programs\/programs-by-age\/threes\/\u00a0\u00bb el_class=\u00a0\u00bbservices\u00a0\u00bb][\/vc_column][vc_column width=\u00a0\u00bb1\/3&Prime; offset=\u00a0\u00bbvc_col-lg-2 vc_col-md-2 vc_col-xs-6&Prime; css=\u00a0\u00bb.vc_custom_1497634801713{margin: 0px !important;padding: 10px !important;}\u00a0\u00bb][vc_single_image image=\u00a0\u00bb1618&Prime; img_size=\u00a0\u00bbfull\u00a0\u00bb add_caption=\u00a0\u00bbyes\u00a0\u00bb onclick=\u00a0\u00bbcustom_link\u00a0\u00bb qode_css_animation=\u00a0\u00bb\u00a0\u00bb link=\u00a0\u00bbhttps:\/\/orchard-house.ca\/fr\/our-programs\/programs-by-age\/fours\/\u00a0\u00bb el_class=\u00a0\u00bbservices\u00a0\u00bb][\/vc_column][vc_column width=\u00a0\u00bb1\/3&Prime; offset=\u00a0\u00bbvc_col-lg-2 vc_col-md-2 vc_col-xs-6&Prime; css=\u00a0\u00bb.vc_custom_1497634807983{margin: 0px !important;padding: 10px !important;}\u00a0\u00bb][\/vc_column][\/vc_row][vc_row css_animation=\u00a0\u00bb\u00a0\u00bb row_type=\u00a0\u00bbrow\u00a0\u00bb use_row_as_full_screen_section=\u00a0\u00bbyes\u00a0\u00bb type=\u00a0\u00bbfull_width\u00a0\u00bb angled_section=\u00a0\u00bbno\u00a0\u00bb text_align=\u00a0\u00bbleft\u00a0\u00bb background_image_as_pattern=\u00a0\u00bbwithout_pattern\u00a0\u00bb css=\u00a0\u00bb.vc_custom_1498227507166{padding-top: 80px !important;padding-bottom: 60px !important;background-color: #c1d72e !important;}\u00a0\u00bb][vc_column][vc_row_inner row_type=\u00a0\u00bbrow\u00a0\u00bb type=\u00a0\u00bbgrid\u00a0\u00bb text_align=\u00a0\u00bbleft\u00a0\u00bb css_animation=\u00a0\u00bb\u00a0\u00bb][vc_column_inner offset=\u00a0\u00bbvc_col-lg-4 vc_col-md-4 vc_col-xs-12&Prime;][vc_single_image image=\u00a0\u00bb111&Prime; img_size=\u00a0\u00bbfull\u00a0\u00bb alignment=\u00a0\u00bbcenter\u00a0\u00bb onclick=\u00a0\u00bbcustom_link\u00a0\u00bb qode_css_animation=\u00a0\u00bb\u00a0\u00bb link=\u00a0\u00bbhttps:\/\/orchard-house.ca\/fr\/our-house\/meet-us\/\u00a0\u00bb][vc_column_text el_class=\u00a0\u00bbpacifico\u00a0\u00bb]<\/p>\n<h3 style=\"text-align: center;\"><span style=\"color: #ffffff;\"><a style=\"color: #ffffff;\" href=\"https:\/\/orchard-house.ca\/our-house\/meet-us\/\">Nous rencontrer<\/a><\/span><\/h3>\n<p>[\/vc_column_text][vc_empty_space height=\u00a0\u00bb40px\u00a0\u00bb][\/vc_column_inner][vc_column_inner offset=\u00a0\u00bbvc_col-lg-4 vc_col-md-4 vc_col-xs-12&Prime;][vc_single_image image=\u00a0\u00bb112&Prime; img_size=\u00a0\u00bbfull\u00a0\u00bb alignment=\u00a0\u00bbcenter\u00a0\u00bb onclick=\u00a0\u00bbcustom_link\u00a0\u00bb qode_css_animation=\u00a0\u00bb\u00a0\u00bb link=\u00a0\u00bbhttps:\/\/orchard-house.ca\/fr\/apply\/\u00a0\u00bb][vc_column_text el_class=\u00a0\u00bbpacifico\u00a0\u00bb]<\/p>\n<h3 style=\"text-align: center;\"><span style=\"color: #ffffff;\"><a style=\"color: #ffffff;\" href=\"https:\/\/orchard-house.ca\/apply\/\">S&rsquo;inscrire<\/a><\/span><\/h3>\n<p>[\/vc_column_text][vc_empty_space height=\u00a0\u00bb40px\u00a0\u00bb][\/vc_column_inner][vc_column_inner offset=\u00a0\u00bbvc_col-lg-4 vc_col-md-4 vc_col-xs-12&Prime;][vc_single_image image=\u00a0\u00bb1747&Prime; img_size=\u00a0\u00bbfull\u00a0\u00bb alignment=\u00a0\u00bbcenter\u00a0\u00bb onclick=\u00a0\u00bbcustom_link\u00a0\u00bb qode_css_animation=\u00a0\u00bb\u00a0\u00bb link=\u00a0\u00bbhttps:\/\/orchard-house.ca\/fr\/our-house\/our-environment\/\u00a0\u00bb][vc_column_text el_class=\u00a0\u00bbpacifico\u00a0\u00bb]<\/p>\n<h3 style=\"text-align: center;\"><span style=\"color: #ffffff;\"><a style=\"color: #ffffff;\" href=\"https:\/\/orchard-house.ca\/our-house\/our-environment\/\">Environnement<\/a><\/span><\/h3>\n<p>[\/vc_column_text][vc_empty_space height=\u00a0\u00bb40px\u00a0\u00bb][\/vc_column_inner][\/vc_row_inner][\/vc_column][\/vc_row]<\/p>\n<\/div>","protected":false},"excerpt":{"rendered":"<p>[vc_row css_animation=\u00a0\u00bb\u00a0\u00bb row_type=\u00a0\u00bbrow\u00a0\u00bb use_row_as_full_screen_section=\u00a0\u00bbno\u00a0\u00bb type=\u00a0\u00bbgrid\u00a0\u00bb angled_section=\u00a0\u00bbno\u00a0\u00bb text_align=\u00a0\u00bbleft\u00a0\u00bb background_image_as_pattern=\u00a0\u00bbwithout_pattern\u00a0\u00bb css=\u00a0\u00bb.vc_custom_1495902317686{padding-top: 140px !important;background: #a0d7c7 url(https:\/\/orchard-house.ca\/wp-content\/uploads\/2017\/05\/topBlue.png?id=266) !important;background-position: 0 0 !important;background-repeat: no-repeat !important;}\u00a0\u00bb el_class=\u00a0\u00bbpadding160&Prime;][vc_column el_class=\u00a0\u00bbintro-text\u00a0\u00bb][vc_column_text el_class=\u00a0\u00bbwhite-text\u00a0\u00bb] Programmes&#8230;<\/p>\n","protected":false},"author":1,"featured_media":0,"parent":2453,"menu_order":0,"comment_status":"closed","ping_status":"closed","template":"full_width.php","meta":{"footnotes":""},"class_list":["post-2473","page","type-page","status-publish","hentry"],"_links":{"self":[{"href":"https:\/\/orchard-house.ca\/fr\/wp-json\/wp\/v2\/pages\/2473","targetHints":{"allow":["GET"]}}],"collection":[{"href":"https:\/\/orchard-house.ca\/fr\/wp-json\/wp\/v2\/pages"}],"about":[{"href":"https:\/\/orchard-house.ca\/fr\/wp-json\/wp\/v2\/types\/page"}],"author":[{"embeddable":true,"href":"https:\/\/orchard-house.ca\/fr\/wp-json\/wp\/v2\/users\/1"}],"replies":[{"embeddable":true,"href":"https:\/\/orchard-house.ca\/fr\/wp-json\/wp\/v2\/comments?post=2473"}],"version-history":[{"count":1,"href":"https:\/\/orchard-house.ca\/fr\/wp-json\/wp\/v2\/pages\/2473\/revisions"}],"predecessor-version":[{"id":3612,"href":"https:\/\/orchard-house.ca\/fr\/wp-json\/wp\/v2\/pages\/2473\/revisions\/3612"}],"up":[{"embeddable":true,"href":"https:\/\/orchard-house.ca\/fr\/wp-json\/wp\/v2\/pages\/2453"}],"wp:attachment":[{"href":"https:\/\/orchard-house.ca\/fr\/wp-json\/wp\/v2\/media?parent=2473"}],"curies":[{"name":"wp","href":"https:\/\/api.w.org\/{rel}","templated":true}]}}