{"id":2471,"date":"2017-05-05T18:25:18","date_gmt":"2017-05-05T16:25:18","guid":{"rendered":"https:\/\/orchard-house.ca\/dev\/notre-programme-educatif\/"},"modified":"2017-05-05T18:25:18","modified_gmt":"2017-05-05T16:25:18","slug":"notre-programme-educatif","status":"publish","type":"page","link":"https:\/\/orchard-house.ca\/fr\/programmes\/notre-programme-educatif\/","title":{"rendered":"Notre programme \u00e9ducatif"},"content":{"rendered":"<div class=\"wpb-content-wrapper\"><p>[vc_row css_animation=\u00a0\u00bb\u00a0\u00bb row_type=\u00a0\u00bbrow\u00a0\u00bb use_row_as_full_screen_section=\u00a0\u00bbno\u00a0\u00bb type=\u00a0\u00bbfull_width\u00a0\u00bb angled_section=\u00a0\u00bbno\u00a0\u00bb text_align=\u00a0\u00bbleft\u00a0\u00bb background_image_as_pattern=\u00a0\u00bbwithout_pattern\u00a0\u00bb css=\u00a0\u00bb.vc_custom_1499702784305{padding-top: 70px !important;padding-bottom: 0px !important;background: #fda88b url(https:\/\/orchard-house.ca\/wp-content\/uploads\/2017\/05\/orangeTop.png?id=228) !important;background-position: 0 0 !important;background-repeat: no-repeat !important;}\u00a0\u00bb][vc_column el_class=\u00a0\u00bbintro-text\u00a0\u00bb][vc_row_inner row_type=\u00a0\u00bbrow\u00a0\u00bb type=\u00a0\u00bbgrid\u00a0\u00bb text_align=\u00a0\u00bbleft\u00a0\u00bb css_animation=\u00a0\u00bb\u00a0\u00bb el_class=\u00a0\u00bbintro-text\u00a0\u00bb][vc_column_inner offset=\u00a0\u00bbvc_col-lg-12 vc_col-md-12 vc_col-xs-12&Prime;][vc_column_text el_class=\u00a0\u00bbwhite-text\u00a0\u00bb]<\/p>\n<h2 style=\"text-align: center;\">Notre programme \u00e9ducatif<\/h2>\n<p style=\"text-align: center;\">Orchard House innove avec un programme bilingue qui fusionne les enseignements de la Dre Maria Montessori, les plus r\u00e9cents travaux de recherche sur les bienfaits des jeux cr\u00e9atifs et autodirig\u00e9s ainsi que des instructions de l\u2019enseignante.<\/p>\n<p style=\"text-align: center;\">Les recherches r\u00e9centes continuent de souligner le r\u00f4le crucial des exp\u00e9riences positives et d\u00e9terminantes dans le d\u00e9veloppement du cerveau de votre jeune enfant. Les exp\u00e9riences auxquelles votre enfant est expos\u00e9 doivent \u00eatre, par cons\u00e9quent, grandement consid\u00e9r\u00e9es tout au long de son parcours pour qu\u2019il accumule les r\u00e9ussites.<\/p>\n<p style=\"text-align: center;\">Dans cet esprit et dans le but ultime d\u2019inculquer les comp\u00e9tences n\u00e9cessaires \u00e0 la pr\u00e9paration scolaire et aux r\u00e9ussites futures, nous avons cr\u00e9\u00e9 notre propre programme distinctif, le programme Orchard House.<\/p>\n<p style=\"text-align: center;\">Notre programme du matin est ax\u00e9 sur l\u2019approche individualis\u00e9e Montessori pour l\u2019apprentissage de diverses comp\u00e9tences, tandis que le programme de l\u2019apr\u00e8s-midi propose des activit\u00e9s en groupe et encourage les enfants \u00e0 mettre en pratique toutes ces comp\u00e9tences fondamentales dans divers contextes authentiques et structur\u00e9s. Les jeux de r\u00f4les sont inclus quotidiennement pour compl\u00e9ter le programme et pour maximiser toutes les sph\u00e8res de d\u00e9veloppement de votre enfant.<\/p>\n<p>[\/vc_column_text][\/vc_column_inner][\/vc_row_inner][vc_column_text css=\u00a0\u00bb.vc_custom_1504278655321{padding-bottom: 30px !important;}\u00a0\u00bb el_class=\u00a0\u00bbwhite-text\u00a0\u00bb]<\/p>\n<h2 style=\"text-align: center;\">Les trois composantes de notre programme&#8230;<\/h2>\n<h3 style=\"text-align: center;\">CLIQUEZ POUR EN SAVOIR PLUS&#8230;<\/h3>\n<p>[\/vc_column_text][vc_row_inner row_type=\u00a0\u00bbrow\u00a0\u00bb type=\u00a0\u00bbgrid\u00a0\u00bb text_align=\u00a0\u00bbleft\u00a0\u00bb css_animation=\u00a0\u00bb\u00a0\u00bb el_id=\u00a0\u00bbmornings\u00a0\u00bb][vc_column_inner width=\u00a0\u00bb1\/3&Prime;][vc_column_text el_class=\u00a0\u00bbpacifico bottomborder white-text\u00a0\u00bb]<\/p>\n<h3 style=\"text-align: center;\"><a href=\"https:\/\/orchard-house.ca\/fr\/our-programs\/our-curriculum\/\">Les matins<br \/>\nMontessori<\/a><\/h3>\n<p>[\/vc_column_text][\/vc_column_inner][vc_column_inner width=\u00a0\u00bb1\/3&Prime;][vc_column_text el_class=\u00a0\u00bbpacifico\u00a0\u00bb]<\/p>\n<h3 style=\"text-align: center;\"><span style=\"color: #ffd1c0;\"><a style=\"color: #ffd1c0;\" href=\"https:\/\/orchard-house.ca\/fr\/our-programs\/our-curriculum\/importance-of-play\/#play\">L&rsquo;importance<br \/>\ndu jeu<\/a><\/span><\/h3>\n<p>[\/vc_column_text][\/vc_column_inner][vc_column_inner width=\u00a0\u00bb1\/3&Prime;][vc_column_text el_class=\u00a0\u00bbpacifico\u00a0\u00bb]<\/p>\n<h3 style=\"text-align: center;\"><span style=\"color: #ffd1c0;\"><a style=\"color: #ffd1c0;\" href=\"https:\/\/orchard-house.ca\/fr\/our-programs\/our-curriculum\/afternoon-activities\/#activities\">Ateliers de<br \/>\nl&rsquo;apr\u00e8s-midi<\/a><\/span><\/h3>\n<p>[\/vc_column_text][\/vc_column_inner][\/vc_row_inner][\/vc_column][\/vc_row][vc_row css_animation=\u00a0\u00bb\u00a0\u00bb row_type=\u00a0\u00bbrow\u00a0\u00bb use_row_as_full_screen_section=\u00a0\u00bbno\u00a0\u00bb type=\u00a0\u00bbgrid\u00a0\u00bb angled_section=\u00a0\u00bbno\u00a0\u00bb text_align=\u00a0\u00bbleft\u00a0\u00bb background_image_as_pattern=\u00a0\u00bbwithout_pattern\u00a0\u00bb][vc_column offset=\u00a0\u00bbvc_col-lg-12 vc_col-md-12 vc_col-xs-12&Prime; el_class=\u00a0\u00bbintro-text\u00a0\u00bb][vc_column_text]<\/p>\n<h2 style=\"text-align: center;\">Les matins Montessori<\/h2>\n<p>[\/vc_column_text][vc_column_text]<\/p>\n<p style=\"text-align: center;\">La m\u00e9thode Montessori est surtout reconnue pour donner une grande importance \u00e0 l\u2019ind\u00e9pendance, au libre choix \u00e0 l\u2019int\u00e9rieur de limites organis\u00e9es et au respect du rythme naturel du d\u00e9veloppement individuel de l\u2019enfant. Le programme Montessori est ax\u00e9 sur des exp\u00e9riences concr\u00e8tes et s\u2019appuie sur la conviction que les enfants acqui\u00e8rent des connaissances en manipulant directement le mat\u00e9riel express\u00e9ment choisi qu\u2019ils ont sous la main.<\/p>\n<p>[\/vc_column_text][vc_empty_space height=\u00a0\u00bb60px\u00a0\u00bb][vc_video link=\u00a0\u00bbhttps:\/\/vimeo.com\/137204203&Prime; align=\u00a0\u00bbcenter\u00a0\u00bb][\/vc_column][\/vc_row][vc_row css_animation=\u00a0\u00bb\u00a0\u00bb row_type=\u00a0\u00bbrow\u00a0\u00bb use_row_as_full_screen_section=\u00a0\u00bbno\u00a0\u00bb type=\u00a0\u00bbgrid\u00a0\u00bb angled_section=\u00a0\u00bbno\u00a0\u00bb text_align=\u00a0\u00bbleft\u00a0\u00bb background_image_as_pattern=\u00a0\u00bbwithout_pattern\u00a0\u00bb][vc_column offset=\u00a0\u00bbvc_col-lg-6 vc_col-md-6 vc_col-xs-12&Prime;][vc_column_text]<\/p>\n<p style=\"text-align: left;\">La m\u00e9thode Montessori est surtout reconnue pour donner une grande importance \u00e0 l\u2019ind\u00e9pendance, au libre choix \u00e0 l\u2019int\u00e9rieur de limites organis\u00e9es et au respect du rythme naturel du d\u00e9veloppement individuel de l\u2019enfant. Le programme Montessori est ax\u00e9 sur des exp\u00e9riences concr\u00e8tes et s\u2019appuie sur la conviction que les enfants acqui\u00e8rent des connaissances en manipulant directement le mat\u00e9riel express\u00e9ment choisi qu\u2019ils ont sous la main.<\/p>\n<p style=\"text-align: left;\">Nos classes regorgent de mat\u00e9riel proposant des activit\u00e9s \u00e9volutives. Ce mat\u00e9riel unique \u00e0 la m\u00e9thode Montessori permet \u00e0 votre enfant d\u2019acqu\u00e9rir des habilet\u00e9s fonctionnelles et le pr\u00e9pare aux d\u00e9fis de la vie quotidienne. Nos enseignantes observent r\u00e9guli\u00e8rement chaque enfant de leur groupe respectif. Selon leurs observations, elles cr\u00e9ent une planification adapt\u00e9e \u00e0 chaque enfant et la pr\u00e9sente de fa\u00e7on individuelle. Ceci permet d\u2019offrir un environnement inclusif qui r\u00e9pond aux besoins particuliers de chacun de nos jeunes enfants. Au fur et \u00e0 mesure que chaque enfant progresse dans ses activit\u00e9s, les comparaisons et la comp\u00e9tition disparaissent naturellement.<\/p>\n<p style=\"text-align: left;\">La structure de la classe, le but pr\u00e9cis de chaque activit\u00e9 et la complexit\u00e9 \u00e9volutive des activit\u00e9s permettent \u00e0 votre enfant de suivre ses progr\u00e8s individuels et de d\u00e9velopper un fort sens de l\u2019autodiscipline. Avec les interventions subtiles de l\u2019enseignante, votre enfant apprendra \u00e0 utiliser ses ressources personnelles pour diriger ses apprentissages futurs.<\/p>\n<p>[\/vc_column_text][vc_empty_space height=\u00a0\u00bb40px\u00a0\u00bb][\/vc_column][vc_column offset=\u00a0\u00bbvc_col-lg-6 vc_col-md-6 vc_col-xs-12&Prime;][vc_column_text]<\/p>\n<h3>Des le\u00e7ons pratiques et interactives de fran\u00e7ais<\/h3>\n<p>Des le\u00e7ons pratiques et interactives de fran\u00e7ais dirig\u00e9es par notre sp\u00e9cialiste sont int\u00e9gr\u00e9es quotidiennement dans notre programme du matin. Les le\u00e7ons sont de plus en plus longues et m\u00e8nent \u00e0 un programme d\u2019immersion fran\u00e7aise dans nos classes de pr\u00e9maternelle.[\/vc_column_text][vc_empty_space height=\u00a0\u00bb40px\u00a0\u00bb][vc_column_text]<\/p>\n<h3>Cours de musique<\/h3>\n<p>Un cours de musique et de danse est offert chaque semaine \u00e0 tous les groupes d\u2019\u00e2ge par une sp\u00e9cialiste [C1]\u00a0. Les enfants apprennent des chansons, des mouvements et diff\u00e9rents rythmes en utilisant des instruments de musique. Ils pr\u00e9sentent aux parents deux spectacles pendant l\u2019ann\u00e9e scolaire.[\/vc_column_text][vc_empty_space height=\u00a0\u00bb40px\u00a0\u00bb][vc_column_text]<\/p>\n<h3>Sorties et invit\u00e9s sp\u00e9ciaux<\/h3>\n<p>Les sorties et les invit\u00e9s sp\u00e9ciaux de la communaut\u00e9 occupent une place importante dans notre programme. Les sorties correspondent habituellement aux th\u00e8mes abord\u00e9s pendant l\u2019ann\u00e9e scolaire. Des invit\u00e9s viennent \u00e9galement en classe pour discuter avec les enfants, tandis que les parents sont encourag\u00e9s \u00e0 venir partager leurs passe-temps ou leurs activit\u00e9s pr\u00e9f\u00e9r\u00e9s. \u00a0.[\/vc_column_text][vc_empty_space height=\u00a0\u00bb40px\u00a0\u00bb][\/vc_column][\/vc_row][vc_row css_animation=\u00a0\u00bb\u00a0\u00bb row_type=\u00a0\u00bbrow\u00a0\u00bb use_row_as_full_screen_section=\u00a0\u00bbno\u00a0\u00bb type=\u00a0\u00bbfull_width\u00a0\u00bb angled_section=\u00a0\u00bbno\u00a0\u00bb text_align=\u00a0\u00bbcenter\u00a0\u00bb background_image_as_pattern=\u00a0\u00bbwithout_pattern\u00a0\u00bb][vc_column el_class=\u00a0\u00bblinkcurriculum\u00a0\u00bb]<a  itemprop=\"url\" href=\"https:\/\/orchard-house.ca\/fr\/our-programs\/programs-by-age\/\" target=\"_self\" data-hover-background-color='#c1d72e' data-hover-border-color='#c1d72e' data-hover-color='#505050' class=\"qbutton  large center default\" style=\"color: #ffffff; border-color: #c1d72e; background-color: #c1d72e;\">VOIR LES PROGRAMMES PAR \u00c2GE<\/a>[vc_empty_space height=\u00a0\u00bb60px\u00a0\u00bb][\/vc_column][\/vc_row]<\/p>\n<\/div>","protected":false},"excerpt":{"rendered":"<p>[vc_row css_animation=\u00a0\u00bb\u00a0\u00bb row_type=\u00a0\u00bbrow\u00a0\u00bb use_row_as_full_screen_section=\u00a0\u00bbno\u00a0\u00bb type=\u00a0\u00bbfull_width\u00a0\u00bb angled_section=\u00a0\u00bbno\u00a0\u00bb text_align=\u00a0\u00bbleft\u00a0\u00bb background_image_as_pattern=\u00a0\u00bbwithout_pattern\u00a0\u00bb css=\u00a0\u00bb.vc_custom_1499702784305{padding-top: 70px !important;padding-bottom: 0px !important;background: #fda88b url(https:\/\/orchard-house.ca\/wp-content\/uploads\/2017\/05\/orangeTop.png?id=228) !important;background-position: 0 0 !important;background-repeat: no-repeat !important;}\u00a0\u00bb][vc_column el_class=\u00a0\u00bbintro-text\u00a0\u00bb][vc_row_inner row_type=\u00a0\u00bbrow\u00a0\u00bb&#8230;<\/p>\n","protected":false},"author":1,"featured_media":0,"parent":2453,"menu_order":0,"comment_status":"closed","ping_status":"closed","template":"full_width.php","meta":{"footnotes":""},"class_list":["post-2471","page","type-page","status-publish","hentry"],"_links":{"self":[{"href":"https:\/\/orchard-house.ca\/fr\/wp-json\/wp\/v2\/pages\/2471","targetHints":{"allow":["GET"]}}],"collection":[{"href":"https:\/\/orchard-house.ca\/fr\/wp-json\/wp\/v2\/pages"}],"about":[{"href":"https:\/\/orchard-house.ca\/fr\/wp-json\/wp\/v2\/types\/page"}],"author":[{"embeddable":true,"href":"https:\/\/orchard-house.ca\/fr\/wp-json\/wp\/v2\/users\/1"}],"replies":[{"embeddable":true,"href":"https:\/\/orchard-house.ca\/fr\/wp-json\/wp\/v2\/comments?post=2471"}],"version-history":[{"count":0,"href":"https:\/\/orchard-house.ca\/fr\/wp-json\/wp\/v2\/pages\/2471\/revisions"}],"up":[{"embeddable":true,"href":"https:\/\/orchard-house.ca\/fr\/wp-json\/wp\/v2\/pages\/2453"}],"wp:attachment":[{"href":"https:\/\/orchard-house.ca\/fr\/wp-json\/wp\/v2\/media?parent=2471"}],"curies":[{"name":"wp","href":"https:\/\/api.w.org\/{rel}","templated":true}]}}