{"id":2469,"date":"2017-05-05T18:24:57","date_gmt":"2017-05-05T16:24:57","guid":{"rendered":"https:\/\/orchard-house.ca\/dev\/la-securite-avant-tout\/"},"modified":"2017-05-05T18:24:57","modified_gmt":"2017-05-05T16:24:57","slug":"la-securite-avant-tout","status":"publish","type":"page","link":"https:\/\/orchard-house.ca\/fr\/notre-maison\/la-securite-avant-tout\/","title":{"rendered":"La s\u00e9curit\u00e9 avant tout"},"content":{"rendered":"<div class=\"wpb-content-wrapper\"><p>[vc_row css_animation=\u00a0\u00bb\u00a0\u00bb row_type=\u00a0\u00bbrow\u00a0\u00bb use_row_as_full_screen_section=\u00a0\u00bbno\u00a0\u00bb type=\u00a0\u00bbfull_width\u00a0\u00bb angled_section=\u00a0\u00bbno\u00a0\u00bb text_align=\u00a0\u00bbleft\u00a0\u00bb background_image_as_pattern=\u00a0\u00bbwithout_pattern\u00a0\u00bb][vc_column]\n\t\t\t<!-- START Safety FR REVOLUTION SLIDER 6.5.9 --><p class=\"rs-p-wp-fix\"><\/p>\n\t\t\t<rs-module-wrap id=\"rev_slider_45_1_wrapper\" data-source=\"gallery\" style=\"visibility:hidden;background:transparent;padding:0;\">\n\t\t\t\t<rs-module id=\"rev_slider_45_1\" style=\"\" data-version=\"6.5.9\">\n\t\t\t\t\t<rs-slides>\n\t\t\t\t\t\t<rs-slide style=\"position: absolute;\" data-key=\"rs-113\" data-title=\"Slide\" data-anim=\"ms:600;\" data-in=\"o:0;\" data-out=\"a:false;\">\n\t\t\t\t\t\t\t<img decoding=\"async\" src=\"\/\/orchard-house.ca\/wp-content\/plugins\/revslider\/public\/assets\/assets\/dummy.png\" title=\"La s\u00e9curit\u00e9 avant tout\" class=\"rev-slidebg tp-rs-img rs-lazyload\" data-lazyload=\"\/\/orchard-house.ca\/wp-content\/uploads\/2017\/05\/Safety_086.jpg\" data-bg=\"p:50% 75%;\" data-no-retina>\n<!--\n\t\t\t\t\t\t\t--><rs-layer\n\t\t\t\t\t\t\t\tid=\"slider-45-slide-113-layer-5\" \n\t\t\t\t\t\t\t\tdata-type=\"text\"\n\t\t\t\t\t\t\t\tdata-color=\"rgba(255,255,255,1)\"\n\t\t\t\t\t\t\t\tdata-xy=\"x:c;y:b;yo:88px;\"\n\t\t\t\t\t\t\t\tdata-text=\"s:36;l:36;a:inherit;\"\n\t\t\t\t\t\t\t\tdata-basealign=\"slide\"\n\t\t\t\t\t\t\t\tdata-rsp_bd=\"off\"\n\t\t\t\t\t\t\t\tdata-frame_0=\"tp:600;\"\n\t\t\t\t\t\t\t\tdata-frame_1=\"tp:600;st:0;\"\n\t\t\t\t\t\t\t\tdata-frame_999=\"o:0;tp:600;st:w;sR:8700;\"\n\t\t\t\t\t\t\t\tstyle=\"z-index:5;font-family:'Arvo';\"\n\t\t\t\t\t\t\t>Notre s\u00e9curit\u00e9 \n\t\t\t\t\t\t\t<\/rs-layer><!--\n\n\t\t\t\t\t\t\t--><rs-layer\n\t\t\t\t\t\t\t\tid=\"slider-45-slide-113-layer-9\" \n\t\t\t\t\t\t\t\tdata-type=\"image\"\n\t\t\t\t\t\t\t\tdata-xy=\"x:c;y:b;yo:160px;\"\n\t\t\t\t\t\t\t\tdata-text=\"l:22;a:inherit;\"\n\t\t\t\t\t\t\t\tdata-dim=\"w:60px;h:79px;\"\n\t\t\t\t\t\t\t\tdata-basealign=\"slide\"\n\t\t\t\t\t\t\t\tdata-rsp_bd=\"off\"\n\t\t\t\t\t\t\t\tdata-frame_0=\"tp:600;\"\n\t\t\t\t\t\t\t\tdata-frame_1=\"tp:600;st:0;\"\n\t\t\t\t\t\t\t\tdata-frame_999=\"o:0;tp:600;st:w;sR:8700;\"\n\t\t\t\t\t\t\t\tstyle=\"z-index:6;\"\n\t\t\t\t\t\t\t><img loading=\"lazy\" decoding=\"async\" src=\"\/\/orchard-house.ca\/wp-content\/plugins\/revslider\/public\/assets\/assets\/dummy.png\" class=\"tp-rs-img rs-lazyload\" width=\"60\" height=\"79\" data-lazyload=\"\/\/orchard-house.ca\/wp-content\/uploads\/2017\/06\/blazon-2.png\" data-no-retina> \n\t\t\t\t\t\t\t<\/rs-layer><!--\n\n\t\t\t\t\t\t\t--><rs-layer\n\t\t\t\t\t\t\t\tid=\"slider-45-slide-113-layer-11\" \n\t\t\t\t\t\t\t\tdata-type=\"image\"\n\t\t\t\t\t\t\t\tdata-rsp_ch=\"on\"\n\t\t\t\t\t\t\t\tdata-xy=\"x:c;y:b;yo:35px;\"\n\t\t\t\t\t\t\t\tdata-text=\"l:22;a:inherit;\"\n\t\t\t\t\t\t\t\tdata-dim=\"w:38px;h:21px;\"\n\t\t\t\t\t\t\t\tdata-basealign=\"slide\"\n\t\t\t\t\t\t\t\tdata-frame_0=\"tp:600;\"\n\t\t\t\t\t\t\t\tdata-frame_1=\"tp:600;st:0;\"\n\t\t\t\t\t\t\t\tdata-frame_999=\"o:0;tp:600;st:w;sR:8700;\"\n\t\t\t\t\t\t\t\tstyle=\"z-index:7;\"\n\t\t\t\t\t\t\t><img loading=\"lazy\" decoding=\"async\" src=\"\/\/orchard-house.ca\/wp-content\/plugins\/revslider\/public\/assets\/assets\/dummy.png\" class=\"tp-rs-img rs-lazyload\" width=\"38\" height=\"21\" data-lazyload=\"\/\/orchard-house.ca\/wp-content\/uploads\/2017\/08\/ORH_White-Arrow_Down.png\" data-no-retina> \n\t\t\t\t\t\t\t<\/rs-layer><!--\n-->\t\t\t\t\t\t<\/rs-slide>\n\t\t\t\t\t<\/rs-slides>\n\t\t\t\t<\/rs-module>\n\t\t\t\t<script type=\"text\/javascript\">\n\t\t\t\t\tsetREVStartSize({c: 'rev_slider_45_1',rl:[1240,1024,778,480],el:[],gw:[1900],gh:[1000],type:'standard',justify:'',layout:'fullscreen',offsetContainer:'',offset:'',mh:\"0\"});if (window.RS_MODULES!==undefined && window.RS_MODULES.modules!==undefined && window.RS_MODULES.modules[\"revslider451\"]!==undefined) {window.RS_MODULES.modules[\"revslider451\"].once = false;window.revapi45 = undefined;if (window.RS_MODULES.checkMinimal!==undefined) window.RS_MODULES.checkMinimal()}\n\t\t\t\t<\/script>\n\t\t\t<\/rs-module-wrap>\n\t\t\t<!-- END REVOLUTION SLIDER -->\n[\/vc_column][\/vc_row][vc_row css_animation=\u00a0\u00bb\u00a0\u00bb row_type=\u00a0\u00bbrow\u00a0\u00bb use_row_as_full_screen_section=\u00a0\u00bbno\u00a0\u00bb type=\u00a0\u00bbgrid\u00a0\u00bb angled_section=\u00a0\u00bbno\u00a0\u00bb text_align=\u00a0\u00bbleft\u00a0\u00bb background_image_as_pattern=\u00a0\u00bbwithout_pattern\u00a0\u00bb css=\u00a0\u00bb.vc_custom_1499275034533{margin-bottom: 70px !important;background-color: #c1d72e !important;}\u00a0\u00bb][vc_column el_class=\u00a0\u00bbintro-text\u00a0\u00bb][vc_column_text el_class=\u00a0\u00bbwhite-text\u00a0\u00bb]<\/p>\n<h2 style=\"text-align: center;\">La s\u00e9curit\u00e9 avant tout<\/h2>\n<p style=\"text-align: center;\">Lorsque vous nous confiez le soin de votre enfant, notre engagement envers vous commence en prenant toutes les mesures possibles pour assurer la s\u00e9curit\u00e9 physique et \u00e9motionnelle de votre enfant.<\/p>\n<p>[\/vc_column_text][\/vc_column][\/vc_row][vc_row css_animation=\u00a0\u00bb\u00a0\u00bb row_type=\u00a0\u00bbrow\u00a0\u00bb use_row_as_full_screen_section=\u00a0\u00bbno\u00a0\u00bb type=\u00a0\u00bbgrid\u00a0\u00bb angled_section=\u00a0\u00bbno\u00a0\u00bb text_align=\u00a0\u00bbleft\u00a0\u00bb background_image_as_pattern=\u00a0\u00bbwithout_pattern\u00a0\u00bb][vc_column offset=\u00a0\u00bbvc_col-lg-6 vc_col-md-6 vc_col-xs-12&Prime;][vc_column_text]<\/p>\n<h3 style=\"text-align: left;\">Un milieu \u00e9motionnellement s\u00fbr<\/h3>\n<p>Reconnaissant la grande valeur de l\u2019attachement durant la petite enfance, nous croyons qu\u2019un lien affectif fort avec au moins une enseignante est un \u00e9l\u00e9ment important du processus d\u00e9veloppemental de votre enfant. En \u00e9tablissant une telle relation avec votre enfant, nous pouvons lui offrir le soutien bienveillant dont il a besoin pour explorer, jouer et apprendre ainsi que pour le rassurer en p\u00e9riode de stress.<\/p>\n<p>Pour assurer le d\u00e9veloppement d\u2019une relation bienveillante entre l\u2019enseignante et l\u2019enfant, nous suivons un processus de s\u00e9paration continu qui r\u00e9pond aux besoins particuliers de chaque enfant.[\/vc_column_text][\/vc_column][vc_column offset=\u00a0\u00bbvc_col-lg-6 vc_col-md-6 vc_col-xs-12&Prime;][vc_column_text]<\/p>\n<h3>Pr\u00e9cautions et proc\u00e9dures de s\u00e9curit\u00e9<\/h3>\n<p>Dans la gestion de nos installations, nous prenons toutes les pr\u00e9cautions n\u00e9cessaires pour assurer la plus grande s\u00e9curit\u00e9 physique\u00a0:<\/p>\n<ul>\n<li>Nos locaux sont surveill\u00e9s gr\u00e2ce \u00e0 un syst\u00e8me de t\u00e9l\u00e9vision en circuit ferm\u00e9 dot\u00e9 de cam\u00e9ras plac\u00e9es strat\u00e9giquement autour de l\u2019\u00e9cole afin que nous puissions surveiller toutes les entr\u00e9es de l\u2019\u00e9cole. Ces cam\u00e9ras permettent \u00e9galement de surveiller toutes les aires communes int\u00e9rieures ainsi que les aires de jeux ext\u00e9rieures.<\/li>\n<li>Toutes les entr\u00e9es principales de notre b\u00e2timent sp\u00e9cialement construit pour r\u00e9pondre \u00e0 nos besoins sont prot\u00e9g\u00e9es par un \u00ab\u00a0syst\u00e8me de contr\u00f4le d\u2019acc\u00e8s\u00a0\u00bb. Ce syst\u00e8me utilise une technologie de carte \u00e0 puce et donne aux parents un acc\u00e8s contr\u00f4l\u00e9 \u00e0 la classe de leur enfant.<\/li>\n<li>Tout notre personnel poss\u00e8de une formation en premiers soins et en RCR.<\/li>\n<li>Le bord de chacun des murs de notre b\u00e2timent sp\u00e9cialement construit est arrondi dans le but de r\u00e9duire l\u2019impact de tout choc accidentel.<\/li>\n<li>Chacune des portes dans notre \u00e9cole est dot\u00e9e de prot\u00e8ge-doigts pour que les enfants ne puissent pas s\u2019y coincer les doigts.<\/li>\n<li>Lorsque nous manipulons tout mat\u00e9riel qui n\u2019est pas s\u00e9curitaire pour les enfants, nous avons en place des mesures de s\u00e9curit\u00e9 \u00e0 deux \u00e9tapes (par exemple, placer un article hors de la port\u00e9e des enfants et le mettre sous cl\u00e9s).<\/li>\n<li>Nous mettons r\u00e9guli\u00e8rement en \u0153uvre une proc\u00e9dure d\u2019\u00e9vacuation du b\u00e2timent.<\/li>\n<li>Nous sommes fiers de compter parmi notre personnel une infirmi\u00e8re p\u00e9diatrique.<\/li>\n<\/ul>\n<p>[\/vc_column_text][\/vc_column][\/vc_row][vc_row css_animation=\u00a0\u00bb\u00a0\u00bb row_type=\u00a0\u00bbrow\u00a0\u00bb use_row_as_full_screen_section=\u00a0\u00bbno\u00a0\u00bb type=\u00a0\u00bbgrid\u00a0\u00bb angled_section=\u00a0\u00bbno\u00a0\u00bb text_align=\u00a0\u00bbleft\u00a0\u00bb background_image_as_pattern=\u00a0\u00bbwithout_pattern\u00a0\u00bb][vc_column][vc_empty_space height=\u00a0\u00bb40px\u00a0\u00bb][vc_video link=\u00a0\u00bbhttps:\/\/vimeo.com\/146128212&Prime;][vc_empty_space height=\u00a0\u00bb40px\u00a0\u00bb][\/vc_column][\/vc_row]<\/p>\n<\/div>","protected":false},"excerpt":{"rendered":"<p>[vc_row css_animation=\u00a0\u00bb\u00a0\u00bb row_type=\u00a0\u00bbrow\u00a0\u00bb use_row_as_full_screen_section=\u00a0\u00bbno\u00a0\u00bb type=\u00a0\u00bbfull_width\u00a0\u00bb angled_section=\u00a0\u00bbno\u00a0\u00bb text_align=\u00a0\u00bbleft\u00a0\u00bb background_image_as_pattern=\u00a0\u00bbwithout_pattern\u00a0\u00bb][vc_column][\/vc_column][\/vc_row][vc_row css_animation=\u00a0\u00bb\u00a0\u00bb row_type=\u00a0\u00bbrow\u00a0\u00bb use_row_as_full_screen_section=\u00a0\u00bbno\u00a0\u00bb type=\u00a0\u00bbgrid\u00a0\u00bb angled_section=\u00a0\u00bbno\u00a0\u00bb text_align=\u00a0\u00bbleft\u00a0\u00bb background_image_as_pattern=\u00a0\u00bbwithout_pattern\u00a0\u00bb css=\u00a0\u00bb.vc_custom_1499275034533{margin-bottom: 70px !important;background-color: #c1d72e !important;}\u00a0\u00bb][vc_column el_class=\u00a0\u00bbintro-text\u00a0\u00bb][vc_column_text el_class=\u00a0\u00bbwhite-text\u00a0\u00bb] La&#8230;<\/p>\n","protected":false},"author":1,"featured_media":0,"parent":2451,"menu_order":0,"comment_status":"closed","ping_status":"closed","template":"full_width.php","meta":{"footnotes":""},"class_list":["post-2469","page","type-page","status-publish","hentry"],"_links":{"self":[{"href":"https:\/\/orchard-house.ca\/fr\/wp-json\/wp\/v2\/pages\/2469","targetHints":{"allow":["GET"]}}],"collection":[{"href":"https:\/\/orchard-house.ca\/fr\/wp-json\/wp\/v2\/pages"}],"about":[{"href":"https:\/\/orchard-house.ca\/fr\/wp-json\/wp\/v2\/types\/page"}],"author":[{"embeddable":true,"href":"https:\/\/orchard-house.ca\/fr\/wp-json\/wp\/v2\/users\/1"}],"replies":[{"embeddable":true,"href":"https:\/\/orchard-house.ca\/fr\/wp-json\/wp\/v2\/comments?post=2469"}],"version-history":[{"count":0,"href":"https:\/\/orchard-house.ca\/fr\/wp-json\/wp\/v2\/pages\/2469\/revisions"}],"up":[{"embeddable":true,"href":"https:\/\/orchard-house.ca\/fr\/wp-json\/wp\/v2\/pages\/2451"}],"wp:attachment":[{"href":"https:\/\/orchard-house.ca\/fr\/wp-json\/wp\/v2\/media?parent=2469"}],"curies":[{"name":"wp","href":"https:\/\/api.w.org\/{rel}","templated":true}]}}