{"id":2465,"date":"2017-05-05T18:24:25","date_gmt":"2017-05-05T16:24:25","guid":{"rendered":"https:\/\/orchard-house.ca\/dev\/cuisine-gourmet\/"},"modified":"2023-11-29T13:38:11","modified_gmt":"2023-11-29T12:38:11","slug":"cuisine-gourmet","status":"publish","type":"page","link":"https:\/\/orchard-house.ca\/fr\/notre-maison\/cuisine-gourmet\/","title":{"rendered":"Cuisine Gourmet"},"content":{"rendered":"<div class=\"wpb-content-wrapper\"><p>[vc_row css_animation=\u00a0\u00bb\u00a0\u00bb row_type=\u00a0\u00bbrow\u00a0\u00bb use_row_as_full_screen_section=\u00a0\u00bbno\u00a0\u00bb type=\u00a0\u00bbfull_width\u00a0\u00bb angled_section=\u00a0\u00bbno\u00a0\u00bb text_align=\u00a0\u00bbleft\u00a0\u00bb background_image_as_pattern=\u00a0\u00bbwithout_pattern\u00a0\u00bb][vc_column offset=\u00a0\u00bbvc_hidden-sm vc_hidden-xs\u00a0\u00bb]\n\t\t\t<!-- START Gourmet Kitchen FR REVOLUTION SLIDER 6.5.9 --><p class=\"rs-p-wp-fix\"><\/p>\n\t\t\t<rs-module-wrap id=\"rev_slider_41_1_wrapper\" data-source=\"gallery\" style=\"visibility:hidden;background:transparent;padding:0;\">\n\t\t\t\t<rs-module id=\"rev_slider_41_1\" style=\"\" data-version=\"6.5.9\">\n\t\t\t\t\t<rs-slides>\n\t\t\t\t\t\t<rs-slide style=\"position: absolute;\" data-key=\"rs-80\" data-title=\"Slide\" data-thumb=\"\/\/orchard-house.ca\/wp-content\/uploads\/2017\/05\/Gourmet-Kitchen_038_OH_NDG-100x50.jpg\" data-anim=\"ms:600;\" data-in=\"o:0;\" data-out=\"a:false;\">\n\t\t\t\t\t\t\t<img decoding=\"async\" src=\"\/\/orchard-house.ca\/wp-content\/plugins\/revslider\/public\/assets\/assets\/dummy.png\" title=\"Cuisine Gourmet\" class=\"rev-slidebg tp-rs-img rs-lazyload\" data-lazyload=\"\/\/orchard-house.ca\/wp-content\/uploads\/2017\/05\/Gourmet-Kitchen_038_OH_NDG.jpg\" data-bg=\"p:50% 75%;\" data-no-retina>\n<!--\n\t\t\t\t\t\t\t--><rs-layer\n\t\t\t\t\t\t\t\tid=\"slider-41-slide-80-layer-5\" \n\t\t\t\t\t\t\t\tdata-type=\"text\"\n\t\t\t\t\t\t\t\tdata-color=\"rgba(255,255,255,1)\"\n\t\t\t\t\t\t\t\tdata-xy=\"x:c;y:b;yo:88px;\"\n\t\t\t\t\t\t\t\tdata-text=\"s:36;l:36;a:inherit;\"\n\t\t\t\t\t\t\t\tdata-basealign=\"slide\"\n\t\t\t\t\t\t\t\tdata-rsp_bd=\"off\"\n\t\t\t\t\t\t\t\tdata-frame_0=\"tp:600;\"\n\t\t\t\t\t\t\t\tdata-frame_1=\"tp:600;st:0;\"\n\t\t\t\t\t\t\t\tdata-frame_999=\"o:0;tp:600;st:w;sR:3700;\"\n\t\t\t\t\t\t\t\tstyle=\"z-index:5;font-family:'Arvo';\"\n\t\t\t\t\t\t\t>Nourrir le corps et l'esprit \n\t\t\t\t\t\t\t<\/rs-layer><!--\n\n\t\t\t\t\t\t\t--><rs-layer\n\t\t\t\t\t\t\t\tid=\"slider-41-slide-80-layer-9\" \n\t\t\t\t\t\t\t\tdata-type=\"image\"\n\t\t\t\t\t\t\t\tdata-xy=\"x:c;y:b;yo:160px;\"\n\t\t\t\t\t\t\t\tdata-text=\"l:22;a:inherit;\"\n\t\t\t\t\t\t\t\tdata-dim=\"w:60px;h:79px;\"\n\t\t\t\t\t\t\t\tdata-basealign=\"slide\"\n\t\t\t\t\t\t\t\tdata-rsp_bd=\"off\"\n\t\t\t\t\t\t\t\tdata-frame_0=\"tp:600;\"\n\t\t\t\t\t\t\t\tdata-frame_1=\"tp:600;st:0;\"\n\t\t\t\t\t\t\t\tdata-frame_999=\"o:0;tp:600;st:w;sR:3700;\"\n\t\t\t\t\t\t\t\tstyle=\"z-index:6;\"\n\t\t\t\t\t\t\t><img loading=\"lazy\" decoding=\"async\" src=\"\/\/orchard-house.ca\/wp-content\/plugins\/revslider\/public\/assets\/assets\/dummy.png\" class=\"tp-rs-img rs-lazyload\" width=\"60\" height=\"79\" data-lazyload=\"\/\/orchard-house.ca\/wp-content\/uploads\/2017\/06\/blazon-2.png\" data-no-retina> \n\t\t\t\t\t\t\t<\/rs-layer><!--\n\n\t\t\t\t\t\t\t--><rs-layer\n\t\t\t\t\t\t\t\tid=\"slider-41-slide-80-layer-11\" \n\t\t\t\t\t\t\t\tdata-type=\"image\"\n\t\t\t\t\t\t\t\tdata-rsp_ch=\"on\"\n\t\t\t\t\t\t\t\tdata-xy=\"x:c;y:b;yo:35px;\"\n\t\t\t\t\t\t\t\tdata-text=\"l:22;a:inherit;\"\n\t\t\t\t\t\t\t\tdata-dim=\"w:38px;h:21px;\"\n\t\t\t\t\t\t\t\tdata-basealign=\"slide\"\n\t\t\t\t\t\t\t\tdata-frame_0=\"tp:600;\"\n\t\t\t\t\t\t\t\tdata-frame_1=\"tp:600;st:0;\"\n\t\t\t\t\t\t\t\tdata-frame_999=\"o:0;tp:600;st:w;sR:3700;\"\n\t\t\t\t\t\t\t\tstyle=\"z-index:7;\"\n\t\t\t\t\t\t\t><img loading=\"lazy\" decoding=\"async\" src=\"\/\/orchard-house.ca\/wp-content\/plugins\/revslider\/public\/assets\/assets\/dummy.png\" class=\"tp-rs-img rs-lazyload\" width=\"38\" height=\"21\" data-lazyload=\"\/\/orchard-house.ca\/wp-content\/uploads\/2017\/08\/ORH_White-Arrow_Down.png\" data-no-retina> \n\t\t\t\t\t\t\t<\/rs-layer><!--\n-->\t\t\t\t\t\t<\/rs-slide>\n\t\t\t\t\t\t<rs-slide style=\"position: absolute;\" data-key=\"rs-79\" data-title=\"Slide\" data-thumb=\"\/\/orchard-house.ca\/wp-content\/uploads\/2017\/08\/Gourmet_Slider-3_032_OH_NDG-100x50.jpg\" data-anim=\"ms:600;\" data-in=\"o:0;\" data-out=\"a:false;\">\n\t\t\t\t\t\t\t<img decoding=\"async\" src=\"\/\/orchard-house.ca\/wp-content\/plugins\/revslider\/public\/assets\/assets\/dummy.png\" title=\"Cuisine Gourmet\" class=\"rev-slidebg tp-rs-img rs-lazyload\" data-lazyload=\"\/\/orchard-house.ca\/wp-content\/uploads\/2017\/08\/Gourmet_Slider-3_032_OH_NDG.jpg\" data-bg=\"p:50% 75%;\" data-no-retina>\n<!--\n\t\t\t\t\t\t\t--><rs-layer\n\t\t\t\t\t\t\t\tid=\"slider-41-slide-79-layer-5\" \n\t\t\t\t\t\t\t\tdata-type=\"text\"\n\t\t\t\t\t\t\t\tdata-color=\"rgba(255,255,255,1)\"\n\t\t\t\t\t\t\t\tdata-xy=\"x:c;y:b;yo:88px;\"\n\t\t\t\t\t\t\t\tdata-text=\"s:36;l:36;a:inherit;\"\n\t\t\t\t\t\t\t\tdata-basealign=\"slide\"\n\t\t\t\t\t\t\t\tdata-rsp_bd=\"off\"\n\t\t\t\t\t\t\t\tdata-frame_0=\"tp:600;\"\n\t\t\t\t\t\t\t\tdata-frame_1=\"tp:600;st:0;\"\n\t\t\t\t\t\t\t\tdata-frame_999=\"o:0;tp:600;st:w;sR:3700;\"\n\t\t\t\t\t\t\t\tstyle=\"z-index:5;font-family:'Arvo';\"\n\t\t\t\t\t\t\t>Nourrir le corps et l'esprit \n\t\t\t\t\t\t\t<\/rs-layer><!--\n\n\t\t\t\t\t\t\t--><rs-layer\n\t\t\t\t\t\t\t\tid=\"slider-41-slide-79-layer-9\" \n\t\t\t\t\t\t\t\tdata-type=\"image\"\n\t\t\t\t\t\t\t\tdata-xy=\"x:c;y:b;yo:160px;\"\n\t\t\t\t\t\t\t\tdata-text=\"l:22;a:inherit;\"\n\t\t\t\t\t\t\t\tdata-dim=\"w:60px;h:79px;\"\n\t\t\t\t\t\t\t\tdata-basealign=\"slide\"\n\t\t\t\t\t\t\t\tdata-rsp_bd=\"off\"\n\t\t\t\t\t\t\t\tdata-frame_0=\"tp:600;\"\n\t\t\t\t\t\t\t\tdata-frame_1=\"tp:600;st:0;\"\n\t\t\t\t\t\t\t\tdata-frame_999=\"o:0;tp:600;st:w;sR:3700;\"\n\t\t\t\t\t\t\t\tstyle=\"z-index:6;\"\n\t\t\t\t\t\t\t><img loading=\"lazy\" decoding=\"async\" src=\"\/\/orchard-house.ca\/wp-content\/plugins\/revslider\/public\/assets\/assets\/dummy.png\" class=\"tp-rs-img rs-lazyload\" width=\"60\" height=\"79\" data-lazyload=\"\/\/orchard-house.ca\/wp-content\/uploads\/2017\/06\/blazon-2.png\" data-no-retina> \n\t\t\t\t\t\t\t<\/rs-layer><!--\n\n\t\t\t\t\t\t\t--><rs-layer\n\t\t\t\t\t\t\t\tid=\"slider-41-slide-79-layer-11\" \n\t\t\t\t\t\t\t\tdata-type=\"image\"\n\t\t\t\t\t\t\t\tdata-rsp_ch=\"on\"\n\t\t\t\t\t\t\t\tdata-xy=\"x:c;y:b;yo:35px;\"\n\t\t\t\t\t\t\t\tdata-text=\"l:22;a:inherit;\"\n\t\t\t\t\t\t\t\tdata-dim=\"w:38px;h:21px;\"\n\t\t\t\t\t\t\t\tdata-basealign=\"slide\"\n\t\t\t\t\t\t\t\tdata-frame_0=\"tp:600;\"\n\t\t\t\t\t\t\t\tdata-frame_1=\"tp:600;st:0;\"\n\t\t\t\t\t\t\t\tdata-frame_999=\"o:0;tp:600;st:w;sR:3700;\"\n\t\t\t\t\t\t\t\tstyle=\"z-index:7;\"\n\t\t\t\t\t\t\t><img loading=\"lazy\" decoding=\"async\" src=\"\/\/orchard-house.ca\/wp-content\/plugins\/revslider\/public\/assets\/assets\/dummy.png\" class=\"tp-rs-img rs-lazyload\" width=\"38\" height=\"21\" data-lazyload=\"\/\/orchard-house.ca\/wp-content\/uploads\/2017\/08\/ORH_White-Arrow_Down.png\" data-no-retina> \n\t\t\t\t\t\t\t<\/rs-layer><!--\n-->\t\t\t\t\t\t<\/rs-slide>\n\t\t\t\t\t\t<rs-slide style=\"position: absolute;\" data-key=\"rs-82\" data-title=\"Slide\" data-thumb=\"\/\/orchard-house.ca\/wp-content\/uploads\/2017\/08\/Gourmet_Slider-4_20150708_219-100x50.jpg\" data-anim=\"ms:600;\" data-in=\"o:0;\" data-out=\"a:false;\">\n\t\t\t\t\t\t\t<img decoding=\"async\" src=\"\/\/orchard-house.ca\/wp-content\/plugins\/revslider\/public\/assets\/assets\/dummy.png\" title=\"Cuisine Gourmet\" class=\"rev-slidebg tp-rs-img rs-lazyload\" data-lazyload=\"\/\/orchard-house.ca\/wp-content\/uploads\/2017\/08\/Gourmet_Slider-4_20150708_219.jpg\" data-bg=\"p:50% 75%;\" data-no-retina>\n<!--\n\t\t\t\t\t\t\t--><rs-layer\n\t\t\t\t\t\t\t\tid=\"slider-41-slide-82-layer-5\" \n\t\t\t\t\t\t\t\tdata-type=\"text\"\n\t\t\t\t\t\t\t\tdata-color=\"rgba(255,255,255,1)\"\n\t\t\t\t\t\t\t\tdata-xy=\"x:c;y:b;yo:88px;\"\n\t\t\t\t\t\t\t\tdata-text=\"s:36;l:36;a:inherit;\"\n\t\t\t\t\t\t\t\tdata-basealign=\"slide\"\n\t\t\t\t\t\t\t\tdata-rsp_bd=\"off\"\n\t\t\t\t\t\t\t\tdata-frame_0=\"tp:600;\"\n\t\t\t\t\t\t\t\tdata-frame_1=\"tp:600;st:0;\"\n\t\t\t\t\t\t\t\tdata-frame_999=\"o:0;tp:600;st:w;sR:3700;\"\n\t\t\t\t\t\t\t\tstyle=\"z-index:5;font-family:'Arvo';\"\n\t\t\t\t\t\t\t>Nourrir le corps et l'esprit \n\t\t\t\t\t\t\t<\/rs-layer><!--\n\n\t\t\t\t\t\t\t--><rs-layer\n\t\t\t\t\t\t\t\tid=\"slider-41-slide-82-layer-9\" \n\t\t\t\t\t\t\t\tdata-type=\"image\"\n\t\t\t\t\t\t\t\tdata-xy=\"x:c;y:b;yo:160px;\"\n\t\t\t\t\t\t\t\tdata-text=\"l:22;a:inherit;\"\n\t\t\t\t\t\t\t\tdata-dim=\"w:60px;h:79px;\"\n\t\t\t\t\t\t\t\tdata-basealign=\"slide\"\n\t\t\t\t\t\t\t\tdata-rsp_bd=\"off\"\n\t\t\t\t\t\t\t\tdata-frame_0=\"tp:600;\"\n\t\t\t\t\t\t\t\tdata-frame_1=\"tp:600;st:0;\"\n\t\t\t\t\t\t\t\tdata-frame_999=\"o:0;tp:600;st:w;sR:3700;\"\n\t\t\t\t\t\t\t\tstyle=\"z-index:6;\"\n\t\t\t\t\t\t\t><img loading=\"lazy\" decoding=\"async\" src=\"\/\/orchard-house.ca\/wp-content\/plugins\/revslider\/public\/assets\/assets\/dummy.png\" class=\"tp-rs-img rs-lazyload\" width=\"60\" height=\"79\" data-lazyload=\"\/\/orchard-house.ca\/wp-content\/uploads\/2017\/06\/blazon-2.png\" data-no-retina> \n\t\t\t\t\t\t\t<\/rs-layer><!--\n\n\t\t\t\t\t\t\t--><rs-layer\n\t\t\t\t\t\t\t\tid=\"slider-41-slide-82-layer-11\" \n\t\t\t\t\t\t\t\tdata-type=\"image\"\n\t\t\t\t\t\t\t\tdata-rsp_ch=\"on\"\n\t\t\t\t\t\t\t\tdata-xy=\"x:c;y:b;yo:35px;\"\n\t\t\t\t\t\t\t\tdata-text=\"l:22;a:inherit;\"\n\t\t\t\t\t\t\t\tdata-dim=\"w:38px;h:21px;\"\n\t\t\t\t\t\t\t\tdata-basealign=\"slide\"\n\t\t\t\t\t\t\t\tdata-frame_0=\"tp:600;\"\n\t\t\t\t\t\t\t\tdata-frame_1=\"tp:600;st:0;\"\n\t\t\t\t\t\t\t\tdata-frame_999=\"o:0;tp:600;st:w;sR:3700;\"\n\t\t\t\t\t\t\t\tstyle=\"z-index:7;\"\n\t\t\t\t\t\t\t><img loading=\"lazy\" decoding=\"async\" src=\"\/\/orchard-house.ca\/wp-content\/plugins\/revslider\/public\/assets\/assets\/dummy.png\" class=\"tp-rs-img rs-lazyload\" width=\"38\" height=\"21\" data-lazyload=\"\/\/orchard-house.ca\/wp-content\/uploads\/2017\/08\/ORH_White-Arrow_Down.png\" data-no-retina> \n\t\t\t\t\t\t\t<\/rs-layer><!--\n-->\t\t\t\t\t\t<\/rs-slide>\n\t\t\t\t\t\t<rs-slide style=\"position: absolute;\" data-key=\"rs-83\" data-title=\"Slide\" data-thumb=\"\/\/orchard-house.ca\/wp-content\/uploads\/2017\/08\/Gourmet_Slider-5_041_OH_NDG-100x50.jpg\" data-anim=\"ms:600;\" data-in=\"o:0;\" data-out=\"a:false;\">\n\t\t\t\t\t\t\t<img decoding=\"async\" src=\"\/\/orchard-house.ca\/wp-content\/plugins\/revslider\/public\/assets\/assets\/dummy.png\" title=\"Cuisine Gourmet\" class=\"rev-slidebg tp-rs-img rs-lazyload\" data-lazyload=\"\/\/orchard-house.ca\/wp-content\/uploads\/2017\/08\/Gourmet_Slider-5_041_OH_NDG.jpg\" data-bg=\"p:50% 75%;\" data-no-retina>\n<!--\n\t\t\t\t\t\t\t--><rs-layer\n\t\t\t\t\t\t\t\tid=\"slider-41-slide-83-layer-5\" \n\t\t\t\t\t\t\t\tdata-type=\"text\"\n\t\t\t\t\t\t\t\tdata-color=\"rgba(255,255,255,1)\"\n\t\t\t\t\t\t\t\tdata-xy=\"x:c;y:b;yo:88px;\"\n\t\t\t\t\t\t\t\tdata-text=\"s:36;l:36;a:inherit;\"\n\t\t\t\t\t\t\t\tdata-basealign=\"slide\"\n\t\t\t\t\t\t\t\tdata-rsp_bd=\"off\"\n\t\t\t\t\t\t\t\tdata-frame_0=\"tp:600;\"\n\t\t\t\t\t\t\t\tdata-frame_1=\"tp:600;st:0;\"\n\t\t\t\t\t\t\t\tdata-frame_999=\"o:0;tp:600;st:w;sR:3700;\"\n\t\t\t\t\t\t\t\tstyle=\"z-index:5;font-family:'Arvo';\"\n\t\t\t\t\t\t\t>Nourrir le corps et l'esprit \n\t\t\t\t\t\t\t<\/rs-layer><!--\n\n\t\t\t\t\t\t\t--><rs-layer\n\t\t\t\t\t\t\t\tid=\"slider-41-slide-83-layer-9\" \n\t\t\t\t\t\t\t\tdata-type=\"image\"\n\t\t\t\t\t\t\t\tdata-xy=\"x:c;y:b;yo:160px;\"\n\t\t\t\t\t\t\t\tdata-text=\"l:22;a:inherit;\"\n\t\t\t\t\t\t\t\tdata-dim=\"w:60px;h:79px;\"\n\t\t\t\t\t\t\t\tdata-basealign=\"slide\"\n\t\t\t\t\t\t\t\tdata-rsp_bd=\"off\"\n\t\t\t\t\t\t\t\tdata-frame_0=\"tp:600;\"\n\t\t\t\t\t\t\t\tdata-frame_1=\"tp:600;st:0;\"\n\t\t\t\t\t\t\t\tdata-frame_999=\"o:0;tp:600;st:w;sR:3700;\"\n\t\t\t\t\t\t\t\tstyle=\"z-index:6;\"\n\t\t\t\t\t\t\t><img loading=\"lazy\" decoding=\"async\" src=\"\/\/orchard-house.ca\/wp-content\/plugins\/revslider\/public\/assets\/assets\/dummy.png\" class=\"tp-rs-img rs-lazyload\" width=\"60\" height=\"79\" data-lazyload=\"\/\/orchard-house.ca\/wp-content\/uploads\/2017\/06\/blazon-2.png\" data-no-retina> \n\t\t\t\t\t\t\t<\/rs-layer><!--\n\n\t\t\t\t\t\t\t--><rs-layer\n\t\t\t\t\t\t\t\tid=\"slider-41-slide-83-layer-11\" \n\t\t\t\t\t\t\t\tdata-type=\"image\"\n\t\t\t\t\t\t\t\tdata-rsp_ch=\"on\"\n\t\t\t\t\t\t\t\tdata-xy=\"x:c;y:b;yo:35px;\"\n\t\t\t\t\t\t\t\tdata-text=\"l:22;a:inherit;\"\n\t\t\t\t\t\t\t\tdata-dim=\"w:38px;h:21px;\"\n\t\t\t\t\t\t\t\tdata-basealign=\"slide\"\n\t\t\t\t\t\t\t\tdata-frame_0=\"tp:600;\"\n\t\t\t\t\t\t\t\tdata-frame_1=\"tp:600;st:0;\"\n\t\t\t\t\t\t\t\tdata-frame_999=\"o:0;tp:600;st:w;sR:3700;\"\n\t\t\t\t\t\t\t\tstyle=\"z-index:7;\"\n\t\t\t\t\t\t\t><img loading=\"lazy\" decoding=\"async\" src=\"\/\/orchard-house.ca\/wp-content\/plugins\/revslider\/public\/assets\/assets\/dummy.png\" class=\"tp-rs-img rs-lazyload\" width=\"38\" height=\"21\" data-lazyload=\"\/\/orchard-house.ca\/wp-content\/uploads\/2017\/08\/ORH_White-Arrow_Down.png\" data-no-retina> \n\t\t\t\t\t\t\t<\/rs-layer><!--\n-->\t\t\t\t\t\t<\/rs-slide>\n\t\t\t\t\t<\/rs-slides>\n\t\t\t\t<\/rs-module>\n\t\t\t\t<script type=\"text\/javascript\">\n\t\t\t\t\tsetREVStartSize({c: 'rev_slider_41_1',rl:[1240,1024,778,480],el:[],gw:[1900],gh:[1000],type:'standard',justify:'',layout:'fullscreen',offsetContainer:'',offset:'',mh:\"0\"});if (window.RS_MODULES!==undefined && window.RS_MODULES.modules!==undefined && window.RS_MODULES.modules[\"revslider411\"]!==undefined) {window.RS_MODULES.modules[\"revslider411\"].once = false;window.revapi41 = undefined;if (window.RS_MODULES.checkMinimal!==undefined) window.RS_MODULES.checkMinimal()}\n\t\t\t\t<\/script>\n\t\t\t<\/rs-module-wrap>\n\t\t\t<!-- END REVOLUTION SLIDER -->\n[\/vc_column][\/vc_row][vc_row css_animation=\u00a0\u00bb\u00a0\u00bb row_type=\u00a0\u00bbrow\u00a0\u00bb use_row_as_full_screen_section=\u00a0\u00bbno\u00a0\u00bb type=\u00a0\u00bbgrid\u00a0\u00bb angled_section=\u00a0\u00bbno\u00a0\u00bb text_align=\u00a0\u00bbleft\u00a0\u00bb background_image_as_pattern=\u00a0\u00bbwithout_pattern\u00a0\u00bb css=\u00a0\u00bb.vc_custom_1495893364590{background: #c1d72e url(https:\/\/orchard-house.ca\/wp-content\/uploads\/2017\/05\/topGreen.png?id=267) !important;background-position: 0 0 !important;background-repeat: no-repeat !important;}\u00a0\u00bb el_class=\u00a0\u00bbpadding160&Prime;][vc_column el_class=\u00a0\u00bbintro-text\u00a0\u00bb][vc_column_text el_class=\u00a0\u00bbwhite-text\u00a0\u00bb]<\/p>\n<h2 style=\"text-align: center;\">Cuisine Gourmet<\/h2>\n<h4 style=\"text-align: center;\">Des produits frais\u2026 locaux\u2026 nutritifs&#8230;<\/h4>\n<p>[\/vc_column_text][vc_column_text el_class=\u00a0\u00bbwhite-text\u00a0\u00bb]<\/p>\n<p style=\"text-align: center;\">La Cuisine Gourmet d&rsquo;Orchard House est dirig\u00e9e par Miss Carmie, qui apporte avec elle une grande exp\u00e9rience en pr\u00e9paration et\u00a0logistique de service de repas \u00e0 la \u00a0Commission scolaire English-Montr\u00e9al. Aux c\u00f4t\u00e9s de sa sous-chef Miss Nora, notre Cuisine Gourmet ne pourrait \u00eatre entre de meilleures mains !<\/p>\n<p>[\/vc_column_text][\/vc_column][\/vc_row][vc_row css_animation=\u00a0\u00bb\u00a0\u00bb row_type=\u00a0\u00bbrow\u00a0\u00bb use_row_as_full_screen_section=\u00a0\u00bbno\u00a0\u00bb type=\u00a0\u00bbfull_width\u00a0\u00bb angled_section=\u00a0\u00bbno\u00a0\u00bb text_align=\u00a0\u00bbleft\u00a0\u00bb background_image_as_pattern=\u00a0\u00bbwithout_pattern\u00a0\u00bb][vc_column][vc_empty_space height=\u00a0\u00bb60px\u00a0\u00bb][vc_row_inner row_type=\u00a0\u00bbrow\u00a0\u00bb type=\u00a0\u00bbgrid\u00a0\u00bb text_align=\u00a0\u00bbleft\u00a0\u00bb css_animation=\u00a0\u00bb\u00a0\u00bb][vc_column_inner offset=\u00a0\u00bbvc_col-lg-6 vc_col-md-12&Prime;][vc_column_text]<\/p>\n<div class=\"wpb_text_column wpb_content_element \">\n<div class=\"wpb_wrapper\">\n<p>Adh\u00e9rant \u00e0 l\u2019\u00e9cogastronomie (mouvement Slow Food), notre cuisine, sp\u00e9cialement con\u00e7ue pour r\u00e9pondre \u00e0 nos besoins, s\u2019\u00e9loigne des repas pr\u00e9emball\u00e9s et mise sur une alimentation plus traditionnelle qui privil\u00e9gie les producteurs locaux, les poissons provenant de p\u00eache durable, la viande sans hormones, les produits saisonniers et une di\u00e8te nutritive. Notre menu saisonnier, toujours sans noix, est biologique lorsque possible, \u00e0 grains entiers, contient peu de sel et de sucre et est valid\u00e9 par une nutritionniste. Naturellement, nous tenons compte, dans la mesure du possible, des allergies alimentaires individuelles.<\/p>\n<p>Notre Cuisine Gourmet rehausse l\u2019exp\u00e9rience \u00e9ducative des enfants \u00e0 Orchard House\u00a0:<\/p>\n<ul>\n<li>Les menus mensuels refl\u00e8tent les unit\u00e9s th\u00e9matiques vues en classe.<\/li>\n<li>Les enfants sont expos\u00e9s \u00e0 une vari\u00e9t\u00e9 de go\u00fbts, d\u2019odeurs et de textures provenant de partout dans le monde.<\/li>\n<li>Les enfants sont inform\u00e9s des valeurs nutritives des nouveaux aliments introduits.<\/li>\n<li>Nos nouveaux jardins sur place encouragent les enfants \u00e0 faire partie du processus de plantation, de cueillette et d\u2019utilisation des produits dans la cuisine.<\/li>\n<li>Nos chefs agissent comme ressources et animatrices pour nos ateliers d\u2019apr\u00e8s-midi Les sous-chefs d\u2019Orchard House et Petits Chefs.<\/li>\n<li>Tout comme dans le reste de l\u2019\u00e9cole, l\u2019usage du plastique est tr\u00e8s limit\u00e9.<\/li>\n<\/ul>\n<p>En accueillant finalement la Cuisine Gourmet au sein d\u2019Orchard House, nous sommes maintenant enti\u00e8rement responsables de nourrir le corps et l\u2019esprit des enfants par des repas et des collations nutritives et saines.<\/p>\n<p><img loading=\"lazy\" decoding=\"async\" class=\"alignnone wp-image-3558 size-full\" src=\"https:\/\/orchard-house.ca\/wp-content\/uploads\/2023\/11\/Equipe-cuisine-2023-3.jpg\" alt=\"\" width=\"1200\" height=\"857\" srcset=\"https:\/\/orchard-house.ca\/wp-content\/uploads\/2023\/11\/Equipe-cuisine-2023-3.jpg 1200w, https:\/\/orchard-house.ca\/wp-content\/uploads\/2023\/11\/Equipe-cuisine-2023-3-300x214.jpg 300w, https:\/\/orchard-house.ca\/wp-content\/uploads\/2023\/11\/Equipe-cuisine-2023-3-1024x731.jpg 1024w\" sizes=\"auto, (max-width: 1200px) 100vw, 1200px\" \/><\/p>\n<\/div>\n<\/div>\n<p>[\/vc_column_text][\/vc_column_inner][vc_column_inner offset=\u00a0\u00bbvc_col-lg-6 vc_col-md-12&Prime;][vc_video link=\u00a0\u00bbhttps:\/\/vimeo.com\/267472159&Prime;][vc_empty_space height=\u00a0\u00bb60px\u00a0\u00bb][vc_column_text]<\/p>\n<table class=\"gourmet-menu\">\n<tbody>\n<tr>\n<td><b>LUNDI<\/b><\/td>\n<td><strong>MARDI<\/strong><\/td>\n<td><strong>MERCREDI<\/strong><\/td>\n<td><strong>JEUDI<\/strong><\/td>\n<td><strong>VENDREDI<\/strong><\/td>\n<\/tr>\n<tr>\n<td>Penne avec sauce cr\u00e9meuse tomate-courgette et tranches de poivrons rouges<\/td>\n<td>Saut\u00e9 de tofu et brocoli avec riz jasmin<\/td>\n<td>Saumon au four avec patates r\u00f4ties et haricots verts<\/td>\n<td>P\u00e2t\u00e9 chinois v\u00e9g\u00e9tarien avec carottes<\/td>\n<td>Galette de dinde avec pain pita, concombre et sauce yogourt<\/td>\n<\/tr>\n<tr>\n<td><strong>Collation du matin\u00a0:<\/strong><\/td>\n<td><strong>Collation du matin\u00a0:<\/strong><\/td>\n<td><strong>Collation du matin\u00a0:<\/strong><\/td>\n<td><strong>Collation du matin\u00a0:<\/strong><\/td>\n<td><strong>Collation du matin\u00a0:<\/strong><\/td>\n<\/tr>\n<tr>\n<td>Yogourt avec granola maison<\/td>\n<td>Pommes fra\u00eeches<\/td>\n<td>Frapp\u00e9 \u00e0 la mangue<\/td>\n<td>Bananes<\/td>\n<td>Compote de pommes<\/td>\n<\/tr>\n<tr>\n<td><strong>Collation de l\u2019apr\u00e8s-midi :<\/strong><\/td>\n<td><strong>Collation de l\u2019apr\u00e8s-midi :<\/strong><\/td>\n<td><strong>Collation de l\u2019apr\u00e8s-midi :<\/strong><\/td>\n<td><strong>Collation de l\u2019apr\u00e8s-midi :<\/strong><\/td>\n<td><strong>Collation de l\u2019apr\u00e8s-midi :<\/strong><\/td>\n<\/tr>\n<tr>\n<td>Poires fra\u00eeches<\/td>\n<td>Muffins au yogourt et framboises<\/td>\n<td>Fromage cheddar et craquelins<\/td>\n<td>Houmous et l\u00e9gumes croquants<\/td>\n<td>Barres tendres maison<\/td>\n<\/tr>\n<\/tbody>\n<\/table>\n<p>[\/vc_column_text][\/vc_column_inner][\/vc_row_inner][vc_empty_space height=\u00a0\u00bb60px\u00a0\u00bb][\/vc_column][\/vc_row]<\/p>\n<\/div>","protected":false},"excerpt":{"rendered":"<p>[vc_row css_animation=\u00a0\u00bb\u00a0\u00bb row_type=\u00a0\u00bbrow\u00a0\u00bb use_row_as_full_screen_section=\u00a0\u00bbno\u00a0\u00bb type=\u00a0\u00bbfull_width\u00a0\u00bb angled_section=\u00a0\u00bbno\u00a0\u00bb text_align=\u00a0\u00bbleft\u00a0\u00bb background_image_as_pattern=\u00a0\u00bbwithout_pattern\u00a0\u00bb][vc_column offset=\u00a0\u00bbvc_hidden-sm vc_hidden-xs\u00a0\u00bb][\/vc_column][\/vc_row][vc_row css_animation=\u00a0\u00bb\u00a0\u00bb row_type=\u00a0\u00bbrow\u00a0\u00bb use_row_as_full_screen_section=\u00a0\u00bbno\u00a0\u00bb type=\u00a0\u00bbgrid\u00a0\u00bb angled_section=\u00a0\u00bbno\u00a0\u00bb text_align=\u00a0\u00bbleft\u00a0\u00bb background_image_as_pattern=\u00a0\u00bbwithout_pattern\u00a0\u00bb css=\u00a0\u00bb.vc_custom_1495893364590{background: #c1d72e url(https:\/\/orchard-house.ca\/wp-content\/uploads\/2017\/05\/topGreen.png?id=267) !important;background-position: 0 0&#8230;<\/p>\n","protected":false},"author":1,"featured_media":0,"parent":2451,"menu_order":0,"comment_status":"closed","ping_status":"closed","template":"full_width.php","meta":{"footnotes":""},"class_list":["post-2465","page","type-page","status-publish","hentry"],"_links":{"self":[{"href":"https:\/\/orchard-house.ca\/fr\/wp-json\/wp\/v2\/pages\/2465","targetHints":{"allow":["GET"]}}],"collection":[{"href":"https:\/\/orchard-house.ca\/fr\/wp-json\/wp\/v2\/pages"}],"about":[{"href":"https:\/\/orchard-house.ca\/fr\/wp-json\/wp\/v2\/types\/page"}],"author":[{"embeddable":true,"href":"https:\/\/orchard-house.ca\/fr\/wp-json\/wp\/v2\/users\/1"}],"replies":[{"embeddable":true,"href":"https:\/\/orchard-house.ca\/fr\/wp-json\/wp\/v2\/comments?post=2465"}],"version-history":[{"count":3,"href":"https:\/\/orchard-house.ca\/fr\/wp-json\/wp\/v2\/pages\/2465\/revisions"}],"predecessor-version":[{"id":3572,"href":"https:\/\/orchard-house.ca\/fr\/wp-json\/wp\/v2\/pages\/2465\/revisions\/3572"}],"up":[{"embeddable":true,"href":"https:\/\/orchard-house.ca\/fr\/wp-json\/wp\/v2\/pages\/2451"}],"wp:attachment":[{"href":"https:\/\/orchard-house.ca\/fr\/wp-json\/wp\/v2\/media?parent=2465"}],"curies":[{"name":"wp","href":"https:\/\/api.w.org\/{rel}","templated":true}]}}