{"id":2461,"date":"2017-04-04T19:58:21","date_gmt":"2017-04-04T17:58:21","guid":{"rendered":"https:\/\/orchard-house.ca\/dev\/evenements\/"},"modified":"2024-05-30T17:33:12","modified_gmt":"2024-05-30T15:33:12","slug":"evenements","status":"publish","type":"page","link":"https:\/\/orchard-house.ca\/fr\/evenements\/","title":{"rendered":"\u00c9v\u00e9nements"},"content":{"rendered":"<div class=\"wpb-content-wrapper\"><p>[vc_row css_animation=\u00a0\u00bb\u00a0\u00bb row_type=\u00a0\u00bbrow\u00a0\u00bb use_row_as_full_screen_section=\u00a0\u00bbno\u00a0\u00bb type=\u00a0\u00bbfull_width\u00a0\u00bb angled_section=\u00a0\u00bbno\u00a0\u00bb text_align=\u00a0\u00bbleft\u00a0\u00bb background_image_as_pattern=\u00a0\u00bbwithout_pattern\u00a0\u00bb css=\u00a0\u00bb.vc_custom_1504202018611{background: #a3d6c5 url(https:\/\/orchard-house.ca\/wp-content\/uploads\/2017\/05\/topBlue.png?id=266) !important;}\u00a0\u00bb el_class=\u00a0\u00bbvisit_page\u00a0\u00bb][vc_column el_class=\u00a0\u00bbintro-text\u00a0\u00bb][vc_row_inner row_type=\u00a0\u00bbrow\u00a0\u00bb type=\u00a0\u00bbgrid\u00a0\u00bb text_align=\u00a0\u00bbcenter\u00a0\u00bb css_animation=\u00a0\u00bb\u00a0\u00bb][vc_column_inner][vc_column_text el_class=\u00a0\u00bbwhite-text\u00a0\u00bb]<\/p>\n<h2 style=\"text-align: center;\">\u00c9v\u00e8nements \u00e0 Orchard House<\/h2>\n<p style=\"text-align: center;\">Dans le but de cr\u00e9er un r\u00e9seau de soutien compos\u00e9 de membres de la famille et d\u2019amis, Orchard House ouvre ses portes et accueille les parents \u00e0 une vari\u00e9t\u00e9 d\u2019activit\u00e9s. Les parents sont invit\u00e9s \u00e0 nous accompagner lors de sorties, \u00e0 \u00eatre pr\u00e9sents lors d\u2019\u00e9v\u00e8nements sp\u00e9ciaux \u00e0 l\u2019\u00e9cole, \u00e0 participer \u00e0 des ateliers \u00ab\u00a0Weekend de bien-\u00eatre\u00a0\u00bb ou \u00e0 assister \u00e0 notre s\u00e9rie de conf\u00e9rences \u00ab\u00a0Mon soir de sortie\u00a0\u00bb. L\u2019objectif de ces activit\u00e9s est de renforcer les liens communautaires, promouvoir un mode de vie sain et enrichir les relations familiales. Nous serons tr\u00e8s heureux de vous accueillir \u00e0 l\u2019un de nos prochains \u00e9v\u00e8nements!<span style=\"color: #ffffff;\"><br \/>\n<\/span><\/p>\n<p>[\/vc_column_text][\/vc_column_inner][\/vc_row_inner][\/vc_column][\/vc_row][vc_row css_animation=\u00a0\u00bb\u00a0\u00bb row_type=\u00a0\u00bbrow\u00a0\u00bb use_row_as_full_screen_section=\u00a0\u00bbno\u00a0\u00bb type=\u00a0\u00bbgrid\u00a0\u00bb angled_section=\u00a0\u00bbno\u00a0\u00bb text_align=\u00a0\u00bbleft\u00a0\u00bb background_image_as_pattern=\u00a0\u00bbwithout_pattern\u00a0\u00bb][vc_column width=\u00a0\u00bb2\/3&Prime;][vc_empty_space height=\u00a0\u00bb60px\u00a0\u00bb][vc_column_text]<\/p>\n<h3>Mercredi 12 juin<\/h3>\n<p>Concert d&rsquo;\u00e9t\u00e9 pouponni\u00e8re, 18 mois, 2 ans &#8211; d\u00e9tails \u00e0 suivre<\/p>\n<h3>Vendredi 14 juin<\/h3>\n<p>Graduation pr\u00e9-maternnelle, classe pm &#8211; d\u00e9tails \u00e0 suivre<\/p>\n<h3>Lundi 24 juin<\/h3>\n<p>Cong\u00e9 f\u00e9ri\u00e9 &#8211; \u00e9cole ferm\u00e9e<\/p>\n<h3>Vendredi 28 juin<\/h3>\n<p>\u00c9cole ferme \u00e0 15:00 &#8211; p\u00e9dagogique en pm<\/p>\n<h3>Lundi 1er juillet<\/h3>\n<p>Cong\u00e9 f\u00e9ri\u00e9 &#8211; \u00e9cole ferm\u00e9e<\/p>\n<h3>Vendredi 23 ao\u00fbt<\/h3>\n<p>Derni\u00e8re journ\u00e9e de l&rsquo;ann\u00e9e scolaire 2023-2024<\/p>\n<h3>Lundi 26 ao\u00fbt<\/h3>\n<p>\u00c9cole ferm\u00e9e &#8211; journ\u00e9e p\u00e9dagogique<\/p>\n<h3>Mardi 27 ao\u00fbt<\/h3>\n<p>\u00c9cole ferm\u00e9e &#8211; journ\u00e9e p\u00e9dagogique<\/p>\n<h3>Mercredi 28 ao\u00fbt<\/h3>\n<p>Premi\u00e8re journ\u00e9e de l&rsquo;ann\u00e9e scolaire 2024-2025[\/vc_column_text][\/vc_column][vc_column width=\u00a0\u00bb1\/3&Prime;][vc_empty_space height=\u00a0\u00bb60px\u00a0\u00bb][vc_widget_sidebar sidebar_id=\u00a0\u00bbApply\u00a0\u00bb][\/vc_column][\/vc_row][vc_row css_animation=\u00a0\u00bb\u00a0\u00bb row_type=\u00a0\u00bbrow\u00a0\u00bb use_row_as_full_screen_section=\u00a0\u00bbno\u00a0\u00bb type=\u00a0\u00bbfull_width\u00a0\u00bb angled_section=\u00a0\u00bbno\u00a0\u00bb text_align=\u00a0\u00bbleft\u00a0\u00bb background_image_as_pattern=\u00a0\u00bbwithout_pattern\u00a0\u00bb][vc_column][vc_empty_space height=\u00a0\u00bb60px\u00a0\u00bb][\/vc_column][\/vc_row]<\/p>\n<\/div>","protected":false},"excerpt":{"rendered":"<p>[vc_row css_animation=\u00a0\u00bb\u00a0\u00bb row_type=\u00a0\u00bbrow\u00a0\u00bb use_row_as_full_screen_section=\u00a0\u00bbno\u00a0\u00bb type=\u00a0\u00bbfull_width\u00a0\u00bb angled_section=\u00a0\u00bbno\u00a0\u00bb text_align=\u00a0\u00bbleft\u00a0\u00bb background_image_as_pattern=\u00a0\u00bbwithout_pattern\u00a0\u00bb css=\u00a0\u00bb.vc_custom_1504202018611{background: #a3d6c5 url(https:\/\/orchard-house.ca\/wp-content\/uploads\/2017\/05\/topBlue.png?id=266) !important;}\u00a0\u00bb el_class=\u00a0\u00bbvisit_page\u00a0\u00bb][vc_column el_class=\u00a0\u00bbintro-text\u00a0\u00bb][vc_row_inner row_type=\u00a0\u00bbrow\u00a0\u00bb type=\u00a0\u00bbgrid\u00a0\u00bb text_align=\u00a0\u00bbcenter\u00a0\u00bb css_animation=\u00a0\u00bb\u00a0\u00bb][vc_column_inner][vc_column_text el_class=\u00a0\u00bbwhite-text\u00a0\u00bb] \u00c9v\u00e8nements \u00e0 Orchard House&#8230;<\/p>\n","protected":false},"author":1,"featured_media":0,"parent":0,"menu_order":0,"comment_status":"closed","ping_status":"closed","template":"full_width.php","meta":{"footnotes":""},"class_list":["post-2461","page","type-page","status-publish","hentry"],"_links":{"self":[{"href":"https:\/\/orchard-house.ca\/fr\/wp-json\/wp\/v2\/pages\/2461","targetHints":{"allow":["GET"]}}],"collection":[{"href":"https:\/\/orchard-house.ca\/fr\/wp-json\/wp\/v2\/pages"}],"about":[{"href":"https:\/\/orchard-house.ca\/fr\/wp-json\/wp\/v2\/types\/page"}],"author":[{"embeddable":true,"href":"https:\/\/orchard-house.ca\/fr\/wp-json\/wp\/v2\/users\/1"}],"replies":[{"embeddable":true,"href":"https:\/\/orchard-house.ca\/fr\/wp-json\/wp\/v2\/comments?post=2461"}],"version-history":[{"count":25,"href":"https:\/\/orchard-house.ca\/fr\/wp-json\/wp\/v2\/pages\/2461\/revisions"}],"predecessor-version":[{"id":3615,"href":"https:\/\/orchard-house.ca\/fr\/wp-json\/wp\/v2\/pages\/2461\/revisions\/3615"}],"wp:attachment":[{"href":"https:\/\/orchard-house.ca\/fr\/wp-json\/wp\/v2\/media?parent=2461"}],"curies":[{"name":"wp","href":"https:\/\/api.w.org\/{rel}","templated":true}]}}