{"id":2457,"date":"2017-04-04T19:57:51","date_gmt":"2017-04-04T17:57:51","guid":{"rendered":"https:\/\/orchard-house.ca\/dev\/sinscrire\/"},"modified":"2025-02-12T13:03:18","modified_gmt":"2025-02-12T12:03:18","slug":"sinscrire","status":"publish","type":"page","link":"https:\/\/orchard-house.ca\/fr\/sinscrire\/","title":{"rendered":"S&rsquo;inscrire"},"content":{"rendered":"<div class=\"wpb-content-wrapper\"><p>[vc_row css_animation=\u00a0\u00bb\u00a0\u00bb row_type=\u00a0\u00bbrow\u00a0\u00bb use_row_as_full_screen_section=\u00a0\u00bbno\u00a0\u00bb type=\u00a0\u00bbfull_width\u00a0\u00bb angled_section=\u00a0\u00bbno\u00a0\u00bb text_align=\u00a0\u00bbleft\u00a0\u00bb background_image_as_pattern=\u00a0\u00bbwithout_pattern\u00a0\u00bb][vc_column css=\u00a0\u00bb.vc_custom_1494607923086{margin-bottom: 85px !important;}\u00a0\u00bb offset=\u00a0\u00bbvc_hidden-sm vc_hidden-xs\u00a0\u00bb]\n\t\t\t<!-- START Apply FR REVOLUTION SLIDER 6.5.9 --><p class=\"rs-p-wp-fix\"><\/p>\n\t\t\t<rs-module-wrap id=\"rev_slider_44_1_wrapper\" data-source=\"gallery\" style=\"visibility:hidden;background:transparent;padding:0;\">\n\t\t\t\t<rs-module id=\"rev_slider_44_1\" style=\"\" data-version=\"6.5.9\">\n\t\t\t\t\t<rs-slides>\n\t\t\t\t\t\t<rs-slide style=\"position: absolute;\" data-key=\"rs-108\" data-title=\"Slide\" data-thumb=\"\/\/orchard-house.ca\/wp-content\/uploads\/2017\/05\/Apply-Header_20150708_079-100x50.jpg\" data-anim=\"ms:600;\" data-in=\"o:0;\" data-out=\"a:false;\">\n\t\t\t\t\t\t\t<img decoding=\"async\" src=\"\/\/orchard-house.ca\/wp-content\/plugins\/revslider\/public\/assets\/assets\/dummy.png\" title=\"S&rsquo;inscrire\" class=\"rev-slidebg tp-rs-img rs-lazyload\" data-lazyload=\"\/\/orchard-house.ca\/wp-content\/uploads\/2017\/05\/Apply-Header_20150708_079.jpg\" data-bg=\"p:50% 75%;\" data-no-retina>\n<!--\n\t\t\t\t\t\t\t--><rs-layer\n\t\t\t\t\t\t\t\tid=\"slider-44-slide-108-layer-5\" \n\t\t\t\t\t\t\t\tdata-type=\"text\"\n\t\t\t\t\t\t\t\tdata-color=\"rgba(255,255,255,1)\"\n\t\t\t\t\t\t\t\tdata-xy=\"x:c;y:b;yo:88px;\"\n\t\t\t\t\t\t\t\tdata-text=\"s:36;l:36;a:inherit;\"\n\t\t\t\t\t\t\t\tdata-basealign=\"slide\"\n\t\t\t\t\t\t\t\tdata-rsp_bd=\"off\"\n\t\t\t\t\t\t\t\tdata-frame_0=\"tp:600;\"\n\t\t\t\t\t\t\t\tdata-frame_1=\"tp:600;st:0;\"\n\t\t\t\t\t\t\t\tdata-frame_999=\"o:0;tp:600;st:w;sR:3700;\"\n\t\t\t\t\t\t\t\tstyle=\"z-index:5;font-family:'Arvo';\"\n\t\t\t\t\t\t\t>Application par \u00e9tapes \n\t\t\t\t\t\t\t<\/rs-layer><!--\n\n\t\t\t\t\t\t\t--><rs-layer\n\t\t\t\t\t\t\t\tid=\"slider-44-slide-108-layer-9\" \n\t\t\t\t\t\t\t\tdata-type=\"image\"\n\t\t\t\t\t\t\t\tdata-rsp_ch=\"on\"\n\t\t\t\t\t\t\t\tdata-xy=\"x:c;y:b;yo:139px;\"\n\t\t\t\t\t\t\t\tdata-text=\"l:22;a:inherit;\"\n\t\t\t\t\t\t\t\tdata-dim=\"w:60px;h:79px;\"\n\t\t\t\t\t\t\t\tdata-basealign=\"slide\"\n\t\t\t\t\t\t\t\tdata-frame_0=\"tp:600;\"\n\t\t\t\t\t\t\t\tdata-frame_1=\"tp:600;st:0;\"\n\t\t\t\t\t\t\t\tdata-frame_999=\"o:0;tp:600;st:w;sR:3700;\"\n\t\t\t\t\t\t\t\tstyle=\"z-index:6;\"\n\t\t\t\t\t\t\t><img loading=\"lazy\" decoding=\"async\" src=\"\/\/orchard-house.ca\/wp-content\/plugins\/revslider\/public\/assets\/assets\/dummy.png\" class=\"tp-rs-img rs-lazyload\" width=\"60\" height=\"79\" data-lazyload=\"\/\/orchard-house.ca\/wp-content\/uploads\/2017\/06\/blazon-2.png\" data-no-retina> \n\t\t\t\t\t\t\t<\/rs-layer><!--\n\n\t\t\t\t\t\t\t--><rs-layer\n\t\t\t\t\t\t\t\tid=\"slider-44-slide-108-layer-11\" \n\t\t\t\t\t\t\t\tdata-type=\"image\"\n\t\t\t\t\t\t\t\tdata-rsp_ch=\"on\"\n\t\t\t\t\t\t\t\tdata-xy=\"x:c;y:b;yo:35px;\"\n\t\t\t\t\t\t\t\tdata-text=\"l:22;a:inherit;\"\n\t\t\t\t\t\t\t\tdata-dim=\"w:38px;h:21px;\"\n\t\t\t\t\t\t\t\tdata-basealign=\"slide\"\n\t\t\t\t\t\t\t\tdata-frame_0=\"tp:600;\"\n\t\t\t\t\t\t\t\tdata-frame_1=\"tp:600;st:0;\"\n\t\t\t\t\t\t\t\tdata-frame_999=\"o:0;tp:600;st:w;sR:3700;\"\n\t\t\t\t\t\t\t\tstyle=\"z-index:7;\"\n\t\t\t\t\t\t\t><img loading=\"lazy\" decoding=\"async\" src=\"\/\/orchard-house.ca\/wp-content\/plugins\/revslider\/public\/assets\/assets\/dummy.png\" class=\"tp-rs-img rs-lazyload\" width=\"38\" height=\"21\" data-lazyload=\"\/\/orchard-house.ca\/wp-content\/uploads\/2017\/08\/ORH_White-Arrow_Down.png\" data-no-retina> \n\t\t\t\t\t\t\t<\/rs-layer><!--\n-->\t\t\t\t\t\t<\/rs-slide>\n\t\t\t\t\t\t<rs-slide style=\"position: absolute;\" data-key=\"rs-109\" data-title=\"Slide\" data-thumb=\"\/\/orchard-house.ca\/wp-content\/uploads\/2017\/08\/Apply_Slider-2_046-100x50.jpg\" data-anim=\"ms:600;\" data-in=\"o:0;\" data-out=\"a:false;\">\n\t\t\t\t\t\t\t<img decoding=\"async\" src=\"\/\/orchard-house.ca\/wp-content\/plugins\/revslider\/public\/assets\/assets\/dummy.png\" title=\"S&rsquo;inscrire\" class=\"rev-slidebg tp-rs-img rs-lazyload\" data-lazyload=\"\/\/orchard-house.ca\/wp-content\/uploads\/2017\/08\/Apply_Slider-2_046.jpg\" data-bg=\"p:50% 75%;\" data-no-retina>\n<!--\n\t\t\t\t\t\t\t--><rs-layer\n\t\t\t\t\t\t\t\tid=\"slider-44-slide-109-layer-5\" \n\t\t\t\t\t\t\t\tdata-type=\"text\"\n\t\t\t\t\t\t\t\tdata-color=\"rgba(255,255,255,1)\"\n\t\t\t\t\t\t\t\tdata-xy=\"x:c;y:b;yo:88px;\"\n\t\t\t\t\t\t\t\tdata-text=\"s:36;l:36;a:inherit;\"\n\t\t\t\t\t\t\t\tdata-basealign=\"slide\"\n\t\t\t\t\t\t\t\tdata-rsp_bd=\"off\"\n\t\t\t\t\t\t\t\tdata-frame_0=\"tp:600;\"\n\t\t\t\t\t\t\t\tdata-frame_1=\"tp:600;st:0;\"\n\t\t\t\t\t\t\t\tdata-frame_999=\"o:0;tp:600;st:w;sR:3700;\"\n\t\t\t\t\t\t\t\tstyle=\"z-index:5;font-family:'Arvo';\"\n\t\t\t\t\t\t\t>Application par \u00e9tapes \n\t\t\t\t\t\t\t<\/rs-layer><!--\n\n\t\t\t\t\t\t\t--><rs-layer\n\t\t\t\t\t\t\t\tid=\"slider-44-slide-109-layer-9\" \n\t\t\t\t\t\t\t\tdata-type=\"image\"\n\t\t\t\t\t\t\t\tdata-rsp_ch=\"on\"\n\t\t\t\t\t\t\t\tdata-xy=\"x:c;y:b;yo:139px;\"\n\t\t\t\t\t\t\t\tdata-text=\"l:22;a:inherit;\"\n\t\t\t\t\t\t\t\tdata-dim=\"w:60px;h:79px;\"\n\t\t\t\t\t\t\t\tdata-basealign=\"slide\"\n\t\t\t\t\t\t\t\tdata-frame_0=\"tp:600;\"\n\t\t\t\t\t\t\t\tdata-frame_1=\"tp:600;st:0;\"\n\t\t\t\t\t\t\t\tdata-frame_999=\"o:0;tp:600;st:w;sR:3700;\"\n\t\t\t\t\t\t\t\tstyle=\"z-index:6;\"\n\t\t\t\t\t\t\t><img loading=\"lazy\" decoding=\"async\" src=\"\/\/orchard-house.ca\/wp-content\/plugins\/revslider\/public\/assets\/assets\/dummy.png\" class=\"tp-rs-img rs-lazyload\" width=\"60\" height=\"79\" data-lazyload=\"\/\/orchard-house.ca\/wp-content\/uploads\/2017\/06\/blazon-2.png\" data-no-retina> \n\t\t\t\t\t\t\t<\/rs-layer><!--\n\n\t\t\t\t\t\t\t--><rs-layer\n\t\t\t\t\t\t\t\tid=\"slider-44-slide-109-layer-11\" \n\t\t\t\t\t\t\t\tdata-type=\"image\"\n\t\t\t\t\t\t\t\tdata-rsp_ch=\"on\"\n\t\t\t\t\t\t\t\tdata-xy=\"x:c;y:b;yo:35px;\"\n\t\t\t\t\t\t\t\tdata-text=\"l:22;a:inherit;\"\n\t\t\t\t\t\t\t\tdata-dim=\"w:38px;h:21px;\"\n\t\t\t\t\t\t\t\tdata-basealign=\"slide\"\n\t\t\t\t\t\t\t\tdata-frame_0=\"tp:600;\"\n\t\t\t\t\t\t\t\tdata-frame_1=\"tp:600;st:0;\"\n\t\t\t\t\t\t\t\tdata-frame_999=\"o:0;tp:600;st:w;sR:3700;\"\n\t\t\t\t\t\t\t\tstyle=\"z-index:7;\"\n\t\t\t\t\t\t\t><img loading=\"lazy\" decoding=\"async\" src=\"\/\/orchard-house.ca\/wp-content\/plugins\/revslider\/public\/assets\/assets\/dummy.png\" class=\"tp-rs-img rs-lazyload\" width=\"38\" height=\"21\" data-lazyload=\"\/\/orchard-house.ca\/wp-content\/uploads\/2017\/08\/ORH_White-Arrow_Down.png\" data-no-retina> \n\t\t\t\t\t\t\t<\/rs-layer><!--\n-->\t\t\t\t\t\t<\/rs-slide>\n\t\t\t\t\t\t<rs-slide style=\"position: absolute;\" data-key=\"rs-110\" data-title=\"Slide\" data-thumb=\"\/\/orchard-house.ca\/wp-content\/uploads\/2017\/08\/Apply_Slider-3_OHWI_158-100x50.jpg\" data-anim=\"ms:600;\" data-in=\"o:0;\" data-out=\"a:false;\">\n\t\t\t\t\t\t\t<img decoding=\"async\" src=\"\/\/orchard-house.ca\/wp-content\/plugins\/revslider\/public\/assets\/assets\/dummy.png\" title=\"S&rsquo;inscrire\" class=\"rev-slidebg tp-rs-img rs-lazyload\" data-lazyload=\"\/\/orchard-house.ca\/wp-content\/uploads\/2017\/08\/Apply_Slider-3_OHWI_158.jpg\" data-bg=\"p:50% 75%;\" data-no-retina>\n<!--\n\t\t\t\t\t\t\t--><rs-layer\n\t\t\t\t\t\t\t\tid=\"slider-44-slide-110-layer-5\" \n\t\t\t\t\t\t\t\tdata-type=\"text\"\n\t\t\t\t\t\t\t\tdata-color=\"rgba(255,255,255,1)\"\n\t\t\t\t\t\t\t\tdata-xy=\"x:c;y:b;yo:88px;\"\n\t\t\t\t\t\t\t\tdata-text=\"s:36;l:36;a:inherit;\"\n\t\t\t\t\t\t\t\tdata-basealign=\"slide\"\n\t\t\t\t\t\t\t\tdata-rsp_bd=\"off\"\n\t\t\t\t\t\t\t\tdata-frame_0=\"tp:600;\"\n\t\t\t\t\t\t\t\tdata-frame_1=\"tp:600;st:0;\"\n\t\t\t\t\t\t\t\tdata-frame_999=\"o:0;tp:600;st:w;sR:3700;\"\n\t\t\t\t\t\t\t\tstyle=\"z-index:5;font-family:'Arvo';\"\n\t\t\t\t\t\t\t>Application par \u00e9tapes \n\t\t\t\t\t\t\t<\/rs-layer><!--\n\n\t\t\t\t\t\t\t--><rs-layer\n\t\t\t\t\t\t\t\tid=\"slider-44-slide-110-layer-9\" \n\t\t\t\t\t\t\t\tdata-type=\"image\"\n\t\t\t\t\t\t\t\tdata-rsp_ch=\"on\"\n\t\t\t\t\t\t\t\tdata-xy=\"x:c;y:b;yo:139px;\"\n\t\t\t\t\t\t\t\tdata-text=\"l:22;a:inherit;\"\n\t\t\t\t\t\t\t\tdata-dim=\"w:60px;h:79px;\"\n\t\t\t\t\t\t\t\tdata-basealign=\"slide\"\n\t\t\t\t\t\t\t\tdata-frame_0=\"tp:600;\"\n\t\t\t\t\t\t\t\tdata-frame_1=\"tp:600;st:0;\"\n\t\t\t\t\t\t\t\tdata-frame_999=\"o:0;tp:600;st:w;sR:3700;\"\n\t\t\t\t\t\t\t\tstyle=\"z-index:6;\"\n\t\t\t\t\t\t\t><img loading=\"lazy\" decoding=\"async\" src=\"\/\/orchard-house.ca\/wp-content\/plugins\/revslider\/public\/assets\/assets\/dummy.png\" class=\"tp-rs-img rs-lazyload\" width=\"60\" height=\"79\" data-lazyload=\"\/\/orchard-house.ca\/wp-content\/uploads\/2017\/06\/blazon-2.png\" data-no-retina> \n\t\t\t\t\t\t\t<\/rs-layer><!--\n\n\t\t\t\t\t\t\t--><rs-layer\n\t\t\t\t\t\t\t\tid=\"slider-44-slide-110-layer-11\" \n\t\t\t\t\t\t\t\tdata-type=\"image\"\n\t\t\t\t\t\t\t\tdata-rsp_ch=\"on\"\n\t\t\t\t\t\t\t\tdata-xy=\"x:c;y:b;yo:35px;\"\n\t\t\t\t\t\t\t\tdata-text=\"l:22;a:inherit;\"\n\t\t\t\t\t\t\t\tdata-dim=\"w:38px;h:21px;\"\n\t\t\t\t\t\t\t\tdata-basealign=\"slide\"\n\t\t\t\t\t\t\t\tdata-frame_0=\"tp:600;\"\n\t\t\t\t\t\t\t\tdata-frame_1=\"tp:600;st:0;\"\n\t\t\t\t\t\t\t\tdata-frame_999=\"o:0;tp:600;st:w;sR:3700;\"\n\t\t\t\t\t\t\t\tstyle=\"z-index:7;\"\n\t\t\t\t\t\t\t><img loading=\"lazy\" decoding=\"async\" src=\"\/\/orchard-house.ca\/wp-content\/plugins\/revslider\/public\/assets\/assets\/dummy.png\" class=\"tp-rs-img rs-lazyload\" width=\"38\" height=\"21\" data-lazyload=\"\/\/orchard-house.ca\/wp-content\/uploads\/2017\/08\/ORH_White-Arrow_Down.png\" data-no-retina> \n\t\t\t\t\t\t\t<\/rs-layer><!--\n-->\t\t\t\t\t\t<\/rs-slide>\n\t\t\t\t\t\t<rs-slide style=\"position: absolute;\" data-key=\"rs-111\" data-title=\"Slide\" data-thumb=\"\/\/orchard-house.ca\/wp-content\/uploads\/2017\/08\/Apply_Slider-4_OHNDG_20160316_102-100x50.jpg\" data-anim=\"ms:600;\" data-in=\"o:0;\" data-out=\"a:false;\">\n\t\t\t\t\t\t\t<img decoding=\"async\" src=\"\/\/orchard-house.ca\/wp-content\/plugins\/revslider\/public\/assets\/assets\/dummy.png\" title=\"S&rsquo;inscrire\" class=\"rev-slidebg tp-rs-img rs-lazyload\" data-lazyload=\"\/\/orchard-house.ca\/wp-content\/uploads\/2017\/08\/Apply_Slider-4_OHNDG_20160316_102.jpg\" data-bg=\"p:50% 75%;\" data-no-retina>\n<!--\n\t\t\t\t\t\t\t--><rs-layer\n\t\t\t\t\t\t\t\tid=\"slider-44-slide-111-layer-5\" \n\t\t\t\t\t\t\t\tdata-type=\"text\"\n\t\t\t\t\t\t\t\tdata-color=\"rgba(255,255,255,1)\"\n\t\t\t\t\t\t\t\tdata-xy=\"x:c;y:b;yo:88px;\"\n\t\t\t\t\t\t\t\tdata-text=\"s:36;l:36;a:inherit;\"\n\t\t\t\t\t\t\t\tdata-basealign=\"slide\"\n\t\t\t\t\t\t\t\tdata-rsp_bd=\"off\"\n\t\t\t\t\t\t\t\tdata-frame_0=\"tp:600;\"\n\t\t\t\t\t\t\t\tdata-frame_1=\"tp:600;st:0;\"\n\t\t\t\t\t\t\t\tdata-frame_999=\"o:0;tp:600;st:w;sR:3700;\"\n\t\t\t\t\t\t\t\tstyle=\"z-index:5;font-family:'Arvo';\"\n\t\t\t\t\t\t\t>Application par \u00e9tapes \n\t\t\t\t\t\t\t<\/rs-layer><!--\n\n\t\t\t\t\t\t\t--><rs-layer\n\t\t\t\t\t\t\t\tid=\"slider-44-slide-111-layer-9\" \n\t\t\t\t\t\t\t\tdata-type=\"image\"\n\t\t\t\t\t\t\t\tdata-rsp_ch=\"on\"\n\t\t\t\t\t\t\t\tdata-xy=\"x:c;y:b;yo:139px;\"\n\t\t\t\t\t\t\t\tdata-text=\"l:22;a:inherit;\"\n\t\t\t\t\t\t\t\tdata-dim=\"w:60px;h:79px;\"\n\t\t\t\t\t\t\t\tdata-basealign=\"slide\"\n\t\t\t\t\t\t\t\tdata-frame_0=\"tp:600;\"\n\t\t\t\t\t\t\t\tdata-frame_1=\"tp:600;st:0;\"\n\t\t\t\t\t\t\t\tdata-frame_999=\"o:0;tp:600;st:w;sR:3700;\"\n\t\t\t\t\t\t\t\tstyle=\"z-index:6;\"\n\t\t\t\t\t\t\t><img loading=\"lazy\" decoding=\"async\" src=\"\/\/orchard-house.ca\/wp-content\/plugins\/revslider\/public\/assets\/assets\/dummy.png\" class=\"tp-rs-img rs-lazyload\" width=\"60\" height=\"79\" data-lazyload=\"\/\/orchard-house.ca\/wp-content\/uploads\/2017\/06\/blazon-2.png\" data-no-retina> \n\t\t\t\t\t\t\t<\/rs-layer><!--\n\n\t\t\t\t\t\t\t--><rs-layer\n\t\t\t\t\t\t\t\tid=\"slider-44-slide-111-layer-11\" \n\t\t\t\t\t\t\t\tdata-type=\"image\"\n\t\t\t\t\t\t\t\tdata-rsp_ch=\"on\"\n\t\t\t\t\t\t\t\tdata-xy=\"x:c;y:b;yo:35px;\"\n\t\t\t\t\t\t\t\tdata-text=\"l:22;a:inherit;\"\n\t\t\t\t\t\t\t\tdata-dim=\"w:38px;h:21px;\"\n\t\t\t\t\t\t\t\tdata-basealign=\"slide\"\n\t\t\t\t\t\t\t\tdata-frame_0=\"tp:600;\"\n\t\t\t\t\t\t\t\tdata-frame_1=\"tp:600;st:0;\"\n\t\t\t\t\t\t\t\tdata-frame_999=\"o:0;tp:600;st:w;sR:3700;\"\n\t\t\t\t\t\t\t\tstyle=\"z-index:7;\"\n\t\t\t\t\t\t\t><img loading=\"lazy\" decoding=\"async\" src=\"\/\/orchard-house.ca\/wp-content\/plugins\/revslider\/public\/assets\/assets\/dummy.png\" class=\"tp-rs-img rs-lazyload\" width=\"38\" height=\"21\" data-lazyload=\"\/\/orchard-house.ca\/wp-content\/uploads\/2017\/08\/ORH_White-Arrow_Down.png\" data-no-retina> \n\t\t\t\t\t\t\t<\/rs-layer><!--\n-->\t\t\t\t\t\t<\/rs-slide>\n\t\t\t\t\t\t<rs-slide style=\"position: absolute;\" data-key=\"rs-112\" data-title=\"Slide\" data-thumb=\"\/\/orchard-house.ca\/wp-content\/uploads\/2017\/08\/Apply_Slider-5_OHWI_159-100x50.jpg\" data-anim=\"ms:600;\" data-in=\"o:0;\" data-out=\"a:false;\">\n\t\t\t\t\t\t\t<img decoding=\"async\" src=\"\/\/orchard-house.ca\/wp-content\/plugins\/revslider\/public\/assets\/assets\/dummy.png\" title=\"S&rsquo;inscrire\" class=\"rev-slidebg tp-rs-img rs-lazyload\" data-lazyload=\"\/\/orchard-house.ca\/wp-content\/uploads\/2017\/08\/Apply_Slider-5_OHWI_159.jpg\" data-bg=\"p:50% 75%;\" data-no-retina>\n<!--\n\t\t\t\t\t\t\t--><rs-layer\n\t\t\t\t\t\t\t\tid=\"slider-44-slide-112-layer-5\" \n\t\t\t\t\t\t\t\tdata-type=\"text\"\n\t\t\t\t\t\t\t\tdata-color=\"rgba(255,255,255,1)\"\n\t\t\t\t\t\t\t\tdata-xy=\"x:c;y:b;yo:88px;\"\n\t\t\t\t\t\t\t\tdata-text=\"s:36;l:36;a:inherit;\"\n\t\t\t\t\t\t\t\tdata-basealign=\"slide\"\n\t\t\t\t\t\t\t\tdata-rsp_bd=\"off\"\n\t\t\t\t\t\t\t\tdata-frame_0=\"tp:600;\"\n\t\t\t\t\t\t\t\tdata-frame_1=\"tp:600;st:0;\"\n\t\t\t\t\t\t\t\tdata-frame_999=\"o:0;tp:600;st:w;sR:3700;\"\n\t\t\t\t\t\t\t\tstyle=\"z-index:5;font-family:'Arvo';\"\n\t\t\t\t\t\t\t>Application par \u00e9tapes \n\t\t\t\t\t\t\t<\/rs-layer><!--\n\n\t\t\t\t\t\t\t--><rs-layer\n\t\t\t\t\t\t\t\tid=\"slider-44-slide-112-layer-9\" \n\t\t\t\t\t\t\t\tdata-type=\"image\"\n\t\t\t\t\t\t\t\tdata-rsp_ch=\"on\"\n\t\t\t\t\t\t\t\tdata-xy=\"x:c;y:b;yo:139px;\"\n\t\t\t\t\t\t\t\tdata-text=\"l:22;a:inherit;\"\n\t\t\t\t\t\t\t\tdata-dim=\"w:60px;h:79px;\"\n\t\t\t\t\t\t\t\tdata-basealign=\"slide\"\n\t\t\t\t\t\t\t\tdata-frame_0=\"tp:600;\"\n\t\t\t\t\t\t\t\tdata-frame_1=\"tp:600;st:0;\"\n\t\t\t\t\t\t\t\tdata-frame_999=\"o:0;tp:600;st:w;sR:3700;\"\n\t\t\t\t\t\t\t\tstyle=\"z-index:6;\"\n\t\t\t\t\t\t\t><img loading=\"lazy\" decoding=\"async\" src=\"\/\/orchard-house.ca\/wp-content\/plugins\/revslider\/public\/assets\/assets\/dummy.png\" class=\"tp-rs-img rs-lazyload\" width=\"60\" height=\"79\" data-lazyload=\"\/\/orchard-house.ca\/wp-content\/uploads\/2017\/06\/blazon-2.png\" data-no-retina> \n\t\t\t\t\t\t\t<\/rs-layer><!--\n\n\t\t\t\t\t\t\t--><rs-layer\n\t\t\t\t\t\t\t\tid=\"slider-44-slide-112-layer-11\" \n\t\t\t\t\t\t\t\tdata-type=\"image\"\n\t\t\t\t\t\t\t\tdata-rsp_ch=\"on\"\n\t\t\t\t\t\t\t\tdata-xy=\"x:c;y:b;yo:35px;\"\n\t\t\t\t\t\t\t\tdata-text=\"l:22;a:inherit;\"\n\t\t\t\t\t\t\t\tdata-dim=\"w:38px;h:21px;\"\n\t\t\t\t\t\t\t\tdata-basealign=\"slide\"\n\t\t\t\t\t\t\t\tdata-frame_0=\"tp:600;\"\n\t\t\t\t\t\t\t\tdata-frame_1=\"tp:600;st:0;\"\n\t\t\t\t\t\t\t\tdata-frame_999=\"o:0;tp:600;st:w;sR:3700;\"\n\t\t\t\t\t\t\t\tstyle=\"z-index:7;\"\n\t\t\t\t\t\t\t><img loading=\"lazy\" decoding=\"async\" src=\"\/\/orchard-house.ca\/wp-content\/plugins\/revslider\/public\/assets\/assets\/dummy.png\" class=\"tp-rs-img rs-lazyload\" width=\"38\" height=\"21\" data-lazyload=\"\/\/orchard-house.ca\/wp-content\/uploads\/2017\/08\/ORH_White-Arrow_Down.png\" data-no-retina> \n\t\t\t\t\t\t\t<\/rs-layer><!--\n-->\t\t\t\t\t\t<\/rs-slide>\n\t\t\t\t\t<\/rs-slides>\n\t\t\t\t<\/rs-module>\n\t\t\t\t<script type=\"text\/javascript\">\n\t\t\t\t\tsetREVStartSize({c: 'rev_slider_44_1',rl:[1240,1024,778,480],el:[],gw:[1900],gh:[1000],type:'standard',justify:'',layout:'fullscreen',offsetContainer:'',offset:'',mh:\"0\"});if (window.RS_MODULES!==undefined && window.RS_MODULES.modules!==undefined && window.RS_MODULES.modules[\"revslider441\"]!==undefined) {window.RS_MODULES.modules[\"revslider441\"].once = false;window.revapi44 = undefined;if (window.RS_MODULES.checkMinimal!==undefined) window.RS_MODULES.checkMinimal()}\n\t\t\t\t<\/script>\n\t\t\t<\/rs-module-wrap>\n\t\t\t<!-- END REVOLUTION SLIDER -->\n[\/vc_column][\/vc_row][vc_row css_animation=\u00a0\u00bb\u00a0\u00bb row_type=\u00a0\u00bbrow\u00a0\u00bb use_row_as_full_screen_section=\u00a0\u00bbno\u00a0\u00bb type=\u00a0\u00bbfull_width\u00a0\u00bb angled_section=\u00a0\u00bbno\u00a0\u00bb text_align=\u00a0\u00bbleft\u00a0\u00bb background_image_as_pattern=\u00a0\u00bbwithout_pattern\u00a0\u00bb][vc_column][vc_column_text]<\/p>\n<h2 style=\"text-align: center;\">ADMISSION<\/h2>\n<p>[\/vc_column_text][vc_empty_space height=\u00a0\u00bb40px\u00a0\u00bb][\/vc_column][\/vc_row][vc_row css_animation=\u00a0\u00bb\u00a0\u00bb row_type=\u00a0\u00bbrow\u00a0\u00bb use_row_as_full_screen_section=\u00a0\u00bbno\u00a0\u00bb type=\u00a0\u00bbgrid\u00a0\u00bb angled_section=\u00a0\u00bbno\u00a0\u00bb text_align=\u00a0\u00bbleft\u00a0\u00bb background_image_as_pattern=\u00a0\u00bbwithout_pattern\u00a0\u00bb][vc_column offset=\u00a0\u00bbvc_col-lg-8 vc_col-md-8 vc_col-xs-12&Prime;][vc_column_text]<\/p>\n<h3>1. Visite<\/h3>\n<p>Les parents sont invit\u00e9s \u00e0 rencontrer la directrice, \u00e0 visiter les classes et \u00e0 poser leurs questions concernant les principes d\u2019enseignement Montessori qui forment la base de la philosophie d\u2019Orchard House. Pour une visite, veuillez communiquer avec nous.<\/p>\n<p><a href=\"mailto:admin@orchard-house.ca\">Pour Orchard House<\/a><\/p>\n<h3>2.\u00a0Demande d&rsquo;admission<\/h3>\n<p>Avant qu\u2019un enfant puisse \u00eatre admis et que son nom soit ajout\u00e9 sur la liste d\u2019attente d\u2019Orchard House, les parents doivent soumettre un formulaire d\u2019admission d\u00fbment rempli.<\/p>\n<h3>3.\u00a0Rencontre avec l&rsquo;enfant<\/h3>\n<p>Avoir l\u2019occasion\u00a0de rencontrer votre enfant est une partie importante de notre processus d\u2019admission. Cela permettra \u00e0 votre enfant de se familiariser avec notre centre et nous assurera que nous sommes en mesure de r\u00e9pondre \u00e0 ses besoins d\u00e9veloppementaux. Ultimement, cela permettra aux deux parties concern\u00e9es de s\u2019assurer que notre centre convient bien \u00e0 votre enfant.<\/p>\n<h3>4. Admission \u00e0 Orchard House<\/h3>\n<p>Nous sugg\u00e9rons d\u2019inscrire votre enfant au moins douze \u00e0 dix-huit mois avant son entr\u00e9e pr\u00e9vue \u00e0 notre centre. La priorit\u00e9 est accord\u00e9e aux enfants d\u00e9j\u00e0 inscrits et \u00e0 leurs fr\u00e8res\/s\u0153urs. L\u2019admission de nouveaux enfants d\u00e9pend ensuite des places disponibles ainsi que de la d\u00e9cision de la directrice de pouvoir r\u00e9pondre aux besoins de votre enfant.<\/p>\n<h3>5.\u00a0Communication de la d\u00e9cision<\/h3>\n<p>Les nouvelles familles seront inform\u00e9es de l\u2019\u00e9tat de leur demande d\u2019admission par la direction. Lorsqu\u2019une place est offerte, les parents doivent retourner le contrat d\u2019inscription dans les deux semaines suivant la date de r\u00e9ception de l\u2019avis afin de ne pas perdre leur place.<\/p>\n<h3>6. \u00c2ge<\/h3>\n<ul style=\"padding-top: 25px;\">\n<li><strong>Pouponni\u00e8re:<\/strong> d\u00e8s six mois<\/li>\n<li><strong>Programme des dix-huit mois :<\/strong> les enfants doivent \u00eatre \u00e2g\u00e9s d\u2019au moins dix-huit mois<\/li>\n<li><strong>Programme des deux ans :<\/strong> les enfants doivent \u00eatre \u00e2g\u00e9s de deux ans au 30 septembre<\/li>\n<li><strong>Programme des trois ans :<\/strong> les enfants doivent \u00eatre \u00e2g\u00e9s de trois ans au 30 septembre<\/li>\n<li><strong>Programme de pr\u00e9maternelle quatre ans :<\/strong> les enfants doivent \u00eatre \u00e2g\u00e9s de quatre ans au 30 septembre<\/li>\n<\/ul>\n<p>[\/vc_column_text][\/vc_column][vc_column offset=\u00a0\u00bbvc_col-lg-4 vc_col-md-4 vc_col-xs-12&Prime;][vc_widget_sidebar sidebar_id=\u00a0\u00bbApply\u00a0\u00bb][\/vc_column][\/vc_row][vc_row css_animation=\u00a0\u00bb\u00a0\u00bb row_type=\u00a0\u00bbrow\u00a0\u00bb use_row_as_full_screen_section=\u00a0\u00bbno\u00a0\u00bb type=\u00a0\u00bbgrid\u00a0\u00bb angled_section=\u00a0\u00bbno\u00a0\u00bb text_align=\u00a0\u00bbleft\u00a0\u00bb background_image_as_pattern=\u00a0\u00bbwithout_pattern\u00a0\u00bb css=\u00a0\u00bb.vc_custom_1499016827879{padding-bottom: 30px !important;}\u00a0\u00bb][vc_column][vc_empty_space height=\u00a0\u00bb30px\u00a0\u00bb][vc_column_text]<\/p>\n<h2 style=\"text-align: center;\">Frais de scolarit\u00e9<\/h2>\n<p>[\/vc_column_text][\/vc_column][\/vc_row][vc_row css_animation=\u00a0\u00bb\u00a0\u00bb row_type=\u00a0\u00bbrow\u00a0\u00bb use_row_as_full_screen_section=\u00a0\u00bbno\u00a0\u00bb type=\u00a0\u00bbgrid\u00a0\u00bb angled_section=\u00a0\u00bbno\u00a0\u00bb text_align=\u00a0\u00bbleft\u00a0\u00bb background_image_as_pattern=\u00a0\u00bbwithout_pattern\u00a0\u00bb css=\u00a0\u00bb.vc_custom_1496155854771{padding-bottom: 60px !important;}\u00a0\u00bb][vc_column width=\u00a0\u00bb1\/2&Prime;][vc_column_text]Le programme d\u2019Orchard House peut \u00eatre personnalis\u00e9 pour r\u00e9pondre \u00e0 vos besoins. Les frais de scolarit\u00e9 d\u00e9pendent donc du programme individuel choisi et varient d\u2019un enfant \u00e0 l\u2019autre.<\/p>\n<p>Les collations et le d\u00eener (pr\u00e9par\u00e9s avec des ingr\u00e9dients locaux, frais et biologiques) ainsi que les activit\u00e9s sp\u00e9cialis\u00e9es int\u00e9gr\u00e9es au programme de base du matin (le\u00e7ons de musique, sp\u00e9cialiste en fran\u00e7ais, etc.) sont inclus dans les frais de scolarit\u00e9.[\/vc_column_text][\/vc_column][vc_column width=\u00a0\u00bb1\/2&Prime;][vc_column_text]Orchard House est une garderie priv\u00e9e et ne re\u00e7oit aucune subvention du gouvernement, ce qui vous permet de b\u00e9n\u00e9ficier pleinement des cr\u00e9dits d\u2019imp\u00f4t f\u00e9d\u00e9raux et provinciaux.\u00a0Revenu Qu\u00e9bec offre \u00e9galement la possibilit\u00e9 de recevoir des remboursements mensuels anticip\u00e9s. Veuillez visiter les sites Internet suivants pour obtenir plus d\u2019information\u00a0:<\/p>\n<p><a href=\"https:\/\/www.revenuquebec.ca\/fr\/citoyens\/credits-dimpot\/credit-dimpot-pour-frais-de-garde-denfants\/demande\/\">https:\/\/www.revenuquebec.ca\/fr\/citoyens\/credits-dimpot\/credit-dimpot-pour-frais-de-garde-denfants\/demande\/<\/a><\/p>\n<p><a href=\"https:\/\/www.revenuquebec.ca\/fr\/citoyens\/credits-dimpot\/credit-dimpot-pour-frais-de-garde-denfants\/versements-anticipes\/bareme-des-taux-du-credit-dimpot-pour-frais-de-garde-denfants-2021\/\">https:\/\/www.revenuquebec.ca\/fr\/citoyens\/credits-dimpot\/credit-dimpot-pour-frais-de-garde-denfants\/versements-anticipes\/bareme-des-taux-du-credit-dimpot-pour-frais-de-garde-denfants-2021\/<\/a>[\/vc_column_text][\/vc_column][\/vc_row][vc_row css_animation=\u00a0\u00bb\u00a0\u00bb row_type=\u00a0\u00bbrow\u00a0\u00bb use_row_as_full_screen_section=\u00a0\u00bbno\u00a0\u00bb type=\u00a0\u00bbgrid\u00a0\u00bb angled_section=\u00a0\u00bbno\u00a0\u00bb text_align=\u00a0\u00bbcenter\u00a0\u00bb background_image_as_pattern=\u00a0\u00bbwithout_pattern\u00a0\u00bb][vc_column]<a  itemprop=\"url\" href=\"https:\/\/orchard-house.ca\/wp-content\/uploads\/2025\/02\/OH_Waiting-List-Application_V5_FR.pdf\" target=\"_blank\" data-hover-background-color='#c1d72e' data-hover-border-color='#c1d72e' data-hover-color='#505050' class=\"qbutton  large center default\" style=\"color: #ffffff; border-color: #c1d72e; background-color: #c1d72e;\">Formulaire liste d'attente<\/a>[vc_empty_space height=\u00a0\u00bb60px\u00a0\u00bb][\/vc_column][\/vc_row]<\/p>\n<\/div>","protected":false},"excerpt":{"rendered":"<p>[vc_row css_animation=\u00a0\u00bb\u00a0\u00bb row_type=\u00a0\u00bbrow\u00a0\u00bb use_row_as_full_screen_section=\u00a0\u00bbno\u00a0\u00bb type=\u00a0\u00bbfull_width\u00a0\u00bb angled_section=\u00a0\u00bbno\u00a0\u00bb text_align=\u00a0\u00bbleft\u00a0\u00bb background_image_as_pattern=\u00a0\u00bbwithout_pattern\u00a0\u00bb][vc_column css=\u00a0\u00bb.vc_custom_1494607923086{margin-bottom: 85px !important;}\u00a0\u00bb offset=\u00a0\u00bbvc_hidden-sm vc_hidden-xs\u00a0\u00bb][\/vc_column][\/vc_row][vc_row css_animation=\u00a0\u00bb\u00a0\u00bb row_type=\u00a0\u00bbrow\u00a0\u00bb use_row_as_full_screen_section=\u00a0\u00bbno\u00a0\u00bb type=\u00a0\u00bbfull_width\u00a0\u00bb angled_section=\u00a0\u00bbno\u00a0\u00bb text_align=\u00a0\u00bbleft\u00a0\u00bb background_image_as_pattern=\u00a0\u00bbwithout_pattern\u00a0\u00bb][vc_column][vc_column_text] ADMISSION [\/vc_column_text][vc_empty_space height=\u00a0\u00bb40px\u00a0\u00bb][\/vc_column][\/vc_row][vc_row&#8230;<\/p>\n","protected":false},"author":1,"featured_media":0,"parent":0,"menu_order":0,"comment_status":"closed","ping_status":"closed","template":"full_width.php","meta":{"footnotes":""},"class_list":["post-2457","page","type-page","status-publish","hentry"],"_links":{"self":[{"href":"https:\/\/orchard-house.ca\/fr\/wp-json\/wp\/v2\/pages\/2457","targetHints":{"allow":["GET"]}}],"collection":[{"href":"https:\/\/orchard-house.ca\/fr\/wp-json\/wp\/v2\/pages"}],"about":[{"href":"https:\/\/orchard-house.ca\/fr\/wp-json\/wp\/v2\/types\/page"}],"author":[{"embeddable":true,"href":"https:\/\/orchard-house.ca\/fr\/wp-json\/wp\/v2\/users\/1"}],"replies":[{"embeddable":true,"href":"https:\/\/orchard-house.ca\/fr\/wp-json\/wp\/v2\/comments?post=2457"}],"version-history":[{"count":7,"href":"https:\/\/orchard-house.ca\/fr\/wp-json\/wp\/v2\/pages\/2457\/revisions"}],"predecessor-version":[{"id":3762,"href":"https:\/\/orchard-house.ca\/fr\/wp-json\/wp\/v2\/pages\/2457\/revisions\/3762"}],"wp:attachment":[{"href":"https:\/\/orchard-house.ca\/fr\/wp-json\/wp\/v2\/media?parent=2457"}],"curies":[{"name":"wp","href":"https:\/\/api.w.org\/{rel}","templated":true}]}}